{"id":27605,"date":"2021-09-10T08:26:05","date_gmt":"2021-09-10T13:26:05","guid":{"rendered":"https:\/\/rochesterapps.com\/rochestereduco\/?page_id=27605"},"modified":"2021-09-13T09:53:08","modified_gmt":"2021-09-13T14:53:08","slug":"admisiones-2021","status":"publish","type":"page","link":"https:\/\/rochesterapps.com\/rochestereduco\/admisiones-2021\/","title":{"rendered":"Admisiones-2021"},"content":{"rendered":"<p>[vc_row full_width=&#8221;stretch_row&#8221; content_placement=&#8221;middle&#8221; video_bg=&#8221;yes&#8221; video_bg_url=&#8221;https:\/\/www.youtube.com\/watch?v=RxkywmeGE0E&#038;ab_channel=ColegioRochester&#8221;][vc_column]<div id=\"1631284266931-330c0829-9825\" class=\"dt-sc-empty-space\"><\/div>[\/vc_column][\/vc_row][vc_row][vc_column][vc_gallery interval=&#8221;3&#8243; source=&#8221;external_link&#8221; custom_srcs=&#8221;#E-8_aHR0cHMlM0ElMkYlMkZpay5pbWFnZWtpdC5pbyUyRnJvY2hlc3RlcjU5YnVja2V0JTJGUm9jaGVzdGVyX1NjaG9vbCUyRlJvY2hlc3Rlcl9XZWIlMkZCbG9ncyUyRl9NR182MTYyX0RmdEdHOWhoai5qcGclM0Z1cGRhdGVkQXQlM0QxNjI5NDY3MzMxODk4JTJDaHR0cHMlM0ElMkYlMkZpay5pbWFnZWtpdC5pbyUyRnJvY2hlc3RlcjU5YnVja2V0JTJGUm9jaGVzdGVyX1NjaG9vbCUyRlJvY2hlc3Rlcl9XZWIlMkZCbG9ncyUyRl9NR182MTYyX0RmdEdHOWhoai5qcGclM0Z1cGRhdGVkQXQlM0QxNjI5NDY3MzMxODk4&#8243;][\/vc_column][\/vc_row][vc_row full_width=&#8221;stretch_row_content&#8221; bg_type=&#8221;image&#8221; parallax_style=&#8221;vcpb-animated&#8221; bg_image_new=&#8221;id^21998|url^https:\/\/rochesterapps.com\/rochestereduco\/wp-content\/uploads\/2020\/04\/azul_montaje.jpg|caption^null|alt^azul_montaje|title^azul_montaje|description^azul_montaje&#8221;][vc_column width=&#8221;2\/3&#8243;]<div id=\"1631542501092-851642c7-3546\" class=\"dt-sc-empty-space\"><\/div>[vc_single_image source=&#8221;external_link&#8221; custom_src=&#8221;https:\/\/ik.imagekit.io\/rochester59bucket\/Rochester_School\/Rochester_Web\/PreJardin\/FINAL-PASOS-ADMISIONES-01-1_K7O0AMA08P.jpeg?updatedAt=1627577703927&#8243;][\/vc_column][vc_column width=&#8221;1\/3&#8243;]<div id=\"1631542168667-5310cfe5-6a79\" class=\"dt-sc-empty-space\"><\/div>[vc_custom_heading text=&#8221;Tarifa Solicitud de Admisi\u00f3n 2022-2023&#8243; font_container=&#8221;tag:h2|font_size:26|text_align:left|color:%23ffffff&#8221; google_fonts=&#8221;font_family:Roboto%3A100%2C100italic%2C300%2C300italic%2Cregular%2Citalic%2C500%2C500italic%2C700%2C700italic%2C900%2C900italic|font_style:500%20bold%20regular%3A500%3Anormal&#8221;]<div id=\"1631540847146-4d5762e6-cd77\" class=\"dt-sc-empty-space\"><\/div>[vc_custom_heading text=&#8221;$230.000<br \/>\nPor cada aspirante de Prejard\u00edn a Unc\u00e9cimo Grado&#8221; font_container=&#8221;tag:h2|font_size:20|text_align:left|color:%23ffffff&#8221; google_fonts=&#8221;font_family:Roboto%3A100%2C100italic%2C300%2C300italic%2Cregular%2Citalic%2C500%2C500italic%2C700%2C700italic%2C900%2C900italic|font_style:400%20regular%3A400%3Anormal&#8221;]<div id=\"1631540875469-faae19cd-c9c6\" class=\"dt-sc-empty-space\"><\/div><div class=\" ubtn-ctn-center \"><a class=\"ubtn-link ult-adjust-bottom-margin ubtn-center ubtn-normal \" href=\"http:\/\/rochesterapps.com\/rochestereduco\/tarifas-group-1\/\" ><button type=\"button\" id=\"ubtn-6960\"  class=\"ubtn ult-adjust-bottom-margin ult-responsive ubtn-normal ubtn-no-hover-bg  none  ubtn-center   tooltip-69d1293ed5669\"  data-hover=\"\" data-border-color=\"\" data-bg=\"#ffffff\" data-hover-bg=\"\" data-border-hover=\"\" data-shadow-hover=\"\" data-shadow-click=\"none\" data-shadow=\"\" data-shd-shadow=\"\"  data-ultimate-target='#ubtn-6960'  data-responsive-json-new='{\"font-size\":\"\",\"line-height\":\"\"}'  style=\"font-weight:normal;border:none;background: #ffffff;color: #212c5d;\"><span class=\"ubtn-hover\" style=\"background-color:\"><\/span><span class=\"ubtn-data ubtn-text \" >Ver Tarifas<\/span><\/button><\/a><\/div>[\/vc_column][\/vc_row][vc_row full_width=&#8221;stretch_row_content_no_spaces&#8221; bg_type=&#8221;image&#8221; parallax_style=&#8221;vcpb-mlvp-jquery&#8221; layer_image=&#8221;27681&#8243;][vc_column]<div id=\"1631543868168-019d78b7-22b7\" class=\"dt-sc-empty-space\"><\/div>[\/vc_column][\/vc_row]<\/p>\n","protected":false},"excerpt":{"rendered":"<p>[vc_row full_width=&#8221;stretch_row&#8221; content_placement=&#8221;middle&#8221; video_bg=&#8221;yes&#8221; video_bg_url=&#8221;https:\/\/www.youtube.com\/watch?v=RxkywmeGE0E&#038;ab_channel=ColegioRochester&#8221;][vc_column][\/vc_column][\/vc_row][vc_row][vc_column][vc_gallery interval=&#8221;3&#8243; source=&#8221;external_link&#8221; custom_srcs=&#8221;#E-8_aHR0cHMlM0ElMkYlMkZpay5pbWFnZWtpdC5pbyUyRnJvY2hlc3RlcjU5YnVja2V0JTJGUm9jaGVzdGVyX1NjaG9vbCUyRlJvY2hlc3Rlcl9XZWIlMkZCbG9ncyUyRl9NR182MTYyX0RmdEdHOWhoai5qcGclM0Z1cGRhdGVkQXQlM0QxNjI5NDY3MzMxODk4JTJDaHR0cHMlM0ElMkYlMkZpay5pbWFnZWtpdC5pbyUyRnJvY2hlc3RlcjU5YnVja2V0JTJGUm9jaGVzdGVyX1NjaG9vbCUyRlJvY2hlc3Rlcl9XZWIlMkZCbG9ncyUyRl9NR182MTYyX0RmdEdHOWhoai5qcGclM0Z1cGRhdGVkQXQlM0QxNjI5NDY3MzMxODk4&#8243;][\/vc_column][\/vc_row][vc_row full_width=&#8221;stretch_row_content&#8221; bg_type=&#8221;image&#8221; parallax_style=&#8221;vcpb-animated&#8221; bg_image_new=&#8221;id^21998|url^https:\/\/rochesterapps.com\/rochestereduco\/wp-content\/uploads\/2020\/04\/azul_montaje.jpg|caption^null|alt^azul_montaje|title^azul_montaje|description^azul_montaje&#8221;][vc_column width=&#8221;2\/3&#8243;][vc_single_image source=&#8221;external_link&#8221; custom_src=&#8221;https:\/\/ik.imagekit.io\/rochester59bucket\/Rochester_School\/Rochester_Web\/PreJardin\/FINAL-PASOS-ADMISIONES-01-1_K7O0AMA08P.jpeg?updatedAt=1627577703927&#8243;][\/vc_column][vc_column width=&#8221;1\/3&#8243;][vc_custom_heading text=&#8221;Tarifa Solicitud de Admisi\u00f3n 2022-2023&#8243; font_container=&#8221;tag:h2|font_size:26|text_align:left|color:%23ffffff&#8221; google_fonts=&#8221;font_family:Roboto%3A100%2C100italic%2C300%2C300italic%2Cregular%2Citalic%2C500%2C500italic%2C700%2C700italic%2C900%2C900italic|font_style:500%20bold%20regular%3A500%3Anormal&#8221;][vc_custom_heading text=&#8221;$230.000 Por cada aspirante de Prejard\u00edn a Unc\u00e9cimo Grado&#8221; font_container=&#8221;tag:h2|font_size:20|text_align:left|color:%23ffffff&#8221; google_fonts=&#8221;font_family:Roboto%3A100%2C100italic%2C300%2C300italic%2Cregular%2Citalic%2C500%2C500italic%2C700%2C700italic%2C900%2C900italic|font_style:400%20regular%3A400%3Anormal&#8221;][\/vc_column][\/vc_row][vc_row full_width=&#8221;stretch_row_content_no_spaces&#8221; bg_type=&#8221;image&#8221; parallax_style=&#8221;vcpb-mlvp-jquery&#8221; layer_image=&#8221;27681&#8243;][vc_column][\/vc_column][\/vc_row]<\/p>\n","protected":false},"author":4,"featured_media":0,"parent":0,"menu_order":0,"comment_status":"closed","ping_status":"closed","template":"","meta":[],"yoast_head":"<!-- This site is optimized with the Yoast SEO plugin v14.9 - https:\/\/yoast.com\/wordpress\/plugins\/seo\/ -->\n<title>Admisiones-2021 - Colegio Biling\u00fce Rochester | Calendario B Bogot\u00e1 - Ch\u00eda mixto<\/title>\n<meta name=\"robots\" content=\"noindex, follow, max-snippet:-1, max-image-preview:large, max-video-preview:-1\" \/>\n<meta property=\"og:locale\" content=\"es_ES\" \/>\n<meta property=\"og:type\" content=\"article\" \/>\n<meta property=\"og:title\" content=\"Admisiones-2021 - Colegio Biling\u00fce Rochester | Calendario B Bogot\u00e1 - Ch\u00eda mixto\" \/>\n<meta property=\"og:description\" content=\"[vc_row full_width=&#8221;stretch_row&#8221; content_placement=&#8221;middle&#8221; video_bg=&#8221;yes&#8221; video_bg_url=&#8221;https:\/\/www.youtube.com\/watch?v=RxkywmeGE0E&#038;ab_channel=ColegioRochester&#8221;][vc_column][\/vc_column][\/vc_row][vc_row][vc_column][vc_gallery interval=&#8221;3&#8243; source=&#8221;external_link&#8221; custom_srcs=&#8221;#E-8_aHR0cHMlM0ElMkYlMkZpay5pbWFnZWtpdC5pbyUyRnJvY2hlc3RlcjU5YnVja2V0JTJGUm9jaGVzdGVyX1NjaG9vbCUyRlJvY2hlc3Rlcl9XZWIlMkZCbG9ncyUyRl9NR182MTYyX0RmdEdHOWhoai5qcGclM0Z1cGRhdGVkQXQlM0QxNjI5NDY3MzMxODk4JTJDaHR0cHMlM0ElMkYlMkZpay5pbWFnZWtpdC5pbyUyRnJvY2hlc3RlcjU5YnVja2V0JTJGUm9jaGVzdGVyX1NjaG9vbCUyRlJvY2hlc3Rlcl9XZWIlMkZCbG9ncyUyRl9NR182MTYyX0RmdEdHOWhoai5qcGclM0Z1cGRhdGVkQXQlM0QxNjI5NDY3MzMxODk4&#8243;][\/vc_column][\/vc_row][vc_row full_width=&#8221;stretch_row_content&#8221; bg_type=&#8221;image&#8221; parallax_style=&#8221;vcpb-animated&#8221; bg_image_new=&#8221;id^21998|url^https:\/\/rochesterapps.com\/rochestereduco\/wp-content\/uploads\/2020\/04\/azul_montaje.jpg|caption^null|alt^azul_montaje|title^azul_montaje|description^azul_montaje&#8221;][vc_column width=&#8221;2\/3&#8243;][vc_single_image source=&#8221;external_link&#8221; custom_src=&#8221;https:\/\/ik.imagekit.io\/rochester59bucket\/Rochester_School\/Rochester_Web\/PreJardin\/FINAL-PASOS-ADMISIONES-01-1_K7O0AMA08P.jpeg?updatedAt=1627577703927&#8243;][\/vc_column][vc_column width=&#8221;1\/3&#8243;][vc_custom_heading text=&#8221;Tarifa Solicitud de Admisi\u00f3n 2022-2023&#8243; font_container=&#8221;tag:h2|font_size:26|text_align:left|color:%23ffffff&#8221; google_fonts=&#8221;font_family:Roboto%3A100%2C100italic%2C300%2C300italic%2Cregular%2Citalic%2C500%2C500italic%2C700%2C700italic%2C900%2C900italic|font_style:500%20bold%20regular%3A500%3Anormal&#8221;][vc_custom_heading text=&#8221;$230.000 Por cada aspirante de Prejard\u00edn a Unc\u00e9cimo Grado&#8221; font_container=&#8221;tag:h2|font_size:20|text_align:left|color:%23ffffff&#8221; google_fonts=&#8221;font_family:Roboto%3A100%2C100italic%2C300%2C300italic%2Cregular%2Citalic%2C500%2C500italic%2C700%2C700italic%2C900%2C900italic|font_style:400%20regular%3A400%3Anormal&#8221;][\/vc_column][\/vc_row][vc_row full_width=&#8221;stretch_row_content_no_spaces&#8221; bg_type=&#8221;image&#8221; parallax_style=&#8221;vcpb-mlvp-jquery&#8221; layer_image=&#8221;27681&#8243;][vc_column][\/vc_column][\/vc_row]\" \/>\n<meta property=\"og:url\" content=\"https:\/\/rochesterapps.com\/rochestereduco\/admisiones-2021\/\" \/>\n<meta property=\"og:site_name\" content=\"Colegio Biling\u00fce Rochester | Calendario B Bogot\u00e1 - Ch\u00eda mixto\" \/>\n<meta property=\"article:modified_time\" content=\"2021-09-13T14:53:08+00:00\" \/>\n<meta name=\"twitter:card\" content=\"summary_large_image\" \/>\n<script type=\"application\/ld+json\" class=\"yoast-schema-graph\">{\"@context\":\"https:\/\/schema.org\",\"@graph\":[{\"@type\":\"Organization\",\"@id\":\"https:\/\/rochesterapps.com\/rochestereduco\/#organization\",\"name\":\"Colegio Rochester\",\"url\":\"https:\/\/rochesterapps.com\/rochestereduco\/\",\"sameAs\":[],\"logo\":{\"@type\":\"ImageObject\",\"@id\":\"https:\/\/rochesterapps.com\/rochestereduco\/#logo\",\"inLanguage\":\"es-CO\",\"url\":\"https:\/\/rochesterapps.com\/rochestereduco\/wp-content\/uploads\/2020\/04\/Logos-Rochester_espan\\u0303ol-02-2.png\",\"width\":331,\"height\":512,\"caption\":\"Colegio Rochester\"},\"image\":{\"@id\":\"https:\/\/rochesterapps.com\/rochestereduco\/#logo\"}},{\"@type\":\"WebSite\",\"@id\":\"https:\/\/rochesterapps.com\/rochestereduco\/#website\",\"url\":\"https:\/\/rochesterapps.com\/rochestereduco\/\",\"name\":\"Colegio Biling\\u00fce Rochester | Calendario B Bogot\\u00e1 - Ch\\u00eda mixto\",\"description\":\"Colegio biling\\u00fce en Bogot\\u00e1 y Ch\\u00eda calendario B, multiling\\u00fce, mixto con bases cat\\u00f3licas donde los estudiantes se desarrollan exitosamente en un ambiente escolar saludable, cort\\u00e9s y feliz. Nuestro prop\\u00f3sito es inspirar y educar estudiantes para que tomen control de sus vidas con el mundo en mente\",\"publisher\":{\"@id\":\"https:\/\/rochesterapps.com\/rochestereduco\/#organization\"},\"potentialAction\":[{\"@type\":\"SearchAction\",\"target\":\"https:\/\/rochesterapps.com\/rochestereduco\/?s={search_term_string}\",\"query-input\":\"required name=search_term_string\"}],\"inLanguage\":\"es-CO\"},{\"@type\":\"WebPage\",\"@id\":\"https:\/\/rochesterapps.com\/rochestereduco\/admisiones-2021\/#webpage\",\"url\":\"https:\/\/rochesterapps.com\/rochestereduco\/admisiones-2021\/\",\"name\":\"Admisiones-2021 - Colegio Biling\\u00fce Rochester | Calendario B Bogot\\u00e1 - Ch\\u00eda mixto\",\"isPartOf\":{\"@id\":\"https:\/\/rochesterapps.com\/rochestereduco\/#website\"},\"datePublished\":\"2021-09-10T13:26:05+00:00\",\"dateModified\":\"2021-09-13T14:53:08+00:00\",\"inLanguage\":\"es-CO\",\"potentialAction\":[{\"@type\":\"ReadAction\",\"target\":[\"https:\/\/rochesterapps.com\/rochestereduco\/admisiones-2021\/\"]}]}]}<\/script>\n<!-- \/ Yoast SEO plugin. -->","_links":{"self":[{"href":"https:\/\/rochesterapps.com\/rochestereduco\/wp-json\/wp\/v2\/pages\/27605"}],"collection":[{"href":"https:\/\/rochesterapps.com\/rochestereduco\/wp-json\/wp\/v2\/pages"}],"about":[{"href":"https:\/\/rochesterapps.com\/rochestereduco\/wp-json\/wp\/v2\/types\/page"}],"author":[{"embeddable":true,"href":"https:\/\/rochesterapps.com\/rochestereduco\/wp-json\/wp\/v2\/users\/4"}],"replies":[{"embeddable":true,"href":"https:\/\/rochesterapps.com\/rochestereduco\/wp-json\/wp\/v2\/comments?post=27605"}],"version-history":[{"count":50,"href":"https:\/\/rochesterapps.com\/rochestereduco\/wp-json\/wp\/v2\/pages\/27605\/revisions"}],"predecessor-version":[{"id":27690,"href":"https:\/\/rochesterapps.com\/rochestereduco\/wp-json\/wp\/v2\/pages\/27605\/revisions\/27690"}],"wp:attachment":[{"href":"https:\/\/rochesterapps.com\/rochestereduco\/wp-json\/wp\/v2\/media?parent=27605"}],"curies":[{"name":"wp","href":"https:\/\/api.w.org\/{rel}","templated":true}]}}