{"id":27049,"date":"2021-08-09T07:54:03","date_gmt":"2021-08-09T12:54:03","guid":{"rendered":"https:\/\/rochesterapps.com\/rochestereduco\/?page_id=27049"},"modified":"2022-03-16T12:10:38","modified_gmt":"2022-03-16T17:10:38","slug":"tour-virtual","status":"publish","type":"page","link":"https:\/\/rochesterapps.com\/rochestereduco\/admisiones-y-becas\/tour-virtual\/","title":{"rendered":"Conoce las instalaciones del rochester"},"content":{"rendered":"<p>[vc_row full_width=&#8221;stretch_row_content_no_spaces&#8221;][vc_column][vc_single_image source=&#8221;external_link&#8221; custom_src=&#8221;https:\/\/ik.imagekit.io\/rochester59bucket\/Rochester_School\/Rochester_Web\/Tour_Virtual\/BannerTourVirtual_rochester_G-zvmHytC.png?updatedAt=1628517739407&#8243;][\/vc_column][\/vc_row][vc_row][vc_column el_align=&#8221;center&#8221;][vc_raw_html]JTNDaWZyYW1lJTIwc3JjJTNEJTIyaHR0cHMlM0ElMkYlMkZtcGVtYmVkLmNvbSUyRnNob3clMkYlM0ZtJTNEdjh2YmVSRUNmUEclMjZhbXAlM0JwbGF5JTNEMCUyNmFtcCUzQm1wdSUzRDQ0OSUyMiUyMHdpZHRoJTNEJTIyMTI4MCUyMiUyMGhlaWdodCUzRCUyMjY4MCUyMiUyMGZyYW1lYm9yZGVyJTNEJTIyMCUyMiUyMGFsbG93ZnVsbHNjcmVlbiUzRCUyMmFsbG93ZnVsbHNjcmVlbiUyMiUzRSUzQyUyRmlmcmFtZSUzRQ==[\/vc_raw_html][vc_column_text]<\/p>\n<h1 style=\"text-align: center;\"><span style=\"color: #212c5d;\">Conoce las instalaciones del Rochester a trav\u00e9s del tour virtual.<\/span><\/h1>\n<p>[\/vc_column_text][\/vc_column][\/vc_row][vc_row][vc_column width=&#8221;1\/2&#8243;]<div id=\"1628521879485-e7f9f095-0890\" class=\"dt-sc-empty-space\"><\/div>[vc_column_text]<\/p>\n<p style=\"text-align: justify;\">Hemos sido pioneros y exitosos al reabrir nuestro campus a la semi-presencialidad desde el 1 de septiembre de 2020 tras el inicio de la pandemia de Covid-19. Somos un ejemplo de c\u00f3mo, al garantizar un ambiente de aprendizaje saludable y seguro a trav\u00e9s de la certificaci\u00f3n de construcci\u00f3n verde LEED, nuestros estudiantes y profesores reciben un nivel de vida m\u00e1s alto.<\/p>\n<p>[\/vc_column_text][\/vc_column][vc_column width=&#8221;1\/2&#8243;][vc_gallery interval=&#8221;5&#8243; source=&#8221;external_link&#8221; onclick=&#8221;&#8221; custom_srcs=&#8221;#E-8_aHR0cHMlM0ElMkYlMkZpay5pbWFnZWtpdC5pbyUyRnJvY2hlc3RlcjU5YnVja2V0JTJGUm9jaGVzdGVyX1NjaG9vbCUyRlJvY2hlc3Rlcl9XZWIlMkZUb3VyX1ZpcnR1YWwlMkZJTUdfOTc3Ml9BRXh0VWhZZXV4NUwuSlBHJTNGdXBkYXRlZEF0JTNEMTYyODUyMDkwNjg3NyUyQ2h0dHBzJTNBJTJGJTJGaWsuaW1hZ2VraXQuaW8lMkZyb2NoZXN0ZXI1OWJ1Y2tldCUyRlJvY2hlc3Rlcl9TY2hvb2wlMkZSb2NoZXN0ZXJfV2ViJTJGVG91cl9WaXJ0dWFsJTJGSU1HXzk4MjFfSk5IZVpYZkFwbUguSlBHJTNGdXBkYXRlZEF0JTNEMTYyODUyMTQ2MDA1OCUyQ2h0dHBzJTNBJTJGJTJGaWsuaW1hZ2VraXQuaW8lMkZyb2NoZXN0ZXI1OWJ1Y2tldCUyRlJvY2hlc3Rlcl9TY2hvb2wlMkZSb2NoZXN0ZXJfV2ViJTJGVG91cl9WaXJ0dWFsJTJGSU1HXzk3NzBfRkFsajZ2NzJtLkpQRyUzRnVwZGF0ZWRBdCUzRDE2Mjg1MjE0NjI4MDAlMkNodHRwcyUzQSUyRiUyRmlrLmltYWdla2l0LmlvJTJGcm9jaGVzdGVyNTlidWNrZXQlMkZSb2NoZXN0ZXJfU2Nob29sJTJGUm9jaGVzdGVyX1dlYiUyRlRvdXJfVmlydHVhbCUyRklNR185ODAyX3NTS3ZabTVBQnZNLkpQRyUzRnVwZGF0ZWRBdCUzRDE2Mjg1MjE4MTQ1MzY=&#8221;][\/vc_column][\/vc_row][vc_row][vc_column][vc_column_text]<\/p>\n<h1 style=\"text-align: center;\"><span style=\"color: #212c5d;\">Agenda tu visita<\/span><\/h1>\n<p>[\/vc_column_text][\/vc_column][\/vc_row][vc_row][vc_column width=&#8221;1\/2&#8243;][vc_gallery interval=&#8221;3&#8243; source=&#8221;external_link&#8221; onclick=&#8221;&#8221; custom_srcs=&#8221;#E-8_aHR0cHMlM0ElMkYlMkZpay5pbWFnZWtpdC5pbyUyRnJvY2hlc3RlcjU5YnVja2V0JTJGUm9jaGVzdGVyX1NjaG9vbCUyRlJvY2hlc3Rlcl9XZWIlMkZUb3VyX1ZpcnR1YWwlMkZTbGlkZXJfQ29udGFjdG8lMkZUb21hc19SdWl6X1JvZHJpZ3Vlel9fY2ZibXFQSmVILnBuZyUzRnVwZGF0ZWRBdCUzRDE2Mjg1NDIxMDkzMjQlMkNodHRwcyUzQSUyRiUyRmlrLmltYWdla2l0LmlvJTJGcm9jaGVzdGVyNTlidWNrZXQlMkZSb2NoZXN0ZXJfU2Nob29sJTJGUm9jaGVzdGVyX1dlYiUyRlRvdXJfVmlydHVhbCUyRlNsaWRlcl9Db250YWN0byUyRlBhYmxvX0VuY2lzb19BbHZhcmFkb19URnBtbW5OaUNPLnBuZyUzRnVwZGF0ZWRBdCUzRDE2Mjg1NDIxMDkxNzElMkNodHRwcyUzQSUyRiUyRmlrLmltYWdla2l0LmlvJTJGcm9jaGVzdGVyNTlidWNrZXQlMkZSb2NoZXN0ZXJfU2Nob29sJTJGUm9jaGVzdGVyX1dlYiUyRlRvdXJfVmlydHVhbCUyRlNsaWRlcl9Db250YWN0byUyRldpbGxpYW0teS1TYXJhLU9uJUNDJTgzYXRlXy03bWZYSTdnWjYucG5nJTNGdXBkYXRlZEF0JTNEMTYyODU0MjEwOTgwMSUyQ2h0dHBzJTNBJTJGJTJGaWsuaW1hZ2VraXQuaW8lMkZyb2NoZXN0ZXI1OWJ1Y2tldCUyRlJvY2hlc3Rlcl9TY2hvb2wlMkZSb2NoZXN0ZXJfV2ViJTJGVG91cl9WaXJ0dWFsJTJGU2xpZGVyX0NvbnRhY3RvJTJGVG9tYXNfU2VycmF0b185aGM0cElIUVkucG5nJTNGdXBkYXRlZEF0JTNEMTYyODU0MjEwOTM4OCUyQ2h0dHBzJTNBJTJGJTJGaWsuaW1hZ2VraXQuaW8lMkZyb2NoZXN0ZXI1OWJ1Y2tldCUyRlJvY2hlc3Rlcl9TY2hvb2wlMkZSb2NoZXN0ZXJfV2ViJTJGVG91cl9WaXJ0dWFsJTJGU2xpZGVyX0NvbnRhY3RvJTJGU29maWEtb3lvbGFfMkR2V2l1WFBrby0ucG5nJTNGdXBkYXRlZEF0JTNEMTYyODU0MjEwOTI2NQ==&#8221;]<div id=\"1628538618056-6be5232a-875e\" class=\"dt-sc-empty-space\"><\/div>[\/vc_column][vc_column width=&#8221;1\/2&#8243;][\/vc_column][\/vc_row][vc_row full_width=&#8221;stretch_row_content&#8221; bg_type=&#8221;image&#8221; parallax_style=&#8221;vcpb-default&#8221; bg_image_new=&#8221;id^27103|url^https:\/\/rochesterapps.com\/rochestereduco\/wp-content\/uploads\/2021\/08\/footer45.png|caption^null|alt^null|title^footer45|description^null&#8221;][vc_column]<div id=\"1628539539574-358b634a-207f\" class=\"dt-sc-empty-space\"><\/div>[vc_row_inner][vc_column_inner width=&#8221;1\/4&#8243;][vc_custom_heading text=&#8221;Ubicaci\u00f3n<br \/>\nA la altura Peaje Autonorte<br \/>\nVereda Fusca<br \/>\nCh\u00eda, Cundinamarca<br \/>\nColombia 250008&#8243; font_container=&#8221;tag:p|font_size:16|text_align:left|color:%230a0a0a|line_height:1.2&#8243; google_fonts=&#8221;font_family:Roboto%3A100%2C100italic%2C300%2C300italic%2Cregular%2Citalic%2C500%2C500italic%2C700%2C700italic%2C900%2C900italic|font_style:500%20bold%20regular%3A500%3Anormal&#8221;][\/vc_column_inner][vc_column_inner width=&#8221;1\/4&#8243;][vc_custom_heading text=&#8221;Cont\u00e1ctanos<br \/>\nadmisiones@rochesterapps.com\/rochestereduco<br \/>\nPBX: 749-6000 Ext. 2222 \u00f3 2200<br \/>\nCel: +57 (321)3714394&#8243; font_container=&#8221;tag:p|text_align:left|color:%230a0a0a&#8221; google_fonts=&#8221;font_family:Roboto%3A100%2C100italic%2C300%2C300italic%2Cregular%2Citalic%2C500%2C500italic%2C700%2C700italic%2C900%2C900italic|font_style:500%20bold%20regular%3A500%3Anormal&#8221;][\/vc_column_inner][vc_column_inner width=&#8221;1\/4&#8243;][\/vc_column_inner][vc_column_inner width=&#8221;1\/4&#8243;][vc_custom_heading text=&#8221;POL\u00cdTICAS ROCHESTER&#8221; font_container=&#8221;tag:p|font_size:16|text_align:left|color:%230a0a0a|line_height:1.2&#8243; google_fonts=&#8221;font_family:Roboto%3A100%2C100italic%2C300%2C300italic%2Cregular%2Citalic%2C500%2C500italic%2C700%2C700italic%2C900%2C900italic|font_style:500%20bold%20regular%3A500%3Anormal&#8221; link=&#8221;url:https%3A%2F%2Frochesterapps.com\/rochestereduco%2Fpoliticas%2F|title:POL%C3%8DTICAS%20ROCHESTER&#8221;]<div id=\"1628539343634-70dd5fa6-2a4a\" class=\"dt-sc-empty-space\"><\/div>[\/vc_column_inner][\/vc_row_inner][\/vc_column][\/vc_row]<\/p>\n","protected":false},"excerpt":{"rendered":"<p>[vc_row full_width=&#8221;stretch_row_content_no_spaces&#8221;][vc_column][vc_single_image source=&#8221;external_link&#8221; custom_src=&#8221;https:\/\/ik.imagekit.io\/rochester59bucket\/Rochester_School\/Rochester_Web\/Tour_Virtual\/BannerTourVirtual_rochester_G-zvmHytC.png?updatedAt=1628517739407&#8243;][\/vc_column][\/vc_row][vc_row][vc_column el_align=&#8221;center&#8221;][vc_raw_html]JTNDaWZyYW1lJTIwc3JjJTNEJTIyaHR0cHMlM0ElMkYlMkZtcGVtYmVkLmNvbSUyRnNob3clMkYlM0ZtJTNEdjh2YmVSRUNmUEclMjZhbXAlM0JwbGF5JTNEMCUyNmFtcCUzQm1wdSUzRDQ0OSUyMiUyMHdpZHRoJTNEJTIyMTI4MCUyMiUyMGhlaWdodCUzRCUyMjY4MCUyMiUyMGZyYW1lYm9yZGVyJTNEJTIyMCUyMiUyMGFsbG93ZnVsbHNjcmVlbiUzRCUyMmFsbG93ZnVsbHNjcmVlbiUyMiUzRSUzQyUyRmlmcmFtZSUzRQ==[\/vc_raw_html][vc_column_text] Conoce las instalaciones del Rochester a trav\u00e9s del tour virtual. [\/vc_column_text][\/vc_column][\/vc_row][vc_row][vc_column width=&#8221;1\/2&#8243;][vc_column_text] Hemos sido pioneros y exitosos al reabrir nuestro campus a la semi-presencialidad desde el 1 de septiembre de 2020 tras el inicio de la pandemia de Covid-19. Somos un ejemplo de c\u00f3mo, al garantizar un ambiente de aprendizaje [&hellip;]<\/p>\n","protected":false},"author":4,"featured_media":0,"parent":19918,"menu_order":0,"comment_status":"closed","ping_status":"closed","template":"","meta":[],"yoast_head":"<!-- This site is optimized with the Yoast SEO plugin v14.9 - https:\/\/yoast.com\/wordpress\/plugins\/seo\/ -->\n<title>Conoce las instalaciones del rochester - Colegio Biling\u00fce Rochester | Calendario B Bogot\u00e1 - Ch\u00eda mixto<\/title>\n<meta name=\"robots\" content=\"noindex, follow, max-snippet:-1, max-image-preview:large, max-video-preview:-1\" \/>\n<meta property=\"og:locale\" content=\"es_ES\" \/>\n<meta property=\"og:type\" content=\"article\" \/>\n<meta property=\"og:title\" content=\"Conoce las instalaciones del rochester - Colegio Biling\u00fce Rochester | Calendario B Bogot\u00e1 - Ch\u00eda mixto\" \/>\n<meta property=\"og:description\" content=\"[vc_row full_width=&#8221;stretch_row_content_no_spaces&#8221;][vc_column][vc_single_image source=&#8221;external_link&#8221; custom_src=&#8221;https:\/\/ik.imagekit.io\/rochester59bucket\/Rochester_School\/Rochester_Web\/Tour_Virtual\/BannerTourVirtual_rochester_G-zvmHytC.png?updatedAt=1628517739407&#8243;][\/vc_column][\/vc_row][vc_row][vc_column el_align=&#8221;center&#8221;][vc_raw_html]JTNDaWZyYW1lJTIwc3JjJTNEJTIyaHR0cHMlM0ElMkYlMkZtcGVtYmVkLmNvbSUyRnNob3clMkYlM0ZtJTNEdjh2YmVSRUNmUEclMjZhbXAlM0JwbGF5JTNEMCUyNmFtcCUzQm1wdSUzRDQ0OSUyMiUyMHdpZHRoJTNEJTIyMTI4MCUyMiUyMGhlaWdodCUzRCUyMjY4MCUyMiUyMGZyYW1lYm9yZGVyJTNEJTIyMCUyMiUyMGFsbG93ZnVsbHNjcmVlbiUzRCUyMmFsbG93ZnVsbHNjcmVlbiUyMiUzRSUzQyUyRmlmcmFtZSUzRQ==[\/vc_raw_html][vc_column_text] Conoce las instalaciones del Rochester a trav\u00e9s del tour virtual. [\/vc_column_text][\/vc_column][\/vc_row][vc_row][vc_column width=&#8221;1\/2&#8243;][vc_column_text] Hemos sido pioneros y exitosos al reabrir nuestro campus a la semi-presencialidad desde el 1 de septiembre de 2020 tras el inicio de la pandemia de Covid-19. Somos un ejemplo de c\u00f3mo, al garantizar un ambiente de aprendizaje [&hellip;]\" \/>\n<meta property=\"og:url\" content=\"https:\/\/rochesterapps.com\/rochestereduco\/admisiones-y-becas\/tour-virtual\/\" \/>\n<meta property=\"og:site_name\" content=\"Colegio Biling\u00fce Rochester | Calendario B Bogot\u00e1 - Ch\u00eda mixto\" \/>\n<meta property=\"article:modified_time\" content=\"2022-03-16T17:10:38+00:00\" \/>\n<meta name=\"twitter:card\" content=\"summary_large_image\" \/>\n<script type=\"application\/ld+json\" class=\"yoast-schema-graph\">{\"@context\":\"https:\/\/schema.org\",\"@graph\":[{\"@type\":\"Organization\",\"@id\":\"https:\/\/rochesterapps.com\/rochestereduco\/#organization\",\"name\":\"Colegio Rochester\",\"url\":\"https:\/\/rochesterapps.com\/rochestereduco\/\",\"sameAs\":[],\"logo\":{\"@type\":\"ImageObject\",\"@id\":\"https:\/\/rochesterapps.com\/rochestereduco\/#logo\",\"inLanguage\":\"es-CO\",\"url\":\"https:\/\/rochesterapps.com\/rochestereduco\/wp-content\/uploads\/2020\/04\/Logos-Rochester_espan\\u0303ol-02-2.png\",\"width\":331,\"height\":512,\"caption\":\"Colegio Rochester\"},\"image\":{\"@id\":\"https:\/\/rochesterapps.com\/rochestereduco\/#logo\"}},{\"@type\":\"WebSite\",\"@id\":\"https:\/\/rochesterapps.com\/rochestereduco\/#website\",\"url\":\"https:\/\/rochesterapps.com\/rochestereduco\/\",\"name\":\"Colegio Biling\\u00fce Rochester | Calendario B Bogot\\u00e1 - Ch\\u00eda mixto\",\"description\":\"Colegio biling\\u00fce en Bogot\\u00e1 y Ch\\u00eda calendario B, multiling\\u00fce, mixto con bases cat\\u00f3licas donde los estudiantes se desarrollan exitosamente en un ambiente escolar saludable, cort\\u00e9s y feliz. Nuestro prop\\u00f3sito es inspirar y educar estudiantes para que tomen control de sus vidas con el mundo en mente\",\"publisher\":{\"@id\":\"https:\/\/rochesterapps.com\/rochestereduco\/#organization\"},\"potentialAction\":[{\"@type\":\"SearchAction\",\"target\":\"https:\/\/rochesterapps.com\/rochestereduco\/?s={search_term_string}\",\"query-input\":\"required name=search_term_string\"}],\"inLanguage\":\"es-CO\"},{\"@type\":\"WebPage\",\"@id\":\"https:\/\/rochesterapps.com\/rochestereduco\/admisiones-y-becas\/tour-virtual\/#webpage\",\"url\":\"https:\/\/rochesterapps.com\/rochestereduco\/admisiones-y-becas\/tour-virtual\/\",\"name\":\"Conoce las instalaciones del rochester - Colegio Biling\\u00fce Rochester | Calendario B Bogot\\u00e1 - Ch\\u00eda mixto\",\"isPartOf\":{\"@id\":\"https:\/\/rochesterapps.com\/rochestereduco\/#website\"},\"datePublished\":\"2021-08-09T12:54:03+00:00\",\"dateModified\":\"2022-03-16T17:10:38+00:00\",\"inLanguage\":\"es-CO\",\"potentialAction\":[{\"@type\":\"ReadAction\",\"target\":[\"https:\/\/rochesterapps.com\/rochestereduco\/admisiones-y-becas\/tour-virtual\/\"]}]}]}<\/script>\n<!-- \/ Yoast SEO plugin. -->","_links":{"self":[{"href":"https:\/\/rochesterapps.com\/rochestereduco\/wp-json\/wp\/v2\/pages\/27049"}],"collection":[{"href":"https:\/\/rochesterapps.com\/rochestereduco\/wp-json\/wp\/v2\/pages"}],"about":[{"href":"https:\/\/rochesterapps.com\/rochestereduco\/wp-json\/wp\/v2\/types\/page"}],"author":[{"embeddable":true,"href":"https:\/\/rochesterapps.com\/rochestereduco\/wp-json\/wp\/v2\/users\/4"}],"replies":[{"embeddable":true,"href":"https:\/\/rochesterapps.com\/rochestereduco\/wp-json\/wp\/v2\/comments?post=27049"}],"version-history":[{"count":50,"href":"https:\/\/rochesterapps.com\/rochestereduco\/wp-json\/wp\/v2\/pages\/27049\/revisions"}],"predecessor-version":[{"id":28174,"href":"https:\/\/rochesterapps.com\/rochestereduco\/wp-json\/wp\/v2\/pages\/27049\/revisions\/28174"}],"up":[{"embeddable":true,"href":"https:\/\/rochesterapps.com\/rochestereduco\/wp-json\/wp\/v2\/pages\/19918"}],"wp:attachment":[{"href":"https:\/\/rochesterapps.com\/rochestereduco\/wp-json\/wp\/v2\/media?parent=27049"}],"curies":[{"name":"wp","href":"https:\/\/api.w.org\/{rel}","templated":true}]}}