{"id":24069,"date":"2020-10-19T11:29:37","date_gmt":"2020-10-19T16:29:37","guid":{"rendered":"https:\/\/rochesterapps.com\/rochestereduco\/?page_id=24069"},"modified":"2022-02-23T22:27:33","modified_gmt":"2022-02-24T03:27:33","slug":"lineamientos-orientadores","status":"publish","type":"page","link":"https:\/\/rochesterapps.com\/rochestereduco\/lineamientos-orientadores\/","title":{"rendered":"Lineamientos Orientadores"},"content":{"rendered":"<p>[vc_row bg_type=&#8221;bg_color&#8221; bg_override=&#8221;ex-full&#8221; bg_color_value=&#8221;#364d92&#8243;][vc_column][vc_row_inner][vc_column_inner]<div id=\"1603134403089-415aaa51-e2ef\" class=\"dt-sc-empty-space\"><\/div>[vc_custom_heading text=&#8221;Prop\u00f3sito Institucional&#8221; font_container=&#8221;tag:p|font_size:30px|text_align:center|color:%23ffff00|line_height:1.4&#8243; google_fonts=&#8221;font_family:Roboto%3A100%2C100italic%2C300%2C300italic%2Cregular%2Citalic%2C500%2C500italic%2C700%2C700italic%2C900%2C900italic|font_style:700%20bold%20regular%3A700%3Anormal&#8221;][vc_custom_heading text=&#8221;Inspiramos y educamos estudiantes a tomar control de sus vidas con el mundo en mente&#8221; font_container=&#8221;tag:p|font_size:25px|text_align:center|color:%23ffffff|line_height:1.4&#8243; google_fonts=&#8221;font_family:Roboto%3A100%2C100italic%2C300%2C300italic%2Cregular%2Citalic%2C500%2C500italic%2C700%2C700italic%2C900%2C900italic|font_style:700%20bold%20regular%3A700%3Anormal&#8221;]<div id=\"1603134403182-94e90c9c-362a\" class=\"dt-sc-empty-space\"><\/div>[\/vc_column_inner][\/vc_row_inner][\/vc_column][\/vc_row][vc_row bg_type=&#8221;bg_color&#8221; bg_override=&#8221;ex-full&#8221; bg_color_value=&#8221;#364d92&#8243;][vc_column][vc_custom_heading text=&#8221;<b>Meta de Alta Prioridad<\/b>&#8221; font_container=&#8221;tag:p|font_size:18px|text_align:left|color:%23ffff00|line_height:1.5&#8243; google_fonts=&#8221;font_family:Roboto%3A100%2C100italic%2C300%2C300italic%2Cregular%2Citalic%2C500%2C500italic%2C700%2C700italic%2C900%2C900italic|font_style:400%20regular%3A400%3Anormal&#8221;][vc_custom_heading text=&#8221;Cada estudiante se siente seguro, querido, aprende todo lo esperado, y sus padres as\u00ed lo perciben.&#8221; font_container=&#8221;tag:p|font_size:18px|text_align:left|color:%23ffffff|line_height:1.5&#8243; google_fonts=&#8221;font_family:Roboto%3A100%2C100italic%2C300%2C300italic%2Cregular%2Citalic%2C500%2C500italic%2C700%2C700italic%2C900%2C900italic|font_style:400%20regular%3A400%3Anormal&#8221;]<div id=\"1603127409950-1e8536d9-fe71\" class=\"dt-sc-empty-space\"><\/div>[vc_custom_heading text=&#8221;<b>Cortes\u00eda &#8211; ser cort\u00e9s<\/b>&#8221; font_container=&#8221;tag:p|font_size:18px|text_align:left|color:%23ffff00|line_height:1.5&#8243; google_fonts=&#8221;font_family:Roboto%3A100%2C100italic%2C300%2C300italic%2Cregular%2Citalic%2C500%2C500italic%2C700%2C700italic%2C900%2C900italic|font_style:400%20regular%3A400%3Anormal&#8221;][vc_custom_heading text=&#8221;(respetuoso y amable) con otros, siguiendo la Regla de Oro \u201ctrato a los dem\u00e1s como me gustar\u00eda ser tratado\u201d.&#8221; font_container=&#8221;tag:p|font_size:18px|text_align:left|color:%23ffffff|line_height:1.5&#8243; google_fonts=&#8221;font_family:Roboto%3A100%2C100italic%2C300%2C300italic%2Cregular%2Citalic%2C500%2C500italic%2C700%2C700italic%2C900%2C900italic|font_style:400%20regular%3A400%3Anormal&#8221;]<div id=\"1603127398531-b960e2bd-808c\" class=\"dt-sc-empty-space\"><\/div>[vc_custom_heading text=&#8221;<b>Virtudes: Valores en acci\u00f3n<\/b>&#8221; font_container=&#8221;tag:p|font_size:18px|text_align:left|color:%23ffff00|line_height:1.5&#8243; google_fonts=&#8221;font_family:Roboto%3A100%2C100italic%2C300%2C300italic%2Cregular%2Citalic%2C500%2C500italic%2C700%2C700italic%2C900%2C900italic|font_style:400%20regular%3A400%3Anormal&#8221;][vc_custom_heading text=&#8221;Los valores del colegio (integridad, respeto, esperanza, optimismo, cari\u00f1o, f\u00e9, colaboraci\u00f3n y gratitud) aplicados diariamente, desarrollan las siguientes virtudes (SsACIAL):&#8221; font_container=&#8221;tag:p|font_size:18px|text_align:left|color:%23ffffff|line_height:1.5&#8243; google_fonts=&#8221;font_family:Roboto%3A100%2C100italic%2C300%2C300italic%2Cregular%2Citalic%2C500%2C500italic%2C700%2C700italic%2C900%2C900italic|font_style:400%20regular%3A400%3Anormal&#8221;][\/vc_column][\/vc_row][vc_row bg_type=&#8221;bg_color&#8221; bg_override=&#8221;ex-full&#8221; bg_color_value=&#8221;#364d92&#8243;][vc_column][vc_row_inner][vc_column_inner width=&#8221;1\/6&#8243;][\/vc_column_inner][vc_column_inner width=&#8221;2\/3&#8243;]<div class='dt-sc-image-caption type3  space-top-image-caption' data-delay='0'><div class='dt-sc-image-wrapper'><\/div><div class='dt-sc-image-content'><div class='dt-sc-image-title'><h3><\/h3><\/div><p><img src=\"https:\/\/ik.imagekit.io\/rochester59bucket\/Rochester_School\/Rochester_Web\/Lineamientos_Orientadores\/sacial_Glssc3vC5U.png?updatedAt=1627329833456\" alt=\"Prop\u00f3sito Institucional\" \/><\/p><\/div><\/div>[\/vc_column_inner][vc_column_inner width=&#8221;1\/6&#8243;][\/vc_column_inner][\/vc_row_inner][\/vc_column][\/vc_row][vc_row bg_type=&#8221;bg_color&#8221; bg_override=&#8221;ex-full&#8221; bg_color_value=&#8221;#364d92&#8243;][vc_column][vc_row_inner][vc_column_inner]<div id=\"1603127388228-e0dd74b6-bb7b\" class=\"dt-sc-empty-space\"><\/div>[vc_custom_heading text=&#8221;Intenci\u00f3n Estrat\u00e9gica&#8221; font_container=&#8221;tag:p|font_size:30px|text_align:center|color:%23ffff00|line_height:1.4&#8243; google_fonts=&#8221;font_family:Roboto%3A100%2C100italic%2C300%2C300italic%2Cregular%2Citalic%2C500%2C500italic%2C700%2C700italic%2C900%2C900italic|font_style:700%20bold%20regular%3A700%3Anormal&#8221;]<div id=\"1603132833217-b4d76e2d-990e\" class=\"dt-sc-empty-space\"><\/div>[\/vc_column_inner][\/vc_row_inner][\/vc_column][\/vc_row][vc_row bg_type=&#8221;bg_color&#8221; bg_override=&#8221;ex-full&#8221; bg_color_value=&#8221;#364d92&#8243;][vc_column width=&#8221;1\/4&#8243;]<div class='dt-sc-image-caption type3  space-top-image-caption' data-delay='0'><div class='dt-sc-image-wrapper'><\/div><div class='dt-sc-image-content'><div class='dt-sc-image-title'><h3><\/h3><\/div><p><img loading=\"lazy\" src=\"https:\/\/ik.imagekit.io\/rochester59bucket\/Rochester_School\/Rochester_Web\/Lineamientos_Orientadores\/icono_b-1_4RK1K7WAJ.png?updatedAt=1627330015685\" alt=\"Ambiente Saludable y Sostenible\" width=\"150\" height=\"150\" \/><\/p><\/div><\/div><div id=\"1603135728103-b6a9b9de-86fd\" class=\"dt-sc-empty-space\"><\/div><div class='dt-sc-image-caption type3  space-top-image-caption' data-delay='0'><div class='dt-sc-image-wrapper'><\/div><div class='dt-sc-image-content'><div class='dt-sc-image-title'><h3><\/h3><\/div><p><img loading=\"lazy\" src=\"https:\/\/ik.imagekit.io\/rochester59bucket\/Rochester_School\/Rochester_Web\/Lineamientos_Orientadores\/icono_a-1_t5c9PDtAtU.png?updatedAt=1627330819341\" alt=\"Responsabilidad Interior hacia la Felicidad y el \u00c9xito\" width=\"150\" height=\"150\" \/><\/p><\/div><\/div><div id=\"1603136000838-ff2b6181-f2d6\" class=\"dt-sc-empty-space\"><\/div><div class='dt-sc-image-caption type3  space-top-image-caption' data-delay='0'><div class='dt-sc-image-wrapper'><\/div><div class='dt-sc-image-content'><div class='dt-sc-image-title'><h3><\/h3><\/div><p><img loading=\"lazy\" src=\"https:\/\/ik.imagekit.io\/rochester59bucket\/Rochester_School\/Rochester_Web\/Lineamientos_Orientadores\/icono_c-1_pVFfe_jwX.png?updatedAt=1627331012423\" alt=\"Aprendizaje \u00datil &amp; de Calidad para la Vida y el Mundo\" width=\"150\" height=\"150\" \/><\/p><\/div><\/div>[\/vc_column][vc_column width=&#8221;3\/4&#8243;]<div id=\"1603135047196-ef6257ad-e948\" class=\"dt-sc-empty-space\"><\/div>[vc_custom_heading text=&#8221;<b>1. Ambiente Saludable y Sostenible:<\/b>&#8221; font_container=&#8221;tag:p|font_size:18px|text_align:left|color:%23ffff00|line_height:1.5&#8243; google_fonts=&#8221;font_family:Roboto%3A100%2C100italic%2C300%2C300italic%2Cregular%2Citalic%2C500%2C500italic%2C700%2C700italic%2C900%2C900italic|font_style:400%20regular%3A400%3Anormal&#8221;][vc_custom_heading text=&#8221;Establecer un ambiente de trabajo y aprendizaje que est\u00e9 basado en la confianza, la colaboraci\u00f3n y las relaciones cercanas, en un campus dise\u00f1ado para la sostenibilidad ambiental y la salud integral.&#8221; font_container=&#8221;tag:p|font_size:18px|text_align:left|color:%23ffffff|line_height:1.5&#8243; google_fonts=&#8221;font_family:Roboto%3A100%2C100italic%2C300%2C300italic%2Cregular%2Citalic%2C500%2C500italic%2C700%2C700italic%2C900%2C900italic|font_style:400%20regular%3A400%3Anormal&#8221;]<div id=\"1603460856192-b94d60d1-a812\" class=\"dt-sc-empty-space\"><\/div>[vc_custom_heading text=&#8221;<b>2. Responsabilidad Interior hacia la Felicidad y el \u00c9xito:<\/b>&#8221; font_container=&#8221;tag:p|font_size:18px|text_align:left|color:%23ffff00|line_height:1.5&#8243; google_fonts=&#8221;font_family:Roboto%3A100%2C100italic%2C300%2C300italic%2Cregular%2Citalic%2C500%2C500italic%2C700%2C700italic%2C900%2C900italic|font_style:400%20regular%3A400%3Anormal&#8221;][vc_custom_heading text=&#8221;El personal docente y no docente, los estudiantes y los padres de familia usan la Teor\u00eda de la Elecci\u00f3n en su vida diaria y se autoeval\u00faan profesionalmente utilizando m\u00e9todos que incluyen las necesidades &amp; los deseos, tanto de personas relevantes como de la comunidad.&#8221; font_container=&#8221;tag:p|font_size:18px|text_align:left|color:%23ffffff|line_height:1.5&#8243; google_fonts=&#8221;font_family:Roboto%3A100%2C100italic%2C300%2C300italic%2Cregular%2Citalic%2C500%2C500italic%2C700%2C700italic%2C900%2C900italic|font_style:400%20regular%3A400%3Anormal&#8221;][vc_single_image source=&#8221;external_link&#8221; alignment=&#8221;center&#8221; custom_src=&#8221;https:\/\/ik.imagekit.io\/rochester59bucket\/Rochester_School\/Rochester_Web\/Lineamientos_Orientadores\/letricas-1024x155_ZhaXqmp7N.png?updatedAt=1627331737608&#8243;][vc_custom_heading text=&#8221;<b>3. Aprendizaje \u00datil &amp; de Calidad para la Vida y el Mundo:<\/b>&#8221; font_container=&#8221;tag:p|font_size:18px|text_align:left|color:%23ffff00|line_height:1.5&#8243; google_fonts=&#8221;font_family:Roboto%3A100%2C100italic%2C300%2C300italic%2Cregular%2Citalic%2C500%2C500italic%2C700%2C700italic%2C900%2C900italic|font_style:400%20regular%3A400%3Anormal&#8221;][vc_custom_heading text=&#8221;Enfocarse en lograr que los estudiantes desarrollen y apliquen competencias de alto desempe\u00f1o en situaciones personales, locales y globales de la vida real con una perspectiva multiling\u00fce, intercultural y de ciudadan\u00eda global.&#8221; font_container=&#8221;tag:p|font_size:18px|text_align:left|color:%23ffffff|line_height:1.5&#8243; google_fonts=&#8221;font_family:Roboto%3A100%2C100italic%2C300%2C300italic%2Cregular%2Citalic%2C500%2C500italic%2C700%2C700italic%2C900%2C900italic|font_style:400%20regular%3A400%3Anormal&#8221;][\/vc_column][\/vc_row][vc_row bg_type=&#8221;bg_color&#8221; bg_override=&#8221;ex-full&#8221; bg_color_value=&#8221;#364d92&#8243;][vc_column width=&#8221;1\/4&#8243;][\/vc_column][vc_column width=&#8221;1\/2&#8243;]<a href='https:\/\/rochesterapps.com\/rochestereduco\/wp-content\/uploads\/2020\/10\/Organization_Rochester_2020-2021_web.pdf' target='_blank' title='' class='dt-sc-button   large   rounded-border  ' data-delay='0'  style=\"background-color:#5b1015;border-color:#5b1015;color:#ffffff;font-size:18px;\"> Descargar organigrama institucional <\/a><div id=\"1603135799836-52f684dd-0d3b\" class=\"dt-sc-empty-space\"><\/div>[\/vc_column][vc_column width=&#8221;1\/4&#8243;][\/vc_column][\/vc_row]<\/p>\n","protected":false},"excerpt":{"rendered":"<p>[vc_row bg_type=&#8221;bg_color&#8221; bg_override=&#8221;ex-full&#8221; bg_color_value=&#8221;#364d92&#8243;][vc_column][vc_row_inner][vc_column_inner][vc_custom_heading text=&#8221;Prop\u00f3sito Institucional&#8221; font_container=&#8221;tag:p|font_size:30px|text_align:center|color:%23ffff00|line_height:1.4&#8243; google_fonts=&#8221;font_family:Roboto%3A100%2C100italic%2C300%2C300italic%2Cregular%2Citalic%2C500%2C500italic%2C700%2C700italic%2C900%2C900italic|font_style:700%20bold%20regular%3A700%3Anormal&#8221;][vc_custom_heading text=&#8221;Inspiramos y educamos estudiantes a tomar control de sus vidas con el mundo en mente&#8221; font_container=&#8221;tag:p|font_size:25px|text_align:center|color:%23ffffff|line_height:1.4&#8243; google_fonts=&#8221;font_family:Roboto%3A100%2C100italic%2C300%2C300italic%2Cregular%2Citalic%2C500%2C500italic%2C700%2C700italic%2C900%2C900italic|font_style:700%20bold%20regular%3A700%3Anormal&#8221;][\/vc_column_inner][\/vc_row_inner][\/vc_column][\/vc_row][vc_row bg_type=&#8221;bg_color&#8221; bg_override=&#8221;ex-full&#8221; bg_color_value=&#8221;#364d92&#8243;][vc_column][vc_custom_heading text=&#8221;Meta de Alta Prioridad&#8221; font_container=&#8221;tag:p|font_size:18px|text_align:left|color:%23ffff00|line_height:1.5&#8243; google_fonts=&#8221;font_family:Roboto%3A100%2C100italic%2C300%2C300italic%2Cregular%2Citalic%2C500%2C500italic%2C700%2C700italic%2C900%2C900italic|font_style:400%20regular%3A400%3Anormal&#8221;][vc_custom_heading text=&#8221;Cada estudiante se siente seguro, querido, aprende todo lo esperado, y sus padres as\u00ed lo perciben.&#8221; font_container=&#8221;tag:p|font_size:18px|text_align:left|color:%23ffffff|line_height:1.5&#8243; google_fonts=&#8221;font_family:Roboto%3A100%2C100italic%2C300%2C300italic%2Cregular%2Citalic%2C500%2C500italic%2C700%2C700italic%2C900%2C900italic|font_style:400%20regular%3A400%3Anormal&#8221;][vc_custom_heading text=&#8221;Cortes\u00eda &#8211; ser [&hellip;]<\/p>\n","protected":false},"author":1,"featured_media":0,"parent":0,"menu_order":0,"comment_status":"closed","ping_status":"closed","template":"","meta":[],"yoast_head":"<!-- This site is optimized with the Yoast SEO plugin v14.9 - https:\/\/yoast.com\/wordpress\/plugins\/seo\/ -->\n<title>Lineamientos Orientadores - Colegio Biling\u00fce Rochester | Calendario B Bogot\u00e1 - Ch\u00eda mixto<\/title>\n<meta name=\"robots\" content=\"noindex, follow, max-snippet:-1, max-image-preview:large, max-video-preview:-1\" \/>\n<meta property=\"og:locale\" content=\"es_ES\" \/>\n<meta property=\"og:type\" content=\"article\" \/>\n<meta property=\"og:title\" content=\"Lineamientos Orientadores - Colegio Biling\u00fce Rochester | Calendario B Bogot\u00e1 - Ch\u00eda mixto\" \/>\n<meta property=\"og:description\" content=\"[vc_row bg_type=&#8221;bg_color&#8221; bg_override=&#8221;ex-full&#8221; bg_color_value=&#8221;#364d92&#8243;][vc_column][vc_row_inner][vc_column_inner][vc_custom_heading text=&#8221;Prop\u00f3sito Institucional&#8221; font_container=&#8221;tag:p|font_size:30px|text_align:center|color:%23ffff00|line_height:1.4&#8243; google_fonts=&#8221;font_family:Roboto%3A100%2C100italic%2C300%2C300italic%2Cregular%2Citalic%2C500%2C500italic%2C700%2C700italic%2C900%2C900italic|font_style:700%20bold%20regular%3A700%3Anormal&#8221;][vc_custom_heading text=&#8221;Inspiramos y educamos estudiantes a tomar control de sus vidas con el mundo en mente&#8221; font_container=&#8221;tag:p|font_size:25px|text_align:center|color:%23ffffff|line_height:1.4&#8243; google_fonts=&#8221;font_family:Roboto%3A100%2C100italic%2C300%2C300italic%2Cregular%2Citalic%2C500%2C500italic%2C700%2C700italic%2C900%2C900italic|font_style:700%20bold%20regular%3A700%3Anormal&#8221;][\/vc_column_inner][\/vc_row_inner][\/vc_column][\/vc_row][vc_row bg_type=&#8221;bg_color&#8221; bg_override=&#8221;ex-full&#8221; bg_color_value=&#8221;#364d92&#8243;][vc_column][vc_custom_heading text=&#8221;Meta de Alta Prioridad&#8221; font_container=&#8221;tag:p|font_size:18px|text_align:left|color:%23ffff00|line_height:1.5&#8243; google_fonts=&#8221;font_family:Roboto%3A100%2C100italic%2C300%2C300italic%2Cregular%2Citalic%2C500%2C500italic%2C700%2C700italic%2C900%2C900italic|font_style:400%20regular%3A400%3Anormal&#8221;][vc_custom_heading text=&#8221;Cada estudiante se siente seguro, querido, aprende todo lo esperado, y sus padres as\u00ed lo perciben.&#8221; font_container=&#8221;tag:p|font_size:18px|text_align:left|color:%23ffffff|line_height:1.5&#8243; google_fonts=&#8221;font_family:Roboto%3A100%2C100italic%2C300%2C300italic%2Cregular%2Citalic%2C500%2C500italic%2C700%2C700italic%2C900%2C900italic|font_style:400%20regular%3A400%3Anormal&#8221;][vc_custom_heading text=&#8221;Cortes\u00eda &#8211; ser [&hellip;]\" \/>\n<meta property=\"og:url\" content=\"https:\/\/rochesterapps.com\/rochestereduco\/lineamientos-orientadores\/\" \/>\n<meta property=\"og:site_name\" content=\"Colegio Biling\u00fce Rochester | Calendario B Bogot\u00e1 - Ch\u00eda mixto\" \/>\n<meta property=\"article:modified_time\" content=\"2022-02-24T03:27:33+00:00\" \/>\n<meta property=\"og:image\" content=\"https:\/\/ik.imagekit.io\/rochester59bucket\/Rochester_School\/Rochester_Web\/Lineamientos_Orientadores\/sacial_Glssc3vC5U.png?updatedAt=1627329833456\" \/>\n<meta name=\"twitter:card\" content=\"summary_large_image\" \/>\n<script type=\"application\/ld+json\" class=\"yoast-schema-graph\">{\"@context\":\"https:\/\/schema.org\",\"@graph\":[{\"@type\":\"Organization\",\"@id\":\"https:\/\/rochesterapps.com\/rochestereduco\/#organization\",\"name\":\"Colegio Rochester\",\"url\":\"https:\/\/rochesterapps.com\/rochestereduco\/\",\"sameAs\":[],\"logo\":{\"@type\":\"ImageObject\",\"@id\":\"https:\/\/rochesterapps.com\/rochestereduco\/#logo\",\"inLanguage\":\"es-CO\",\"url\":\"https:\/\/rochesterapps.com\/rochestereduco\/wp-content\/uploads\/2020\/04\/Logos-Rochester_espan\\u0303ol-02-2.png\",\"width\":331,\"height\":512,\"caption\":\"Colegio Rochester\"},\"image\":{\"@id\":\"https:\/\/rochesterapps.com\/rochestereduco\/#logo\"}},{\"@type\":\"WebSite\",\"@id\":\"https:\/\/rochesterapps.com\/rochestereduco\/#website\",\"url\":\"https:\/\/rochesterapps.com\/rochestereduco\/\",\"name\":\"Colegio Biling\\u00fce Rochester | Calendario B Bogot\\u00e1 - Ch\\u00eda mixto\",\"description\":\"Colegio biling\\u00fce en Bogot\\u00e1 y Ch\\u00eda calendario B, multiling\\u00fce, mixto con bases cat\\u00f3licas donde los estudiantes se desarrollan exitosamente en un ambiente escolar saludable, cort\\u00e9s y feliz. Nuestro prop\\u00f3sito es inspirar y educar estudiantes para que tomen control de sus vidas con el mundo en mente\",\"publisher\":{\"@id\":\"https:\/\/rochesterapps.com\/rochestereduco\/#organization\"},\"potentialAction\":[{\"@type\":\"SearchAction\",\"target\":\"https:\/\/rochesterapps.com\/rochestereduco\/?s={search_term_string}\",\"query-input\":\"required name=search_term_string\"}],\"inLanguage\":\"es-CO\"},{\"@type\":\"ImageObject\",\"@id\":\"https:\/\/rochesterapps.com\/rochestereduco\/lineamientos-orientadores\/#primaryimage\",\"inLanguage\":\"es-CO\",\"url\":\"https:\/\/ik.imagekit.io\/rochester59bucket\/Rochester_School\/Rochester_Web\/Lineamientos_Orientadores\/sacial_Glssc3vC5U.png?updatedAt=1627329833456\"},{\"@type\":\"WebPage\",\"@id\":\"https:\/\/rochesterapps.com\/rochestereduco\/lineamientos-orientadores\/#webpage\",\"url\":\"https:\/\/rochesterapps.com\/rochestereduco\/lineamientos-orientadores\/\",\"name\":\"Lineamientos Orientadores - Colegio Biling\\u00fce Rochester | Calendario B Bogot\\u00e1 - Ch\\u00eda mixto\",\"isPartOf\":{\"@id\":\"https:\/\/rochesterapps.com\/rochestereduco\/#website\"},\"primaryImageOfPage\":{\"@id\":\"https:\/\/rochesterapps.com\/rochestereduco\/lineamientos-orientadores\/#primaryimage\"},\"datePublished\":\"2020-10-19T16:29:37+00:00\",\"dateModified\":\"2022-02-24T03:27:33+00:00\",\"inLanguage\":\"es-CO\",\"potentialAction\":[{\"@type\":\"ReadAction\",\"target\":[\"https:\/\/rochesterapps.com\/rochestereduco\/lineamientos-orientadores\/\"]}]}]}<\/script>\n<!-- \/ Yoast SEO plugin. -->","_links":{"self":[{"href":"https:\/\/rochesterapps.com\/rochestereduco\/wp-json\/wp\/v2\/pages\/24069"}],"collection":[{"href":"https:\/\/rochesterapps.com\/rochestereduco\/wp-json\/wp\/v2\/pages"}],"about":[{"href":"https:\/\/rochesterapps.com\/rochestereduco\/wp-json\/wp\/v2\/types\/page"}],"author":[{"embeddable":true,"href":"https:\/\/rochesterapps.com\/rochestereduco\/wp-json\/wp\/v2\/users\/1"}],"replies":[{"embeddable":true,"href":"https:\/\/rochesterapps.com\/rochestereduco\/wp-json\/wp\/v2\/comments?post=24069"}],"version-history":[{"count":49,"href":"https:\/\/rochesterapps.com\/rochestereduco\/wp-json\/wp\/v2\/pages\/24069\/revisions"}],"predecessor-version":[{"id":26843,"href":"https:\/\/rochesterapps.com\/rochestereduco\/wp-json\/wp\/v2\/pages\/24069\/revisions\/26843"}],"wp:attachment":[{"href":"https:\/\/rochesterapps.com\/rochestereduco\/wp-json\/wp\/v2\/media?parent=24069"}],"curies":[{"name":"wp","href":"https:\/\/api.w.org\/{rel}","templated":true}]}}