{"id":23894,"date":"2020-09-24T09:07:44","date_gmt":"2020-09-24T14:07:44","guid":{"rendered":"https:\/\/rochesterapps.com\/rochestereduco\/?page_id=23894"},"modified":"2022-02-23T20:36:23","modified_gmt":"2022-02-24T01:36:23","slug":"cid","status":"publish","type":"page","link":"https:\/\/rochesterapps.com\/rochestereduco\/cid\/","title":{"rendered":"CID"},"content":{"rendered":"<p>[vc_row full_width=&#8221;stretch_row_content_no_spaces&#8221;][vc_column]<div class='dt-sc-image-caption type3  space-top-image-caption' data-delay='0'><div class='dt-sc-image-wrapper'><\/div><div class='dt-sc-image-content'><div class='dt-sc-image-title'><h3><\/h3><\/div><p><img loading=\"lazy\" src=\"https:\/\/ik.imagekit.io\/rochester59bucket\/Rochester_School\/Rochester_Web\/CID\/GIF_portada_CID_compress-1024x216_KAZspSBjE.gif?updatedAt=1627048687511\" alt=\"Centro de Investigaci\u00f3n y desarrollo\" width=\"1920\" height=\"216\" \/><\/p><\/div><\/div>[\/vc_column][\/vc_row][vc_row][vc_column][vc_custom_heading text=&#8221;Colegios excelentes en Bogot\u00e1&#8221; font_container=&#8221;tag:h1|font_size:20|text_align:center|color:%23212c5d&#8221; google_fonts=&#8221;font_family:Roboto%3A100%2C100italic%2C300%2C300italic%2Cregular%2Citalic%2C500%2C500italic%2C700%2C700italic%2C900%2C900italic|font_style:500%20bold%20regular%3A500%3Anormal&#8221;][vc_row_inner][vc_column_inner]<div class='dt-sc-image-caption type3  space-top-image-caption' data-delay='0'><div class='dt-sc-image-wrapper'><\/div><div class='dt-sc-image-content'><div class='dt-sc-image-title'><h3><\/h3><\/div><p><img src=\"https:\/\/ik.imagekit.io\/rochester59bucket\/Rochester_School\/Rochester_Web\/CID\/CID_Fraseinicio-1024x91_82VfDIKZ2.png?updatedAt=1627049033143\" alt=\"William Glasser\" \/><\/p><\/div><\/div>[\/vc_column_inner][\/vc_row_inner][\/vc_column][\/vc_row][vc_row bg_type=&#8221;bg_color&#8221; bg_override=&#8221;ex-full&#8221; bg_color_value=&#8221;#404251&#8243;][vc_column][vc_row_inner css=&#8221;.vc_custom_1601044730341{padding-top: 40px !important;padding-bottom: 40px !important;}&#8221;][vc_column_inner width=&#8221;2\/4&#8243;][vc_single_image source=&#8221;external_link&#8221; custom_src=&#8221;https:\/\/ik.imagekit.io\/rochester59bucket\/Rochester_School\/Rochester_Web\/CID\/titulo_nosotros_icono_Mz7gmeDM-.png?updatedAt=1627049125118&#8243;][vc_custom_heading text=&#8221;Somos un Centro de Investigaci\u00f3n y Desarrollo que busca comunicar resultados relevantes que permitan mejorar la educaci\u00f3n en nuestro pa\u00eds. El Colegio Rochester ha estado a la vanguardia de numerosos procesos pedag\u00f3gicos, y es el momento de compartir nuestros descubrimientos y pr\u00e1cticas docentes basadas en la Teor\u00eda de la Elecci\u00f3n.&#8221; font_container=&#8221;tag:p|font_size:16px|text_align:justify|color:%23ffffff|line_height:1.4&#8243; google_fonts=&#8221;font_family:Roboto%3A100%2C100italic%2C300%2C300italic%2Cregular%2Citalic%2C500%2C500italic%2C700%2C700italic%2C900%2C900italic|font_style:400%20regular%3A400%3Anormal&#8221;]<div id=\"1601049841829-c293c2d5-4f43\" class=\"dt-sc-empty-space\"><\/div>[vc_custom_heading text=&#8221;El CID se fundamenta en dos escuelas. Por un lado, la Escuela de Estudios en Educaci\u00f3n y Pedagog\u00eda EDEEP que se centra en la investigaci\u00f3n docente. Por otro lado, la Escuela de Semilleros Estudiantiles ESE que se centra en la investigaci\u00f3n estudiantil. Pensando en los diferentes intereses del conocimiento, esta escuela se divide en seis institutos a los cuales puedes pertenecer los estudiantes y maestros interesados en el \u00e1rea de estudio. De esta manera contamos con el Instituto de Estudios Art\u00edsticos IDEA, el Instituto de Estudios Matem\u00e1ticos IDEM, el Instituto de Estudios Cient\u00edficos IDEC, el Instituto de Estudios Sociales IDES, el Instituto de Estudios Ling\u00fc\u00edsticos IDEL, y el Instituto de Estudios Deportivos IDED.&#8221; font_container=&#8221;tag:p|font_size:16px|text_align:justify|color:%23ffffff|line_height:1.4&#8243; google_fonts=&#8221;font_family:Roboto%3A100%2C100italic%2C300%2C300italic%2Cregular%2Citalic%2C500%2C500italic%2C700%2C700italic%2C900%2C900italic|font_style:400%20regular%3A400%3Anormal&#8221;][\/vc_column_inner][vc_column_inner width=&#8221;1\/4&#8243;][vc_single_image source=&#8221;external_link&#8221; custom_src=&#8221;https:\/\/ik.imagekit.io\/rochester59bucket\/Rochester_School\/Rochester_Web\/CID\/titulo_mision_icono_L_ephlxjs.png?updatedAt=1627049253631&#8243;][vc_custom_heading text=&#8221;Nuestra misi\u00f3n es convertirnos en una instituci\u00f3n pionera en la investigaci\u00f3n pedag\u00f3gica, tanto de estudiantes como de docentes. Esto con el fin de desarrollar, implementar y comunicar de manera efectiva resultados que permitan mejorar la calidad de la educaci\u00f3n y que desarrollen en los estudiantes habilidades y competencias para el mundo basadas en los tres pilares del Rochester y en las competencias de ciudadanos globales del Council of International Schools (CIS).&#8221; font_container=&#8221;tag:p|font_size:16px|text_align:justify|color:%23ffffff|line_height:1.4&#8243; google_fonts=&#8221;font_family:Roboto%3A100%2C100italic%2C300%2C300italic%2Cregular%2Citalic%2C500%2C500italic%2C700%2C700italic%2C900%2C900italic|font_style:400%20regular%3A400%3Anormal&#8221;][\/vc_column_inner][vc_column_inner width=&#8221;1\/4&#8243;][vc_single_image source=&#8221;external_link&#8221; custom_src=&#8221;https:\/\/ik.imagekit.io\/rochester59bucket\/Rochester_School\/Rochester_Web\/CID\/titulo_vision_icono_ZbT1ubHEPq.png?updatedAt=1627049476595&#8243;][vc_custom_heading text=&#8221;El CID se ve como un centro de investigaci\u00f3n innovador, creativo y din\u00e1mico, que aporte a las pr\u00e1cticas pedag\u00f3gicas e inspire la investigaci\u00f3n con prop\u00f3sito, en estudiantes y maestros.&#8221; font_container=&#8221;tag:p|font_size:16px|text_align:justify|color:%23ffffff|line_height:1.4&#8243; google_fonts=&#8221;font_family:Roboto%3A100%2C100italic%2C300%2C300italic%2Cregular%2Citalic%2C500%2C500italic%2C700%2C700italic%2C900%2C900italic|font_style:400%20regular%3A400%3Anormal&#8221;][\/vc_column_inner][\/vc_row_inner][\/vc_column][\/vc_row][vc_row][vc_column][vc_single_image source=&#8221;external_link&#8221; alignment=&#8221;center&#8221; custom_src=&#8221;https:\/\/ik.imagekit.io\/rochester59bucket\/Rochester_School\/Rochester_Web\/CID\/titulo-nuestrascosas_pZUG6DYKohP.png?updatedAt=1627049695518&#8243;][\/vc_column][\/vc_row][vc_row][vc_column][vc_row_inner gap=&#8221;20&#8243; css=&#8221;.vc_custom_1601050961128{padding-bottom: 40px !important;}&#8221;][vc_column_inner width=&#8221;1\/2&#8243;][vc_single_image source=&#8221;external_link&#8221; alignment=&#8221;center&#8221; custom_src=&#8221;https:\/\/ik.imagekit.io\/rochester59bucket\/Rochester_School\/Rochester_Web\/CID\/Logo_b-1_YZV8iNAF5.png?updatedAt=1627050030819&#8243;][vc_custom_heading text=&#8221;&#8220;La educaci\u00f3n utiliza y mejora el conocimiento y eso cambia todo el panorama&#8220;<br \/>\nWilliam Glasser&#8221; font_container=&#8221;tag:p|font_size:16px|text_align:justify|color:%235b1015|line_height:1.4&#8243; google_fonts=&#8221;font_family:Roboto%3A100%2C100italic%2C300%2C300italic%2Cregular%2Citalic%2C500%2C500italic%2C700%2C700italic%2C900%2C900italic|font_style:400%20regular%3A400%3Anormal&#8221;]<div id=\"1601050167976-01921d22-e601\" class=\"dt-sc-empty-space\"><\/div>[vc_custom_heading text=&#8221;El objetivo de esta escuela es que los docentes realicen investigaciones relevantes en las \u00e1reas de la did\u00e1ctica y la pedagog\u00eda, tanto dentro como fuera del aula de clases, con \u00e9nfasis en la Teor\u00eda de la Elecci\u00f3n de William Glasser.&#8221; font_container=&#8221;tag:p|font_size:16px|text_align:justify|color:%23404251|line_height:1.4&#8243; google_fonts=&#8221;font_family:Roboto%3A100%2C100italic%2C300%2C300italic%2Cregular%2Citalic%2C500%2C500italic%2C700%2C700italic%2C900%2C900italic|font_style:400%20regular%3A400%3Anormal&#8221;]<div id=\"1601049850657-69601e62-96b0\" class=\"dt-sc-empty-space\"><\/div>[vc_custom_heading text=&#8221;Los docentes de nuestra instituci\u00f3n tienen la oportunidad de realizar proyectos que contribuyan a la calidad de las pr\u00e1cticas pedag\u00f3gicas y que le permitan certificarse despu\u00e9s de dos a\u00f1os de entrenamiento con la Fundaci\u00f3n Elegir en Teor\u00eda de la Elecci\u00f3n.&#8221; font_container=&#8221;tag:p|font_size:16px|text_align:justify|color:%23404251|line_height:1.4&#8243; google_fonts=&#8221;font_family:Roboto%3A100%2C100italic%2C300%2C300italic%2Cregular%2Citalic%2C500%2C500italic%2C700%2C700italic%2C900%2C900italic|font_style:400%20regular%3A400%3Anormal&#8221;]<div id=\"1601048818074-ab91fea0-6871\" class=\"dt-sc-empty-space\"><\/div>[vc_custom_heading text=&#8221;Adicionalmente, junto con el \u00e1rea de desarrollo profesional del Colegio Rochester, ayudamos a que los maestros que est\u00e1n realizando estudios de especializaci\u00f3n o maestr\u00edas, compartan sus resultados con la comunidad public\u00e1ndolos en revistas de car\u00e1cter indexado.&#8221; font_container=&#8221;tag:p|font_size:16px|text_align:justify|color:%23404251|line_height:1.4&#8243; google_fonts=&#8221;font_family:Roboto%3A100%2C100italic%2C300%2C300italic%2Cregular%2Citalic%2C500%2C500italic%2C700%2C700italic%2C900%2C900italic|font_style:400%20regular%3A400%3Anormal&#8221;][\/vc_column_inner][vc_column_inner width=&#8221;1\/2&#8243;][vc_single_image source=&#8221;external_link&#8221; alignment=&#8221;center&#8221; custom_src=&#8221;https:\/\/ik.imagekit.io\/rochester59bucket\/Rochester_School\/Rochester_Web\/CID\/Logo_a-1_2PSVCSY2ZU.png?updatedAt=1627050109769&#8243;][vc_custom_heading text=&#8221;&#8220;El d\u00eda que dejemos de jugar ser\u00e1 el d\u00eda que dejemos de aprender&#8220;<br \/>\nWilliam Glasser&#8221; font_container=&#8221;tag:p|font_size:16px|text_align:justify|color:%235b1015|line_height:1.4&#8243; google_fonts=&#8221;font_family:Roboto%3A100%2C100italic%2C300%2C300italic%2Cregular%2Citalic%2C500%2C500italic%2C700%2C700italic%2C900%2C900italic|font_style:400%20regular%3A400%3Anormal&#8221;]<div id=\"1601050178322-f4564b12-fc3d\" class=\"dt-sc-empty-space\"><\/div>[vc_custom_heading text=&#8221;El objetivo de esta escuela es que los estudiantes tengan la oportunidad de cuestionarse sobre las problem\u00e1ticas reales del mundo para que por medio de la investigaci\u00f3n rigurosa den soluciones y se conviertan en actores y gestores de producci\u00f3n de conocimiento.&#8221; font_container=&#8221;tag:p|font_size:16px|text_align:justify|color:%23404251|line_height:1.4&#8243; google_fonts=&#8221;font_family:Roboto%3A100%2C100italic%2C300%2C300italic%2Cregular%2Citalic%2C500%2C500italic%2C700%2C700italic%2C900%2C900italic|font_style:400%20regular%3A400%3Anormal&#8221;]<div id=\"1601050183967-183bb68c-eefe\" class=\"dt-sc-empty-space\"><\/div>[vc_custom_heading text=&#8221;Nuestros estudiantes y profesores se pueden vincular al instituto que mejor se alinee con sus preferencias acad\u00e9micas. Cada instituto tienes su propio objetivo y un profesor cabeza de instituto qui\u00e9n lidera a los estudiantes en la construcci\u00f3n del conocimiento pertinente para el \u00e1rea del estudio.&#8221; font_container=&#8221;tag:p|font_size:16px|text_align:justify|color:%23404251|line_height:1.4&#8243; google_fonts=&#8221;font_family:Roboto%3A100%2C100italic%2C300%2C300italic%2Cregular%2Citalic%2C500%2C500italic%2C700%2C700italic%2C900%2C900italic|font_style:400%20regular%3A400%3Anormal&#8221;]<div id=\"1601053306816-2694fc6e-07a7\" class=\"dt-sc-empty-space\"><\/div>[vc_custom_heading text=&#8221;Adem\u00e1s, los institutos buscan fomentar el trabajo cooperativo entre estudiantes y las relaciones acad\u00e9micas con otros centros de investigaci\u00f3n nacionales e internacionales, as\u00ed como con otros colegios y universidades.&#8221; font_container=&#8221;tag:p|font_size:16px|text_align:justify|color:%23404251|line_height:1.4&#8243; google_fonts=&#8221;font_family:Roboto%3A100%2C100italic%2C300%2C300italic%2Cregular%2Citalic%2C500%2C500italic%2C700%2C700italic%2C900%2C900italic|font_style:400%20regular%3A400%3Anormal&#8221;][\/vc_column_inner][\/vc_row_inner][\/vc_column][\/vc_row][vc_row bg_type=&#8221;bg_color&#8221; bg_override=&#8221;ex-full&#8221; bg_color_value=&#8221;#404251&#8243;][vc_column][vc_single_image source=&#8221;external_link&#8221; alignment=&#8221;center&#8221; custom_src=&#8221;https:\/\/ik.imagekit.io\/rochester59bucket\/Rochester_School\/Rochester_Web\/CID\/titulonuestrosinstitutos_UyASiPBYW.png?updatedAt=1627050303801&#8243;][vc_row_inner][vc_column_inner width=&#8221;1\/3&#8243;][vc_single_image source=&#8221;external_link&#8221; alignment=&#8221;center&#8221; custom_src=&#8221;https:\/\/ik.imagekit.io\/rochester59bucket\/Rochester_School\/Rochester_Web\/CID\/Logo_c_dLUf0KxxZ.png?updatedAt=1627050397739&#8243;][\/vc_column_inner][vc_column_inner width=&#8221;1\/3&#8243;][vc_single_image source=&#8221;external_link&#8221; alignment=&#8221;center&#8221; custom_src=&#8221;https:\/\/ik.imagekit.io\/rochester59bucket\/Rochester_School\/Rochester_Web\/CID\/Logo_d-1_VIwJxTEuP.png?updatedAt=1627050470374&#8243;][\/vc_column_inner][vc_column_inner width=&#8221;1\/3&#8243;][vc_single_image source=&#8221;external_link&#8221; alignment=&#8221;center&#8221; custom_src=&#8221;https:\/\/ik.imagekit.io\/rochester59bucket\/Rochester_School\/Rochester_Web\/CID\/Logo_e_jfOne8idej.png?updatedAt=1627050559764&#8243;][\/vc_column_inner][\/vc_row_inner][vc_row_inner][vc_column_inner width=&#8221;1\/3&#8243;][vc_single_image source=&#8221;external_link&#8221; alignment=&#8221;center&#8221; custom_src=&#8221;https:\/\/ik.imagekit.io\/rochester59bucket\/Rochester_School\/Rochester_Web\/CID\/Logo_f_cC77gcpY5n.png?updatedAt=1627050727927&#8243;][\/vc_column_inner][vc_column_inner width=&#8221;1\/3&#8243;][vc_single_image source=&#8221;external_link&#8221; alignment=&#8221;center&#8221; custom_src=&#8221;https:\/\/ik.imagekit.io\/rochester59bucket\/Rochester_School\/Rochester_Web\/CID\/Logo_g_54h5vASD-.png?updatedAt=1627050833644&#8243;][\/vc_column_inner][vc_column_inner width=&#8221;1\/3&#8243;][vc_single_image source=&#8221;external_link&#8221; alignment=&#8221;center&#8221; custom_src=&#8221;https:\/\/ik.imagekit.io\/rochester59bucket\/Rochester_School\/Rochester_Web\/CID\/Logo_h_RU1dTG6czR.png?updatedAt=1627050919034&#8243;][\/vc_column_inner][\/vc_row_inner][\/vc_column][\/vc_row][vc_row bg_type=&#8221;bg_color&#8221; bg_override=&#8221;ex-full&#8221; bg_color_value=&#8221;#ffffff&#8221;][vc_column][vc_single_image source=&#8221;external_link&#8221; custom_src=&#8221;https:\/\/ik.imagekit.io\/rochester59bucket\/Rochester_School\/Rochester_Web\/CID\/titulonuestrosinstitutos234_SC9CuI8tJr.png?updatedAt=1627051075664&#8243;][vc_row_inner][vc_column_inner width=&#8221;1\/2&#8243;]<div class=\" ubtn-ctn-center \"><a class=\"ubtn-link ult-adjust-bottom-margin ubtn-center ubtn-large \" href=\"https:\/\/rochesterapps.com\/rochestereduco\/quick-links\/publicaciones-digitales\/\" title=\"Publicaciones Digitales\" ><button type=\"button\" id=\"ubtn-8685\"  class=\"ubtn ult-adjust-bottom-margin ult-responsive ubtn-large ubtn-fade-bg  none  ubtn-center   tooltip-69d11152edbc5\"  data-hover=\"#ffffff\" data-border-color=\"\" data-bg=\"#404251\" data-hover-bg=\"#89adff\" data-border-hover=\"\" data-shadow-hover=\"\" data-shadow-click=\"none\" data-shadow=\"\" data-shd-shadow=\"\"  data-ultimate-target='#ubtn-8685'  data-responsive-json-new='{\"font-size\":\"desktop:16px;\",\"line-height\":\"\"}'  style=\"font-weight:normal;border:none;background: #404251;color: #ffffff;\"><span class=\"ubtn-hover\" style=\"background-color:#89adff\"><\/span><span class=\"ubtn-data ubtn-text \" >Ver publicaciones<\/span><\/button><\/a><\/div>[\/vc_column_inner][vc_column_inner width=&#8221;1\/2&#8243;][vc_single_image source=&#8221;external_link&#8221; external_img_size=&#8221;150&#215;156&#8243; alignment=&#8221;center&#8221; custom_src=&#8221;https:\/\/ik.imagekit.io\/rochester59bucket\/Rochester_School\/Rochester_Web\/CID\/AndreaPolanco3_SogIegBEl.png?updatedAt=1627051895817&#8243;][vc_custom_heading text=&#8221;Si quieres conocer m\u00e1s acerca de esta iniciativa o inscribirte en alguna de las Escuelas o Institutos, comun\u00edcate con:&#8221; font_container=&#8221;tag:p|font_size:16px|text_align:center|color:%23404251|line_height:1.4&#8243; google_fonts=&#8221;font_family:Roboto%3A100%2C100italic%2C300%2C300italic%2Cregular%2Citalic%2C500%2C500italic%2C700%2C700italic%2C900%2C900italic|font_style:400%20regular%3A400%3Anormal&#8221;]<div id=\"1601053317098-1cd69ff2-6c4a\" class=\"dt-sc-empty-space\"><\/div>[vc_custom_heading text=&#8221;<b>Andrea Polanco<\/b><br \/>\nDirectora del CID&#8221; font_container=&#8221;tag:p|font_size:16px|text_align:center|color:%23404251|line_height:1.4&#8243; google_fonts=&#8221;font_family:Roboto%3A100%2C100italic%2C300%2C300italic%2Cregular%2Citalic%2C500%2C500italic%2C700%2C700italic%2C900%2C900italic|font_style:400%20regular%3A400%3Anormal&#8221;]<div id=\"1601049847289-c5da2195-e86b\" class=\"dt-sc-empty-space\"><\/div><div class=\" ubtn-ctn-center \"><a class=\"ubtn-link ult-adjust-bottom-margin ubtn-center ubtn-small \" href=\"mailto:apolanco@rochesterapps.com\/rochestereduco\" ><button type=\"button\" id=\"ubtn-1430\"  class=\"ubtn ult-adjust-bottom-margin ult-responsive ubtn-small ubtn-fade-bg  none  ubtn-center   tooltip-69d11152edc3e\"  data-hover=\"#ffffff\" data-border-color=\"\" data-bg=\"#404251\" data-hover-bg=\"#89adff\" data-border-hover=\"\" data-shadow-hover=\"\" data-shadow-click=\"none\" data-shadow=\"\" data-shd-shadow=\"\"  data-ultimate-target='#ubtn-1430'  data-responsive-json-new='{\"font-size\":\"desktop:14px;\",\"line-height\":\"\"}'  style=\"font-weight:normal;border:none;background: #404251;color: #ffffff;\"><span class=\"ubtn-hover\" style=\"background-color:#89adff\"><\/span><span class=\"ubtn-data ubtn-text \" >Enviar mensaje<\/span><\/button><\/a><\/div>[\/vc_column_inner][\/vc_row_inner][\/vc_column][\/vc_row][vc_row bg_type=&#8221;image&#8221; parallax_style=&#8221;vcpb-default&#8221; bg_image_new=&#8221;id^21479|url^https:\/\/rochesterapps.com\/rochestereduco\/wp-content\/uploads\/2020\/04\/footer45.png|caption^null|alt^null|title^footer45|description^null&#8221; bg_override=&#8221;ex-full&#8221;][vc_column][vc_row_inner css=&#8221;.vc_custom_1587678670656{padding-top: 100px !important;padding-bottom: 180px !important;}&#8221;][vc_column_inner width=&#8221;1\/4&#8243;][vc_custom_heading text=&#8221;Ubicaci\u00f3n<br \/>\nA la altura Peaje Autonorte<br \/>\nVereda Fusca<br \/>\nCh\u00eda, Cundinamarca<br \/>\nColombia 250008&#8243; font_container=&#8221;tag:p|font_size:16px|text_align:left|color:%23000000|line_height:1.2&#8243; google_fonts=&#8221;font_family:Roboto%3A100%2C100italic%2C300%2C300italic%2Cregular%2Citalic%2C500%2C500italic%2C700%2C700italic%2C900%2C900italic|font_style:500%20bold%20regular%3A500%3Anormal&#8221;][\/vc_column_inner][vc_column_inner width=&#8221;1\/4&#8243;][vc_custom_heading text=&#8221;Cont\u00e1ctanos<br \/>\nadmisiones@rochesterapps.com\/rochestereduco<br \/>\nPBX: 749-6000 Ext. 2222 \u00f3 2200<br \/>\nCel: +57 (321)3714394&#8243; font_container=&#8221;tag:p|font_size:16px|text_align:left|color:%23000000|line_height:1.2&#8243; google_fonts=&#8221;font_family:Roboto%3A100%2C100italic%2C300%2C300italic%2Cregular%2Citalic%2C500%2C500italic%2C700%2C700italic%2C900%2C900italic|font_style:500%20bold%20regular%3A500%3Anormal&#8221;][\/vc_column_inner][vc_column_inner width=&#8221;1\/4&#8243;][\/vc_column_inner][vc_column_inner width=&#8221;1\/4&#8243;][vc_custom_heading text=&#8221;POL\u00cdTICAS ROCHESTER&#8221; font_container=&#8221;tag:p|font_size:15px|text_align:center|color:%23000000|line_height:20px&#8221; google_fonts=&#8221;font_family:Roboto%3A100%2C100italic%2C300%2C300italic%2Cregular%2Citalic%2C500%2C500italic%2C700%2C700italic%2C900%2C900italic|font_style:500%20bold%20regular%3A500%3Anormal&#8221; link=&#8221;url:https%3A%2F%2Frochesterapps.com\/rochestereduco%2Fpoliticas%2F|title:Pol%C3%ADticas%20Rochester|target:%20_blank|&#8221;]<div id=\"1590172847119-49ea5e5a-e9c2\" class=\"dt-sc-empty-space\"><\/div>[\/vc_column_inner][\/vc_row_inner][\/vc_column][\/vc_row]<\/p>\n","protected":false},"excerpt":{"rendered":"<p>[vc_row full_width=&#8221;stretch_row_content_no_spaces&#8221;][vc_column][\/vc_column][\/vc_row][vc_row][vc_column][vc_custom_heading text=&#8221;Colegios excelentes en Bogot\u00e1&#8221; font_container=&#8221;tag:h1|font_size:20|text_align:center|color:%23212c5d&#8221; google_fonts=&#8221;font_family:Roboto%3A100%2C100italic%2C300%2C300italic%2Cregular%2Citalic%2C500%2C500italic%2C700%2C700italic%2C900%2C900italic|font_style:500%20bold%20regular%3A500%3Anormal&#8221;][vc_row_inner][vc_column_inner][\/vc_column_inner][\/vc_row_inner][\/vc_column][\/vc_row][vc_row bg_type=&#8221;bg_color&#8221; bg_override=&#8221;ex-full&#8221; bg_color_value=&#8221;#404251&#8243;][vc_column][vc_row_inner css=&#8221;.vc_custom_1601044730341{padding-top: 40px !important;padding-bottom: 40px !important;}&#8221;][vc_column_inner width=&#8221;2\/4&#8243;][vc_single_image source=&#8221;external_link&#8221; custom_src=&#8221;https:\/\/ik.imagekit.io\/rochester59bucket\/Rochester_School\/Rochester_Web\/CID\/titulo_nosotros_icono_Mz7gmeDM-.png?updatedAt=1627049125118&#8243;][vc_custom_heading text=&#8221;Somos un Centro de Investigaci\u00f3n y Desarrollo que busca comunicar resultados relevantes que permitan mejorar la educaci\u00f3n en nuestro pa\u00eds. El Colegio Rochester ha estado a la vanguardia de numerosos procesos pedag\u00f3gicos, y es el momento [&hellip;]<\/p>\n","protected":false},"author":1,"featured_media":0,"parent":0,"menu_order":0,"comment_status":"closed","ping_status":"closed","template":"","meta":[],"yoast_head":"<!-- This site is optimized with the Yoast SEO plugin v14.9 - https:\/\/yoast.com\/wordpress\/plugins\/seo\/ -->\n<title>Colegios excelentes en Bogot\u00e1 | Certificado Glasser<\/title>\n<meta name=\"description\" content=\"Colegios excelentes en Bogot\u00e1. Somos uno de los 50 Colegios m\u00e1s innovadores del mundo. \u00danico Colegio de Calidad Glasser en Colombia.\" \/>\n<meta name=\"robots\" content=\"noindex, follow, max-snippet:-1, max-image-preview:large, max-video-preview:-1\" \/>\n<meta property=\"og:locale\" content=\"es_ES\" \/>\n<meta property=\"og:type\" content=\"article\" \/>\n<meta property=\"og:title\" content=\"Colegios excelentes en Bogot\u00e1 | Certificado Glasser\" \/>\n<meta property=\"og:description\" content=\"Colegios excelentes en Bogot\u00e1. Somos uno de los 50 Colegios m\u00e1s innovadores del mundo. \u00danico Colegio de Calidad Glasser en Colombia.\" \/>\n<meta property=\"og:url\" content=\"https:\/\/rochesterapps.com\/rochestereduco\/cid\/\" \/>\n<meta property=\"og:site_name\" content=\"Colegio Biling\u00fce Rochester | Calendario B Bogot\u00e1 - Ch\u00eda mixto\" \/>\n<meta property=\"article:modified_time\" content=\"2022-02-24T01:36:23+00:00\" \/>\n<meta property=\"og:image\" content=\"https:\/\/ik.imagekit.io\/rochester59bucket\/Rochester_School\/Rochester_Web\/CID\/GIF_portada_CID_compress-1024x216_KAZspSBjE.gif?updatedAt=1627048687511\" \/>\n<meta name=\"twitter:card\" content=\"summary_large_image\" \/>\n<script type=\"application\/ld+json\" class=\"yoast-schema-graph\">{\"@context\":\"https:\/\/schema.org\",\"@graph\":[{\"@type\":\"Organization\",\"@id\":\"https:\/\/rochesterapps.com\/rochestereduco\/#organization\",\"name\":\"Colegio Rochester\",\"url\":\"https:\/\/rochesterapps.com\/rochestereduco\/\",\"sameAs\":[],\"logo\":{\"@type\":\"ImageObject\",\"@id\":\"https:\/\/rochesterapps.com\/rochestereduco\/#logo\",\"inLanguage\":\"es-CO\",\"url\":\"https:\/\/rochesterapps.com\/rochestereduco\/wp-content\/uploads\/2020\/04\/Logos-Rochester_espan\\u0303ol-02-2.png\",\"width\":331,\"height\":512,\"caption\":\"Colegio Rochester\"},\"image\":{\"@id\":\"https:\/\/rochesterapps.com\/rochestereduco\/#logo\"}},{\"@type\":\"WebSite\",\"@id\":\"https:\/\/rochesterapps.com\/rochestereduco\/#website\",\"url\":\"https:\/\/rochesterapps.com\/rochestereduco\/\",\"name\":\"Colegio Biling\\u00fce Rochester | Calendario B Bogot\\u00e1 - Ch\\u00eda mixto\",\"description\":\"Colegio biling\\u00fce en Bogot\\u00e1 y Ch\\u00eda calendario B, multiling\\u00fce, mixto con bases cat\\u00f3licas donde los estudiantes se desarrollan exitosamente en un ambiente escolar saludable, cort\\u00e9s y feliz. Nuestro prop\\u00f3sito es inspirar y educar estudiantes para que tomen control de sus vidas con el mundo en mente\",\"publisher\":{\"@id\":\"https:\/\/rochesterapps.com\/rochestereduco\/#organization\"},\"potentialAction\":[{\"@type\":\"SearchAction\",\"target\":\"https:\/\/rochesterapps.com\/rochestereduco\/?s={search_term_string}\",\"query-input\":\"required name=search_term_string\"}],\"inLanguage\":\"es-CO\"},{\"@type\":\"ImageObject\",\"@id\":\"https:\/\/rochesterapps.com\/rochestereduco\/cid\/#primaryimage\",\"inLanguage\":\"es-CO\",\"url\":\"https:\/\/ik.imagekit.io\/rochester59bucket\/Rochester_School\/Rochester_Web\/CID\/GIF_portada_CID_compress-1024x216_KAZspSBjE.gif?updatedAt=1627048687511\"},{\"@type\":\"WebPage\",\"@id\":\"https:\/\/rochesterapps.com\/rochestereduco\/cid\/#webpage\",\"url\":\"https:\/\/rochesterapps.com\/rochestereduco\/cid\/\",\"name\":\"Colegios excelentes en Bogot\\u00e1 | Certificado Glasser\",\"isPartOf\":{\"@id\":\"https:\/\/rochesterapps.com\/rochestereduco\/#website\"},\"primaryImageOfPage\":{\"@id\":\"https:\/\/rochesterapps.com\/rochestereduco\/cid\/#primaryimage\"},\"datePublished\":\"2020-09-24T14:07:44+00:00\",\"dateModified\":\"2022-02-24T01:36:23+00:00\",\"description\":\"Colegios excelentes en Bogot\\u00e1. Somos uno de los 50 Colegios m\\u00e1s innovadores del mundo. \\u00danico Colegio de Calidad Glasser en Colombia.\",\"inLanguage\":\"es-CO\",\"potentialAction\":[{\"@type\":\"ReadAction\",\"target\":[\"https:\/\/rochesterapps.com\/rochestereduco\/cid\/\"]}]}]}<\/script>\n<!-- \/ Yoast SEO plugin. -->","_links":{"self":[{"href":"https:\/\/rochesterapps.com\/rochestereduco\/wp-json\/wp\/v2\/pages\/23894"}],"collection":[{"href":"https:\/\/rochesterapps.com\/rochestereduco\/wp-json\/wp\/v2\/pages"}],"about":[{"href":"https:\/\/rochesterapps.com\/rochestereduco\/wp-json\/wp\/v2\/types\/page"}],"author":[{"embeddable":true,"href":"https:\/\/rochesterapps.com\/rochestereduco\/wp-json\/wp\/v2\/users\/1"}],"replies":[{"embeddable":true,"href":"https:\/\/rochesterapps.com\/rochestereduco\/wp-json\/wp\/v2\/comments?post=23894"}],"version-history":[{"count":36,"href":"https:\/\/rochesterapps.com\/rochestereduco\/wp-json\/wp\/v2\/pages\/23894\/revisions"}],"predecessor-version":[{"id":26787,"href":"https:\/\/rochesterapps.com\/rochestereduco\/wp-json\/wp\/v2\/pages\/23894\/revisions\/26787"}],"wp:attachment":[{"href":"https:\/\/rochesterapps.com\/rochestereduco\/wp-json\/wp\/v2\/media?parent=23894"}],"curies":[{"name":"wp","href":"https:\/\/api.w.org\/{rel}","templated":true}]}}