{"id":23721,"date":"2020-09-04T11:44:48","date_gmt":"2020-09-04T16:44:48","guid":{"rendered":"https:\/\/rochesterapps.com\/rochestereduco\/?page_id=23721"},"modified":"2022-03-09T09:19:54","modified_gmt":"2022-03-09T14:19:54","slug":"cambio-de-menu","status":"publish","type":"page","link":"https:\/\/rochesterapps.com\/rochestereduco\/cambio-de-menu\/","title":{"rendered":"Cambio de men\u00fa"},"content":{"rendered":"<p>[vc_row][vc_column]<div class=\"wpforms-container wpforms-container-full\" id=\"wpforms-26100\"><form id=\"wpforms-form-26100\" class=\"wpforms-validate wpforms-form\" data-formid=\"26100\" method=\"post\" enctype=\"multipart\/form-data\" action=\"\/rochestereduco\/wp-json\/wp\/v2\/pages\/23721\" data-token=\"3fcff20dfbe380106187944db597b39c\"><noscript class=\"wpforms-error-noscript\">Por favor, activa JavaScript en tu navegador para completar este formulario.<\/noscript><div class=\"wpforms-field-container\"><div id=\"wpforms-26100-field_7-container\" class=\"wpforms-field wpforms-field-name\" data-field-id=\"7\"><label class=\"wpforms-field-label\" for=\"wpforms-26100-field_7\">Nombre <span class=\"wpforms-required-label\">*<\/span><\/label><div class=\"wpforms-field-row wpforms-field-medium\"><div class=\"wpforms-field-row-block wpforms-first wpforms-one-half\"><input type=\"text\" id=\"wpforms-26100-field_7\" class=\"wpforms-field-name-first wpforms-field-required\" name=\"wpforms[fields][7][first]\" required><label for=\"wpforms-26100-field_7\" class=\"wpforms-field-sublabel after \">Nombre<\/label><\/div><div class=\"wpforms-field-row-block wpforms-one-half\"><input type=\"text\" id=\"wpforms-26100-field_7-last\" class=\"wpforms-field-name-last wpforms-field-required\" name=\"wpforms[fields][7][last]\" required><label for=\"wpforms-26100-field_7-last\" class=\"wpforms-field-sublabel after \">Apellidos<\/label><\/div><\/div><\/div><div id=\"wpforms-26100-field_9-container\" class=\"wpforms-field wpforms-field-text\" data-field-id=\"9\"><label class=\"wpforms-field-label\" for=\"wpforms-26100-field_9\">Grado <span class=\"wpforms-required-label\">*<\/span><\/label><input type=\"text\" id=\"wpforms-26100-field_9\" class=\"wpforms-field-medium wpforms-field-required\" name=\"wpforms[fields][9]\" required><\/div><div id=\"wpforms-26100-field_20-container\" class=\"wpforms-field wpforms-field-select wpforms-field-select-style-classic\" data-field-id=\"20\"><label class=\"wpforms-field-label\" for=\"wpforms-26100-field_20\">Lunes 6 DE JUNIO <span class=\"wpforms-required-label\">*<\/span><\/label><select id=\"wpforms-26100-field_20\" class=\"wpforms-field-medium wpforms-field-required\" name=\"wpforms[fields][20]\" required=\"required\"><option value=\"Men\u00fa del d\u00eda\" >Men\u00fa del d\u00eda<\/option><option value=\"Pechuga a la plancha\" >Pechuga a la plancha<\/option><option value=\"Pescado al vapor\" >Pescado al vapor<\/option><option value=\"Vegetariano\" >Vegetariano<\/option><option value=\"Carne Molida\" >Carne Molida<\/option><\/select><\/div><div id=\"wpforms-26100-field_21-container\" class=\"wpforms-field wpforms-field-select wpforms-field-select-style-classic\" data-field-id=\"21\"><label class=\"wpforms-field-label\" for=\"wpforms-26100-field_21\">Martes 7 DE JUNIO <span class=\"wpforms-required-label\">*<\/span><\/label><select id=\"wpforms-26100-field_21\" class=\"wpforms-field-medium wpforms-field-required\" name=\"wpforms[fields][21]\" required=\"required\"><option value=\"Men\u00fa del d\u00eda\" >Men\u00fa del d\u00eda<\/option><option value=\"Pechuga a la plancha\" >Pechuga a la plancha<\/option><option value=\"Pescado al vapor\" >Pescado al vapor<\/option><option value=\"Vegetariano\" >Vegetariano<\/option><option value=\"Carne Molida\" >Carne Molida<\/option><\/select><\/div><div id=\"wpforms-26100-field_19-container\" class=\"wpforms-field wpforms-field-select wpforms-field-select-style-classic\" data-field-id=\"19\"><label class=\"wpforms-field-label\" for=\"wpforms-26100-field_19\">Mi\u00e9rcoles 8 DE JUNIO <span class=\"wpforms-required-label\">*<\/span><\/label><select id=\"wpforms-26100-field_19\" class=\"wpforms-field-medium wpforms-field-required\" name=\"wpforms[fields][19]\" required=\"required\"><option value=\"Men\u00fa del d\u00eda\" >Men\u00fa del d\u00eda<\/option><option value=\"Pechuga a la plancha\" >Pechuga a la plancha<\/option><option value=\"Pescado al vapor\" >Pescado al vapor<\/option><option value=\"Vegetariano\" >Vegetariano<\/option><option value=\"Carne Molida\" >Carne Molida<\/option><\/select><\/div><div id=\"wpforms-26100-field_4-container\" class=\"wpforms-field wpforms-field-select wpforms-field-select-style-classic\" data-field-id=\"4\"><label class=\"wpforms-field-label\" for=\"wpforms-26100-field_4\">Jueves 9 DE JUNIO <span class=\"wpforms-required-label\">*<\/span><\/label><select id=\"wpforms-26100-field_4\" class=\"wpforms-field-medium wpforms-field-required\" name=\"wpforms[fields][4]\" required=\"required\"><option value=\"Men\u00fa del d\u00eda\" >Men\u00fa del d\u00eda<\/option><option value=\"Pechuga a la plancha\" >Pechuga a la plancha<\/option><option value=\"Pescado al vapor\" >Pescado al vapor<\/option><option value=\"Vegetariano\" >Vegetariano<\/option><option value=\"Carne Molida\" >Carne Molida<\/option><\/select><\/div><div id=\"wpforms-26100-field_15-container\" class=\"wpforms-field wpforms-field-select wpforms-field-select-style-classic\" data-field-id=\"15\"><label class=\"wpforms-field-label\" for=\"wpforms-26100-field_15\">Viernes 10 DE JUNIO <span class=\"wpforms-required-label\">*<\/span><\/label><select id=\"wpforms-26100-field_15\" class=\"wpforms-field-medium wpforms-field-required\" name=\"wpforms[fields][15]\" required=\"required\"><option value=\"Men\u00fa del d\u00eda\" >Men\u00fa del d\u00eda<\/option><option value=\"Pechuga a la plancha\" >Pechuga a la plancha<\/option><option value=\"Pescado al vapor\" >Pescado al vapor<\/option><option value=\"Vegetariano\" >Vegetariano<\/option><option value=\"Carne Molida\" >Carne Molida<\/option><\/select><\/div><div id=\"wpforms-26100-field_10-container\" class=\"wpforms-field wpforms-field-textarea\" data-field-id=\"10\"><label class=\"wpforms-field-label\" for=\"wpforms-26100-field_10\">Comentarios Adicionales <span class=\"wpforms-required-label\">*<\/span><\/label><textarea id=\"wpforms-26100-field_10\" class=\"wpforms-field-medium wpforms-field-required\" name=\"wpforms[fields][10]\" required><\/textarea><\/div><\/div><div class=\"wpforms-submit-container\" ><input type=\"hidden\" name=\"wpforms[id]\" value=\"26100\"><input type=\"hidden\" name=\"wpforms[author]\" value=\"4\"><button type=\"submit\" name=\"wpforms[submit]\" class=\"wpforms-submit \" id=\"wpforms-submit-26100\" value=\"wpforms-submit\" aria-live=\"assertive\" data-alt-text=\"Enviando...\" data-submit-text=\"Enviar\">Enviar<\/button><\/div><\/form><\/div>  <!-- .wpforms-container -->[\/vc_column][\/vc_row]<\/p>\n","protected":false},"excerpt":{"rendered":"<p>[vc_row][vc_column][\/vc_column][\/vc_row]<\/p>\n","protected":false},"author":4,"featured_media":0,"parent":0,"menu_order":0,"comment_status":"closed","ping_status":"closed","template":"","meta":[],"yoast_head":"<!-- This site is optimized with the Yoast SEO plugin v14.9 - https:\/\/yoast.com\/wordpress\/plugins\/seo\/ -->\n<title>Cambio de men\u00fa - Colegio Biling\u00fce Rochester | Calendario B Bogot\u00e1 - Ch\u00eda mixto<\/title>\n<meta name=\"robots\" content=\"noindex, follow, max-snippet:-1, max-image-preview:large, max-video-preview:-1\" \/>\n<meta property=\"og:locale\" content=\"es_ES\" \/>\n<meta property=\"og:type\" content=\"article\" \/>\n<meta property=\"og:title\" content=\"Cambio de men\u00fa - Colegio Biling\u00fce Rochester | Calendario B Bogot\u00e1 - Ch\u00eda mixto\" \/>\n<meta property=\"og:description\" content=\"[vc_row][vc_column][\/vc_column][\/vc_row]\" \/>\n<meta property=\"og:url\" content=\"https:\/\/rochesterapps.com\/rochestereduco\/cambio-de-menu\/\" \/>\n<meta property=\"og:site_name\" content=\"Colegio Biling\u00fce Rochester | Calendario B Bogot\u00e1 - Ch\u00eda mixto\" \/>\n<meta property=\"article:modified_time\" content=\"2022-03-09T14:19:54+00:00\" \/>\n<meta name=\"twitter:card\" content=\"summary_large_image\" \/>\n<script type=\"application\/ld+json\" class=\"yoast-schema-graph\">{\"@context\":\"https:\/\/schema.org\",\"@graph\":[{\"@type\":\"Organization\",\"@id\":\"https:\/\/rochesterapps.com\/rochestereduco\/#organization\",\"name\":\"Colegio Rochester\",\"url\":\"https:\/\/rochesterapps.com\/rochestereduco\/\",\"sameAs\":[],\"logo\":{\"@type\":\"ImageObject\",\"@id\":\"https:\/\/rochesterapps.com\/rochestereduco\/#logo\",\"inLanguage\":\"es-CO\",\"url\":\"https:\/\/rochesterapps.com\/rochestereduco\/wp-content\/uploads\/2020\/04\/Logos-Rochester_espan\\u0303ol-02-2.png\",\"width\":331,\"height\":512,\"caption\":\"Colegio Rochester\"},\"image\":{\"@id\":\"https:\/\/rochesterapps.com\/rochestereduco\/#logo\"}},{\"@type\":\"WebSite\",\"@id\":\"https:\/\/rochesterapps.com\/rochestereduco\/#website\",\"url\":\"https:\/\/rochesterapps.com\/rochestereduco\/\",\"name\":\"Colegio Biling\\u00fce Rochester | Calendario B Bogot\\u00e1 - Ch\\u00eda mixto\",\"description\":\"Colegio biling\\u00fce en Bogot\\u00e1 y Ch\\u00eda calendario B, multiling\\u00fce, mixto con bases cat\\u00f3licas donde los estudiantes se desarrollan exitosamente en un ambiente escolar saludable, cort\\u00e9s y feliz. Nuestro prop\\u00f3sito es inspirar y educar estudiantes para que tomen control de sus vidas con el mundo en mente\",\"publisher\":{\"@id\":\"https:\/\/rochesterapps.com\/rochestereduco\/#organization\"},\"potentialAction\":[{\"@type\":\"SearchAction\",\"target\":\"https:\/\/rochesterapps.com\/rochestereduco\/?s={search_term_string}\",\"query-input\":\"required name=search_term_string\"}],\"inLanguage\":\"es-CO\"},{\"@type\":\"WebPage\",\"@id\":\"https:\/\/rochesterapps.com\/rochestereduco\/cambio-de-menu\/#webpage\",\"url\":\"https:\/\/rochesterapps.com\/rochestereduco\/cambio-de-menu\/\",\"name\":\"Cambio de men\\u00fa - Colegio Biling\\u00fce Rochester | Calendario B Bogot\\u00e1 - Ch\\u00eda mixto\",\"isPartOf\":{\"@id\":\"https:\/\/rochesterapps.com\/rochestereduco\/#website\"},\"datePublished\":\"2020-09-04T16:44:48+00:00\",\"dateModified\":\"2022-03-09T14:19:54+00:00\",\"inLanguage\":\"es-CO\",\"potentialAction\":[{\"@type\":\"ReadAction\",\"target\":[\"https:\/\/rochesterapps.com\/rochestereduco\/cambio-de-menu\/\"]}]}]}<\/script>\n<!-- \/ Yoast SEO plugin. -->","_links":{"self":[{"href":"https:\/\/rochesterapps.com\/rochestereduco\/wp-json\/wp\/v2\/pages\/23721"}],"collection":[{"href":"https:\/\/rochesterapps.com\/rochestereduco\/wp-json\/wp\/v2\/pages"}],"about":[{"href":"https:\/\/rochesterapps.com\/rochestereduco\/wp-json\/wp\/v2\/types\/page"}],"author":[{"embeddable":true,"href":"https:\/\/rochesterapps.com\/rochestereduco\/wp-json\/wp\/v2\/users\/4"}],"replies":[{"embeddable":true,"href":"https:\/\/rochesterapps.com\/rochestereduco\/wp-json\/wp\/v2\/comments?post=23721"}],"version-history":[{"count":59,"href":"https:\/\/rochesterapps.com\/rochestereduco\/wp-json\/wp\/v2\/pages\/23721\/revisions"}],"predecessor-version":[{"id":28164,"href":"https:\/\/rochesterapps.com\/rochestereduco\/wp-json\/wp\/v2\/pages\/23721\/revisions\/28164"}],"wp:attachment":[{"href":"https:\/\/rochesterapps.com\/rochestereduco\/wp-json\/wp\/v2\/media?parent=23721"}],"curies":[{"name":"wp","href":"https:\/\/api.w.org\/{rel}","templated":true}]}}