{"id":20014,"date":"2020-04-08T10:54:31","date_gmt":"2020-04-08T15:54:31","guid":{"rendered":"https:\/\/rochesterapps.com\/rochestereduco?page_id=20014"},"modified":"2022-02-23T20:48:02","modified_gmt":"2022-02-24T01:48:02","slug":"docentes-y-administrativos","status":"publish","type":"page","link":"https:\/\/rochesterapps.com\/rochestereduco\/solo-para-ti\/docentes-y-administrativos\/","title":{"rendered":"Docentes y Administrativos"},"content":{"rendered":"<p>[vc_row bg_type=&#8221;bg_color&#8221; bg_override=&#8221;ex-full&#8221; bg_color_value=&#8221;#e6e7e8&#8243;][vc_column][vc_row_inner css=&#8221;.vc_custom_1587519115361{padding-top: 40px !important;}&#8221;][vc_column_inner width=&#8221;1\/3&#8243;]<div class='dt-sc-image-caption type3  space-top-image-caption' data-delay='0'><div class='dt-sc-image-wrapper'><\/div><div class='dt-sc-image-content'><div class='dt-sc-image-title'><h3><\/h3><\/div><p><img loading=\"lazy\" src=\"https:\/\/ik.imagekit.io\/rochester59bucket\/Rochester_School\/Rochester_Web\/Docentes_y_Administrativos\/b-14_T3HnidwQQC.png?updatedAt=1627574239234\" alt=\"seguridad y salud en el trabajo\" width=\"280\" height=\"287\" \/><\/p><\/div><\/div>[\/vc_column_inner][vc_column_inner width=&#8221;2\/3&#8243; css=&#8221;.vc_custom_1587519224061{padding-top: 50px !important;}&#8221;][vc_custom_heading text=&#8221;Este mes, nuestro equipo de seguridad integral en el trabajo tiene las siguientes recomendaciones para ti:&#8221; font_container=&#8221;tag:p|font_size:22px|text_align:center|color:%23212c5d|line_height:25px&#8221; google_fonts=&#8221;font_family:Roboto%3A100%2C100italic%2C300%2C300italic%2Cregular%2Citalic%2C500%2C500italic%2C700%2C700italic%2C900%2C900italic|font_style:400%20regular%3A400%3Anormal&#8221; css=&#8221;.vc_custom_1587872422870{padding-bottom: 30px !important;}&#8221;][vc_custom_heading text=&#8221;La higiene postural como h\u00e1bito saludable para el trabajo en casa.&#8221; font_container=&#8221;tag:p|font_size:30px|text_align:center|color:%23212c5d|line_height:50px&#8221; google_fonts=&#8221;font_family:Roboto%3A100%2C100italic%2C300%2C300italic%2Cregular%2Citalic%2C500%2C500italic%2C700%2C700italic%2C900%2C900italic|font_style:500%20bold%20regular%3A500%3Anormal&#8221; css=&#8221;.vc_custom_1587519928779{padding-top: 30px !important;padding-bottom: 30px !important;}&#8221;][\/vc_column_inner][\/vc_row_inner][vc_row_inner css=&#8221;.vc_custom_1587519109856{padding-top: 20px !important;padding-bottom: 20px !important;}&#8221;][vc_column_inner width=&#8221;1\/3&#8243;][vc_custom_heading text=&#8221;\u00bfQu\u00e9 es la higiene postural?&#8221; font_container=&#8221;tag:p|font_size:18px|text_align:center|color:%23212c5d&#8221; google_fonts=&#8221;font_family:Roboto%3A100%2C100italic%2C300%2C300italic%2Cregular%2Citalic%2C500%2C500italic%2C700%2C700italic%2C900%2C900italic|font_style:500%20bold%20regular%3A500%3Anormal&#8221; css=&#8221;.vc_custom_1587518812988{padding-top: 30px !important;padding-bottom: 30px !important;}&#8221;][vc_custom_heading text=&#8221;Es un conjunto de normas, consejos y actitudes posturales, tanto est\u00e1ticas como din\u00e1micas, encaminadas a mantener una alineaci\u00f3n de todo el cuerpo, con el fin de evitar posibles lesiones.&#8221; font_container=&#8221;tag:p|font_size:18px|text_align:center|color:%23212c5d|line_height:21px&#8221; google_fonts=&#8221;font_family:Roboto%3A100%2C100italic%2C300%2C300italic%2Cregular%2Citalic%2C500%2C500italic%2C700%2C700italic%2C900%2C900italic|font_style:400%20regular%3A400%3Anormal&#8221; css=&#8221;.vc_custom_1587518894261{padding-bottom: 30px !important;}&#8221;][vc_video link=&#8221;https:\/\/www.youtube.com\/watch?v=Rq5QxrT3XXU&#8221; align=&#8221;center&#8221;][\/vc_column_inner][vc_column_inner width=&#8221;1\/3&#8243;]<div class='dt-sc-image-caption type3  space-top-image-caption' data-delay='0'><div class='dt-sc-image-wrapper'><\/div><div class='dt-sc-image-content'><div class='dt-sc-image-title'><h3><\/h3><\/div><p><img src=\"https:\/\/ik.imagekit.io\/rochester59bucket\/Rochester_School\/Rochester_Web\/Docentes_y_Administrativos\/estudiante_zF_ijTIMV.png?updatedAt=1627574380255\" alt=\"higiene postural\" \/><\/p><\/div><\/div>[\/vc_column_inner][vc_column_inner width=&#8221;1\/3&#8243;][vc_custom_heading text=&#8221;Recuerda:&#8221; font_container=&#8221;tag:p|font_size:18px|text_align:left|color:%23212c5d&#8221; google_fonts=&#8221;font_family:Roboto%3A100%2C100italic%2C300%2C300italic%2Cregular%2Citalic%2C500%2C500italic%2C700%2C700italic%2C900%2C900italic|font_style:500%20bold%20regular%3A500%3Anormal&#8221; css=&#8221;.vc_custom_1587519279420{padding-top: 30px !important;padding-bottom: 30px !important;}&#8221;][vc_custom_heading text=&#8221;1. Procura trabajar en espacio donde haya luz natural, sin que el reflejo de la misma en tu pantalla afecte tus ojos, y donde tengas una postura de 90\u00ba con respecto a la mesa donde trabajas.&#8221; font_container=&#8221;tag:p|font_size:18px|text_align:left|color:%23212c5d|line_height:21px&#8221; google_fonts=&#8221;font_family:Roboto%3A100%2C100italic%2C300%2C300italic%2Cregular%2Citalic%2C500%2C500italic%2C700%2C700italic%2C900%2C900italic|font_style:400%20regular%3A400%3Anormal&#8221; css=&#8221;.vc_custom_1587519288332{padding-bottom: 30px !important;}&#8221;][vc_custom_heading text=&#8221;2. Trabaja por periodos de 30 minutos. Luego, haz una pausa activa para que tus m\u00fasculos se activen.&#8221; font_container=&#8221;tag:p|font_size:18px|text_align:left|color:%23212c5d|line_height:21px&#8221; google_fonts=&#8221;font_family:Roboto%3A100%2C100italic%2C300%2C300italic%2Cregular%2Citalic%2C500%2C500italic%2C700%2C700italic%2C900%2C900italic|font_style:400%20regular%3A400%3Anormal&#8221; css=&#8221;.vc_custom_1587519297155{padding-bottom: 30px !important;}&#8221;][vc_custom_heading text=&#8221;3. Finalmente, ten en cuenta que una alimentaci\u00f3n balanceada es vital para mantener nuestra salud integral.&#8221; font_container=&#8221;tag:p|font_size:18px|text_align:left|color:%23212c5d|line_height:21px&#8221; google_fonts=&#8221;font_family:Roboto%3A100%2C100italic%2C300%2C300italic%2Cregular%2Citalic%2C500%2C500italic%2C700%2C700italic%2C900%2C900italic|font_style:400%20regular%3A400%3Anormal&#8221; css=&#8221;.vc_custom_1587519308493{padding-bottom: 30px !important;}&#8221;][\/vc_column_inner][\/vc_row_inner][vc_row_inner][vc_column_inner width=&#8221;1\/3&#8243;][vc_video link=&#8221;https:\/\/www.youtube.com\/watch?v=0c6bv1S0dPE&#8221; align=&#8221;center&#8221;][\/vc_column_inner][vc_column_inner width=&#8221;1\/3&#8243;][vc_video link=&#8221;https:\/\/www.youtube.com\/watch?v=2udEbnAV_4I&#8221; align=&#8221;center&#8221;][\/vc_column_inner][vc_column_inner width=&#8221;1\/3&#8243;][vc_video link=&#8221;https:\/\/www.youtube.com\/watch?v=Ax35bar2Wb0&#8243; align=&#8221;center&#8221;][\/vc_column_inner][\/vc_row_inner][vc_row_inner css=&#8221;.vc_custom_1587519099766{padding-top: 20px !important;padding-bottom: 40px !important;}&#8221;][vc_column_inner width=&#8221;2\/3&#8243;][vc_custom_heading text=&#8221;Recuerda que nuestro equipo est\u00e1 disponible para resolver todas tus inquietudes.&#8221; font_container=&#8221;tag:p|font_size:30px|text_align:center|color:%23212c5d|line_height:50px&#8221; google_fonts=&#8221;font_family:Roboto%3A100%2C100italic%2C300%2C300italic%2Cregular%2Citalic%2C500%2C500italic%2C700%2C700italic%2C900%2C900italic|font_style:500%20bold%20regular%3A500%3Anormal&#8221; css=&#8221;.vc_custom_1587519921197{padding-top: 60px !important;}&#8221;][\/vc_column_inner][vc_column_inner width=&#8221;1\/3&#8243;][vc_custom_heading text=&#8221;Sandra Adarme&#8221; font_container=&#8221;tag:p|font_size:18px|text_align:center|color:%23212c5d&#8221; google_fonts=&#8221;font_family:Roboto%3A100%2C100italic%2C300%2C300italic%2Cregular%2Citalic%2C500%2C500italic%2C700%2C700italic%2C900%2C900italic|font_style:500%20bold%20regular%3A500%3Anormal&#8221;][vc_custom_heading text=&#8221;Coordinadora de Salud Integral&#8221; font_container=&#8221;tag:p|font_size:18px|text_align:center|color:%23212c5d&#8221; google_fonts=&#8221;font_family:Roboto%3A100%2C100italic%2C300%2C300italic%2Cregular%2Citalic%2C500%2C500italic%2C700%2C700italic%2C900%2C900italic|font_style:400%20regular%3A400%3Anormal&#8221;][vc_custom_heading text=&#8221;sadarme@rochesterapps.com\/rochestereduco&#8221; font_container=&#8221;tag:p|font_size:18px|text_align:center|color:%23212c5d&#8221; google_fonts=&#8221;font_family:Roboto%3A100%2C100italic%2C300%2C300italic%2Cregular%2Citalic%2C500%2C500italic%2C700%2C700italic%2C900%2C900italic|font_style:400%20regular%3A400%3Anormal&#8221;]<a href='mailto:sadarme@rochesterapps.com\/rochestereduco' target='_self' title='' class='dt-sc-button vc_custom_1615991137455  large   rounded-border  animated' data-delay='0'  style=\"background-color:#212c5d;border-color:#212c5d;color:#ffffff;font-size:18px;\"> \u00a1Escr\u00edbeme! <\/a>[\/vc_column_inner][\/vc_row_inner][\/vc_column][\/vc_row][vc_row bg_type=&#8221;bg_color&#8221; bg_override=&#8221;ex-full&#8221; bg_color_value=&#8221;#212c5d&#8221; css=&#8221;.vc_custom_1587873018531{padding-bottom: 40px !important;}&#8221;][vc_column width=&#8221;1\/3&#8243;][vc_row_inner css=&#8221;.vc_custom_1587776092652{padding-top: 40px !important;padding-bottom: 10px !important;}&#8221;][vc_column_inner]<div class='dt-sc-image-caption type3  space-top-image-caption' data-delay='0'><div class='dt-sc-image-wrapper'><\/div><div class='dt-sc-image-content'><div class='dt-sc-image-title'><h3><\/h3><\/div><p><img loading=\"lazy\" class=\"vc_single_image-img\" src=\"https:\/\/ik.imagekit.io\/rochester59bucket\/Rochester_School\/Rochester_Web\/Docentes_y_Administrativos\/c-8_1__fNDh5zLlX.png?updatedAt=1627574534153\" alt=\"fonrochester\" width=\"300\" height=\"259\" \/><\/p><\/div><\/div>[\/vc_column_inner][\/vc_row_inner][\/vc_column][vc_column width=&#8221;2\/3&#8243;][vc_custom_heading text=&#8221;\u00bfQuieres ser parte del fondo de empleados? Comun\u00edcate con nosotros, estamos para ayudarte.&#8221; font_container=&#8221;tag:p|font_size:20px|text_align:center|color:%23ffffff|line_height:24px&#8221; google_fonts=&#8221;font_family:Roboto%3A100%2C100italic%2C300%2C300italic%2Cregular%2Citalic%2C500%2C500italic%2C700%2C700italic%2C900%2C900italic|font_style:400%20regular%3A400%3Anormal&#8221; css=&#8221;.vc_custom_1588980043820{padding-top: 30px !important;padding-bottom: 10px !important;}&#8221;]<div class='dt-sc-image-caption type3  space-top-image-caption' data-delay='0'><div class='dt-sc-image-wrapper'><\/div><div class='dt-sc-image-content'><div class='dt-sc-image-title'><h3><\/h3><\/div><p><img loading=\"lazy\" src=\"https:\/\/ik.imagekit.io\/rochester59bucket\/Rochester_School\/Rochester_Web\/Docentes_y_Administrativos\/bnximena_circulo_7uhuWH2Tib.png?updatedAt=1627574660075\" alt=\"Ximena Morales\" width=\"150\" height=\"150\" \/><\/p><\/div><\/div>[vc_custom_heading text=&#8221;Ximena Morales&#8221; font_container=&#8221;tag:p|font_size:18px|text_align:center|color:%23ffffff&#8221; google_fonts=&#8221;font_family:Roboto%3A100%2C100italic%2C300%2C300italic%2Cregular%2Citalic%2C500%2C500italic%2C700%2C700italic%2C900%2C900italic|font_style:500%20bold%20regular%3A500%3Anormal&#8221;][vc_custom_heading text=&#8221;Presidenta Junta Directiva&#8221; font_container=&#8221;tag:p|font_size:18px|text_align:center|color:%23ffffff&#8221; google_fonts=&#8221;font_family:Roboto%3A100%2C100italic%2C300%2C300italic%2Cregular%2Citalic%2C500%2C500italic%2C700%2C700italic%2C900%2C900italic|font_style:400%20regular%3A400%3Anormal&#8221;][vc_custom_heading text=&#8221;xmorales@rochesterapps.com\/rochestereduco&#8221; font_container=&#8221;tag:p|font_size:18px|text_align:center|color:%23ffffff&#8221; google_fonts=&#8221;font_family:Roboto%3A100%2C100italic%2C300%2C300italic%2Cregular%2Citalic%2C500%2C500italic%2C700%2C700italic%2C900%2C900italic|font_style:400%20regular%3A400%3Anormal&#8221;]<a href='mailto:xmorales@rochesterapps.com\/rochestereduco' target='_self' title='' class='dt-sc-button vc_custom_1615991152987  large   rounded-border  animated' data-delay='0'  style=\"background-color:#ffffff;border-color:#ffffff;color:#212c5d;font-size:18px;\"> \u00a1Escr\u00edbeme! <\/a>[\/vc_column][\/vc_row][vc_row bg_type=&#8221;image&#8221; parallax_style=&#8221;vcpb-default&#8221; bg_image_new=&#8221;id^21479|url^https:\/\/rochesterapps.com\/rochestereduco\/wp-content\/uploads\/2020\/04\/footer45.png|caption^null|alt^null|title^footer45|description^null&#8221; bg_override=&#8221;ex-full&#8221;][vc_column][vc_row_inner css=&#8221;.vc_custom_1587678670656{padding-top: 100px !important;padding-bottom: 180px !important;}&#8221;][vc_column_inner width=&#8221;1\/4&#8243;][vc_custom_heading text=&#8221;Ubicaci\u00f3n<br \/>\nA la altura Peaje Autonorte<br \/>\nVereda Fusca<br \/>\nCh\u00eda, Cundinamarca<br \/>\nColombia 250008&#8243; font_container=&#8221;tag:p|font_size:16px|text_align:left|color:%23000000|line_height:1.2&#8243; google_fonts=&#8221;font_family:Roboto%3A100%2C100italic%2C300%2C300italic%2Cregular%2Citalic%2C500%2C500italic%2C700%2C700italic%2C900%2C900italic|font_style:500%20bold%20regular%3A500%3Anormal&#8221;][\/vc_column_inner][vc_column_inner width=&#8221;1\/4&#8243;][vc_custom_heading text=&#8221;Cont\u00e1ctanos<br \/>\nadmisiones@rochesterapps.com\/rochestereduco<br \/>\nPBX: 749-6000 Ext. 2222 \u00f3 2200<br \/>\nCel: +57 (321)3714394&#8243; font_container=&#8221;tag:p|font_size:16px|text_align:left|color:%23000000|line_height:1.2&#8243; google_fonts=&#8221;font_family:Roboto%3A100%2C100italic%2C300%2C300italic%2Cregular%2Citalic%2C500%2C500italic%2C700%2C700italic%2C900%2C900italic|font_style:500%20bold%20regular%3A500%3Anormal&#8221;][\/vc_column_inner][vc_column_inner width=&#8221;1\/4&#8243;][\/vc_column_inner][vc_column_inner width=&#8221;1\/4&#8243;][vc_custom_heading text=&#8221;POL\u00cdTICAS ROCHESTER&#8221; font_container=&#8221;tag:p|font_size:15px|text_align:center|color:%23000000|line_height:20px&#8221; google_fonts=&#8221;font_family:Roboto%3A100%2C100italic%2C300%2C300italic%2Cregular%2Citalic%2C500%2C500italic%2C700%2C700italic%2C900%2C900italic|font_style:500%20bold%20regular%3A500%3Anormal&#8221; link=&#8221;url:https%3A%2F%2Frochesterapps.com\/rochestereduco%2Fpoliticas%2F|title:Pol%C3%ADticas%20Rochester|target:%20_blank|&#8221;]<div id=\"1590172847119-49ea5e5a-e9c2\" class=\"dt-sc-empty-space\"><\/div>[\/vc_column_inner][\/vc_row_inner][\/vc_column][\/vc_row]<\/p>\n","protected":false},"excerpt":{"rendered":"<p>[vc_row bg_type=&#8221;bg_color&#8221; bg_override=&#8221;ex-full&#8221; bg_color_value=&#8221;#e6e7e8&#8243;][vc_column][vc_row_inner css=&#8221;.vc_custom_1587519115361{padding-top: 40px !important;}&#8221;][vc_column_inner width=&#8221;1\/3&#8243;][\/vc_column_inner][vc_column_inner width=&#8221;2\/3&#8243; css=&#8221;.vc_custom_1587519224061{padding-top: 50px !important;}&#8221;][vc_custom_heading text=&#8221;Este mes, nuestro equipo de seguridad integral en el trabajo tiene las siguientes recomendaciones para ti:&#8221; font_container=&#8221;tag:p|font_size:22px|text_align:center|color:%23212c5d|line_height:25px&#8221; google_fonts=&#8221;font_family:Roboto%3A100%2C100italic%2C300%2C300italic%2Cregular%2Citalic%2C500%2C500italic%2C700%2C700italic%2C900%2C900italic|font_style:400%20regular%3A400%3Anormal&#8221; css=&#8221;.vc_custom_1587872422870{padding-bottom: 30px !important;}&#8221;][vc_custom_heading text=&#8221;La higiene postural como h\u00e1bito saludable para el trabajo en casa.&#8221; font_container=&#8221;tag:p|font_size:30px|text_align:center|color:%23212c5d|line_height:50px&#8221; google_fonts=&#8221;font_family:Roboto%3A100%2C100italic%2C300%2C300italic%2Cregular%2Citalic%2C500%2C500italic%2C700%2C700italic%2C900%2C900italic|font_style:500%20bold%20regular%3A500%3Anormal&#8221; css=&#8221;.vc_custom_1587519928779{padding-top: 30px !important;padding-bottom: 30px !important;}&#8221;][\/vc_column_inner][\/vc_row_inner][vc_row_inner css=&#8221;.vc_custom_1587519109856{padding-top: 20px !important;padding-bottom: 20px [&hellip;]<\/p>\n","protected":false},"author":1,"featured_media":0,"parent":19924,"menu_order":0,"comment_status":"closed","ping_status":"closed","template":"","meta":[],"yoast_head":"<!-- This site is optimized with the Yoast SEO plugin v14.9 - https:\/\/yoast.com\/wordpress\/plugins\/seo\/ -->\n<title>Docentes y Administrativos - Colegio Biling\u00fce Rochester | Calendario B Bogot\u00e1 - Ch\u00eda mixto<\/title>\n<meta name=\"robots\" content=\"noindex, follow, max-snippet:-1, max-image-preview:large, max-video-preview:-1\" \/>\n<meta property=\"og:locale\" content=\"es_ES\" \/>\n<meta property=\"og:type\" content=\"article\" \/>\n<meta property=\"og:title\" content=\"Docentes y Administrativos - Colegio Biling\u00fce Rochester | Calendario B Bogot\u00e1 - Ch\u00eda mixto\" \/>\n<meta property=\"og:description\" content=\"[vc_row bg_type=&#8221;bg_color&#8221; bg_override=&#8221;ex-full&#8221; bg_color_value=&#8221;#e6e7e8&#8243;][vc_column][vc_row_inner css=&#8221;.vc_custom_1587519115361{padding-top: 40px !important;}&#8221;][vc_column_inner width=&#8221;1\/3&#8243;][\/vc_column_inner][vc_column_inner width=&#8221;2\/3&#8243; css=&#8221;.vc_custom_1587519224061{padding-top: 50px !important;}&#8221;][vc_custom_heading text=&#8221;Este mes, nuestro equipo de seguridad integral en el trabajo tiene las siguientes recomendaciones para ti:&#8221; font_container=&#8221;tag:p|font_size:22px|text_align:center|color:%23212c5d|line_height:25px&#8221; google_fonts=&#8221;font_family:Roboto%3A100%2C100italic%2C300%2C300italic%2Cregular%2Citalic%2C500%2C500italic%2C700%2C700italic%2C900%2C900italic|font_style:400%20regular%3A400%3Anormal&#8221; css=&#8221;.vc_custom_1587872422870{padding-bottom: 30px !important;}&#8221;][vc_custom_heading text=&#8221;La higiene postural como h\u00e1bito saludable para el trabajo en casa.&#8221; font_container=&#8221;tag:p|font_size:30px|text_align:center|color:%23212c5d|line_height:50px&#8221; google_fonts=&#8221;font_family:Roboto%3A100%2C100italic%2C300%2C300italic%2Cregular%2Citalic%2C500%2C500italic%2C700%2C700italic%2C900%2C900italic|font_style:500%20bold%20regular%3A500%3Anormal&#8221; css=&#8221;.vc_custom_1587519928779{padding-top: 30px !important;padding-bottom: 30px !important;}&#8221;][\/vc_column_inner][\/vc_row_inner][vc_row_inner css=&#8221;.vc_custom_1587519109856{padding-top: 20px !important;padding-bottom: 20px [&hellip;]\" \/>\n<meta property=\"og:url\" content=\"https:\/\/rochesterapps.com\/rochestereduco\/solo-para-ti\/docentes-y-administrativos\/\" \/>\n<meta property=\"og:site_name\" content=\"Colegio Biling\u00fce Rochester | Calendario B Bogot\u00e1 - Ch\u00eda mixto\" \/>\n<meta property=\"article:modified_time\" content=\"2022-02-24T01:48:02+00:00\" \/>\n<meta property=\"og:image\" content=\"https:\/\/ik.imagekit.io\/rochester59bucket\/Rochester_School\/Rochester_Web\/Docentes_y_Administrativos\/b-14_T3HnidwQQC.png?updatedAt=1627574239234\" \/>\n<meta name=\"twitter:card\" content=\"summary_large_image\" \/>\n<script type=\"application\/ld+json\" class=\"yoast-schema-graph\">{\"@context\":\"https:\/\/schema.org\",\"@graph\":[{\"@type\":\"Organization\",\"@id\":\"https:\/\/rochesterapps.com\/rochestereduco\/#organization\",\"name\":\"Colegio Rochester\",\"url\":\"https:\/\/rochesterapps.com\/rochestereduco\/\",\"sameAs\":[],\"logo\":{\"@type\":\"ImageObject\",\"@id\":\"https:\/\/rochesterapps.com\/rochestereduco\/#logo\",\"inLanguage\":\"es-CO\",\"url\":\"https:\/\/rochesterapps.com\/rochestereduco\/wp-content\/uploads\/2020\/04\/Logos-Rochester_espan\\u0303ol-02-2.png\",\"width\":331,\"height\":512,\"caption\":\"Colegio Rochester\"},\"image\":{\"@id\":\"https:\/\/rochesterapps.com\/rochestereduco\/#logo\"}},{\"@type\":\"WebSite\",\"@id\":\"https:\/\/rochesterapps.com\/rochestereduco\/#website\",\"url\":\"https:\/\/rochesterapps.com\/rochestereduco\/\",\"name\":\"Colegio Biling\\u00fce Rochester | Calendario B Bogot\\u00e1 - Ch\\u00eda mixto\",\"description\":\"Colegio biling\\u00fce en Bogot\\u00e1 y Ch\\u00eda calendario B, multiling\\u00fce, mixto con bases cat\\u00f3licas donde los estudiantes se desarrollan exitosamente en un ambiente escolar saludable, cort\\u00e9s y feliz. Nuestro prop\\u00f3sito es inspirar y educar estudiantes para que tomen control de sus vidas con el mundo en mente\",\"publisher\":{\"@id\":\"https:\/\/rochesterapps.com\/rochestereduco\/#organization\"},\"potentialAction\":[{\"@type\":\"SearchAction\",\"target\":\"https:\/\/rochesterapps.com\/rochestereduco\/?s={search_term_string}\",\"query-input\":\"required name=search_term_string\"}],\"inLanguage\":\"es-CO\"},{\"@type\":\"ImageObject\",\"@id\":\"https:\/\/rochesterapps.com\/rochestereduco\/solo-para-ti\/docentes-y-administrativos\/#primaryimage\",\"inLanguage\":\"es-CO\",\"url\":\"https:\/\/ik.imagekit.io\/rochester59bucket\/Rochester_School\/Rochester_Web\/Docentes_y_Administrativos\/b-14_T3HnidwQQC.png?updatedAt=1627574239234\"},{\"@type\":\"WebPage\",\"@id\":\"https:\/\/rochesterapps.com\/rochestereduco\/solo-para-ti\/docentes-y-administrativos\/#webpage\",\"url\":\"https:\/\/rochesterapps.com\/rochestereduco\/solo-para-ti\/docentes-y-administrativos\/\",\"name\":\"Docentes y Administrativos - Colegio Biling\\u00fce Rochester | Calendario B Bogot\\u00e1 - Ch\\u00eda mixto\",\"isPartOf\":{\"@id\":\"https:\/\/rochesterapps.com\/rochestereduco\/#website\"},\"primaryImageOfPage\":{\"@id\":\"https:\/\/rochesterapps.com\/rochestereduco\/solo-para-ti\/docentes-y-administrativos\/#primaryimage\"},\"datePublished\":\"2020-04-08T15:54:31+00:00\",\"dateModified\":\"2022-02-24T01:48:02+00:00\",\"inLanguage\":\"es-CO\",\"potentialAction\":[{\"@type\":\"ReadAction\",\"target\":[\"https:\/\/rochesterapps.com\/rochestereduco\/solo-para-ti\/docentes-y-administrativos\/\"]}]}]}<\/script>\n<!-- \/ Yoast SEO plugin. -->","_links":{"self":[{"href":"https:\/\/rochesterapps.com\/rochestereduco\/wp-json\/wp\/v2\/pages\/20014"}],"collection":[{"href":"https:\/\/rochesterapps.com\/rochestereduco\/wp-json\/wp\/v2\/pages"}],"about":[{"href":"https:\/\/rochesterapps.com\/rochestereduco\/wp-json\/wp\/v2\/types\/page"}],"author":[{"embeddable":true,"href":"https:\/\/rochesterapps.com\/rochestereduco\/wp-json\/wp\/v2\/users\/1"}],"replies":[{"embeddable":true,"href":"https:\/\/rochesterapps.com\/rochestereduco\/wp-json\/wp\/v2\/comments?post=20014"}],"version-history":[{"count":51,"href":"https:\/\/rochesterapps.com\/rochestereduco\/wp-json\/wp\/v2\/pages\/20014\/revisions"}],"predecessor-version":[{"id":26873,"href":"https:\/\/rochesterapps.com\/rochestereduco\/wp-json\/wp\/v2\/pages\/20014\/revisions\/26873"}],"up":[{"embeddable":true,"href":"https:\/\/rochesterapps.com\/rochestereduco\/wp-json\/wp\/v2\/pages\/19924"}],"wp:attachment":[{"href":"https:\/\/rochesterapps.com\/rochestereduco\/wp-json\/wp\/v2\/media?parent=20014"}],"curies":[{"name":"wp","href":"https:\/\/api.w.org\/{rel}","templated":true}]}}