{"id":20012,"date":"2020-04-08T10:54:01","date_gmt":"2020-04-08T15:54:01","guid":{"rendered":"https:\/\/rochesterapps.com\/rochestereduco?page_id=20012"},"modified":"2022-02-23T18:03:46","modified_gmt":"2022-02-23T23:03:46","slug":"alumnos-regulares","status":"publish","type":"page","link":"https:\/\/rochesterapps.com\/rochestereduco\/solo-para-ti\/alumnos-regulares\/","title":{"rendered":"Alumnos Regulares"},"content":{"rendered":"<p>[vc_row full_width=&#8221;stretch_row_content_no_spaces&#8221;][vc_column]<div class='dt-sc-image-caption type3  space-top-image-caption' data-delay='0'><div class='dt-sc-image-wrapper'><\/div><div class='dt-sc-image-content'><div class='dt-sc-image-title'><h3><\/h3><\/div><p><img src=\"https:\/\/ik.imagekit.io\/rochester59bucket\/Rochester_School\/Rochester_Web\/Alumnos_Regulares\/banneralumnos_1c1QXSFKq.jpeg?updatedAt=1627571207293\" alt=\"los eventos no te lo pierdas\" \/><\/p><\/div><\/div>[\/vc_column][\/vc_row][vc_row css=&#8221;.vc_custom_1587516544419{padding-top: 20px !important;padding-bottom: 40px !important;}&#8221;][vc_column width=&#8221;1\/3&#8243;]<div class='dt-sc-image-caption type3  wpb_animate_when_almost_visible wpb_fadeInLeft fadeInLeft space-top-image-caption' data-delay='0'><div class='dt-sc-image-wrapper'><\/div><div class='dt-sc-image-content'><div class='dt-sc-image-title'><h3><\/h3><\/div><p><img src=\"https:\/\/ik.imagekit.io\/rochester59bucket\/Rochester_School\/Rochester_Web\/Alumnos_Regulares\/a-24__g0So1nCpCTf.png?updatedAt=1627571880984\" alt=\"Enterate de los eventos\" \/><\/p><\/div><\/div>[\/vc_column][vc_column width=&#8221;2\/3&#8243; css=&#8221;.vc_custom_1587516553565{padding-top: 30px !important;}&#8221;][vc_custom_heading text=&#8221;\u00a1Lo que viene no te lo puedes perder! Ent\u00e9rate de los eventos que se acercan y participa en cada uno de ellos.&#8221; font_container=&#8221;tag:p|font_size:18px|text_align:center|color:%23212c5d|line_height:21px&#8221; google_fonts=&#8221;font_family:Roboto%3A100%2C100italic%2C300%2C300italic%2Cregular%2Citalic%2C500%2C500italic%2C700%2C700italic%2C900%2C900italic|font_style:500%20bold%20regular%3A500%3Anormal&#8221;][vc_row_inner css=&#8221;.vc_custom_1587774788338{padding-top: 20px !important;}&#8221;][vc_column_inner width=&#8221;1\/2&#8243;]<div class='dt-sc-image-caption type3  space-top-image-caption' data-delay='0'><div class='dt-sc-image-wrapper'><\/div><div class='dt-sc-image-content'><div class='dt-sc-image-title'><h3><\/h3><\/div><p><a href=\"https:\/\/colegiorochester.schoology.com\/\" target=\"_blank\" rel=\"noopener noreferrer\"><img loading=\"lazy\" src=\"https:\/\/ik.imagekit.io\/rochester59bucket\/Rochester_School\/Rochester_Web\/Alumnos_Regulares\/imagen_schoology_SpNn_fxme.jpeg?updatedAt=1627573027453\" alt=\"schoology\" width=\"200\" height=\"127\" \/><\/a><\/p><\/div><\/div>[\/vc_column_inner][vc_column_inner width=&#8221;1\/2&#8243;]<div class='dt-sc-image-caption type3  space-top-image-caption' data-delay='0'><div class='dt-sc-image-wrapper'><\/div><div class='dt-sc-image-content'><div class='dt-sc-image-title'><h3><\/h3><\/div><p><p style=\"text-align: right;\"><a href=\"https:\/\/rochester.getalma.com\/\" target=\"_blank\" rel=\"noopener noreferrer\"><img loading=\"lazy\" src=\"https:\/\/ik.imagekit.io\/rochester59bucket\/Rochester_School\/Rochester_Web\/Alumnos_Regulares\/imagen_alma_FIAzVf7lvgn.jpeg?updatedAt=1627573171121\" alt=\"alma\" width=\"150\" height=\"155\" \/><\/a><\/p><\/p><\/div><\/div>[\/vc_column_inner][\/vc_row_inner][\/vc_column][\/vc_row][vc_row bg_type=&#8221;bg_color&#8221; bg_override=&#8221;ex-full&#8221; css=&#8221;.vc_custom_1587516118105{padding-top: 40px !important;padding-bottom: 40px !important;}&#8221; bg_color_value=&#8221;#e6e7e8&#8243;][vc_column][vc_row_inner][vc_column_inner width=&#8221;1\/3&#8243;]<div class='dt-sc-image-caption   ' data-delay='0'><div class='dt-sc-image-wrapper'><\/div><div class='dt-sc-image-content'><div class='dt-sc-image-title'><h3><\/h3><\/div><p><img src=\"https:\/\/ik.imagekit.io\/rochester59bucket\/Rochester_School\/Rochester_Web\/Alumnos_Regulares\/a-24__g0So1nCpCTf.png?updatedAt=1627571880984\" alt=\"No te pierdas los eventos\" \/><\/p><\/div><\/div>[\/vc_column_inner][vc_column_inner width=&#8221;2\/3&#8243; css=&#8221;.vc_custom_1587516570766{padding-top: 50px !important;}&#8221;][vc_custom_heading text=&#8221;\u00a1Lo que viene no te lo puedes perder!&#8221; font_container=&#8221;tag:p|font_size:24px|text_align:center|color:%23212c5d&#8221; google_fonts=&#8221;font_family:Roboto%3A100%2C100italic%2C300%2C300italic%2Cregular%2Citalic%2C500%2C500italic%2C700%2C700italic%2C900%2C900italic|font_style:500%20bold%20regular%3A500%3Anormal&#8221;][vc_custom_heading text=&#8221;Ent\u00e9rate de los eventos que se acercan y participa en cada uno de ellos.&#8221; font_container=&#8221;tag:p|font_size:18px|text_align:center|color:%23212c5d|line_height:21px&#8221; google_fonts=&#8221;font_family:Roboto%3A100%2C100italic%2C300%2C300italic%2Cregular%2Citalic%2C500%2C500italic%2C700%2C700italic%2C900%2C900italic|font_style:400%20regular%3A400%3Anormal&#8221; css=&#8221;.vc_custom_1587516297053{padding-top: 20px !important;padding-bottom: 20px !important;}&#8221;][\/vc_column_inner][\/vc_row_inner][\/vc_column][\/vc_row][vc_row full_width=&#8221;stretch_row&#8221; bg_type=&#8221;image&#8221; parallax_style=&#8221;vcpb-default&#8221; bg_image_size=&#8221;initial&#8221; enable_overlay=&#8221;enable_overlay_value&#8221; overlay_color=&#8221;rgba(0,0,0,0.8)&#8221; el_class=&#8221;vcr_float_right&#8221;][vc_column]<div class=\"carousel_items dt-sc-custom-carousel \" data-delay=\"0\"><div class=\"dt-sc-carousel-wrapper dt_carousel\" data-visible=\"4\" data-scroll=\"1\" data-auto=\"\" data-animation=\"scroll\"><div class='dt-sc-icon-box type13 custom-style ' data-delay='0' ><div class=\"icon-wrapper\"><img width=\"72\" height=\"72\" src=\"https:\/\/rochesterapps.com\/rochestereduco\/wp-content\/uploads\/2020\/07\/Icono_independencia_calendario.png\" class=\"attachment-full\" alt=\"\" loading=\"lazy\" title=\"Icono_independencia_calendario\" \/><\/div><div class=\"icon-content\"><h4>Agosto 7<\/h4><p><span style=\"font-weight: 400;\">Independencia de Colombia<\/span><\/p><\/div><\/div><div class='dt-sc-icon-box type13 custom-style ' data-delay='0' ><div class=\"icon-wrapper\"><img width=\"72\" height=\"72\" src=\"https:\/\/rochesterapps.com\/rochestereduco\/wp-content\/uploads\/2020\/07\/Icono_webinar_calendario-1.png\" class=\"attachment-full\" alt=\"\" loading=\"lazy\" title=\"Icono_webinar_calendario (1)\" \/><\/div><div class=\"icon-content\"><h4>Agosto 9<\/h4><p><span style=\"font-weight: 400;\">Reuni\u00f3n padres PreK via Zoom<\/span><span style=\"font-weight: 400;\">\n<\/span>8:00 a 9:30 a.m.<\/p><\/div><\/div><div class='dt-sc-icon-box type13 custom-style ' data-delay='0' ><div class=\"icon-wrapper\"><img width=\"72\" height=\"72\" src=\"https:\/\/rochesterapps.com\/rochestereduco\/wp-content\/uploads\/2020\/07\/Icono_webinar_calendario-1.png\" class=\"attachment-full\" alt=\"\" loading=\"lazy\" title=\"Icono_webinar_calendario (1)\" \/><\/div><div class=\"icon-content\"><h4>Agosto 10<\/h4><p><span style=\"font-weight: 400;\">Reuni\u00f3n nuevos padres 4\u00ba a 10\u00ba via Zoom<\/span><\/p>\n<p><span style=\"font-weight: 400;\">\n<\/span>8:00 a 9:30 a.m.<\/p><\/div><\/div><div class='dt-sc-icon-box type13 custom-style ' data-delay='0' ><div class=\"icon-wrapper\"><img width=\"72\" height=\"72\" src=\"https:\/\/rochesterapps.com\/rochestereduco\/wp-content\/uploads\/2020\/08\/2020-08-03-1.png\" class=\"attachment-full\" alt=\"Back to School Logotype\" loading=\"lazy\" title=\"2020-08-03 (1)\" \/><\/div><div class=\"icon-content\"><h4>Agosto 11<\/h4><p><span style=\"font-weight: 400;\">Inicio Semestre 1\u00a0 Inicio Trimestre 1<\/span><\/p>\n<p><span style=\"font-weight: 400;\">Bienvenida nuevos estudiantes<\/span><\/p><\/div><\/div><div class='dt-sc-icon-box type13 custom-style ' data-delay='0' ><div class=\"icon-wrapper\"><img width=\"72\" height=\"72\" src=\"https:\/\/rochesterapps.com\/rochestereduco\/wp-content\/uploads\/2020\/07\/Icono_webinar_calendario-1.png\" class=\"attachment-full\" alt=\"\" loading=\"lazy\" title=\"Icono_webinar_calendario (1)\" \/><\/div><div class=\"icon-content\"><h4>Agosto 11<\/h4><p><span style=\"font-weight: 400;\">Reuni\u00f3n de padres preK a 5\u00ba via Zoom<\/span><\/p>\n<p><span style=\"font-weight: 400;\">\n<\/span>5:30 to 7:30 p.m.<\/p><\/div><\/div><div class='dt-sc-icon-box type13 custom-style ' data-delay='0' ><div class=\"icon-wrapper\"><img width=\"72\" height=\"72\" src=\"https:\/\/rochesterapps.com\/rochestereduco\/wp-content\/uploads\/2020\/08\/2020-08-03-1.png\" class=\"attachment-full\" alt=\"Back to School Logotype\" loading=\"lazy\" title=\"2020-08-03 (1)\" \/><\/div><div class=\"icon-content\"><h4>Agosto 11-13<\/h4><p>Inicio trimestre 1\u00a0 de preK a 8\u00ba<\/p><\/div><\/div><div class='dt-sc-icon-box type13 custom-style ' data-delay='0' ><div class=\"icon-wrapper\"><img width=\"72\" height=\"72\" src=\"https:\/\/rochesterapps.com\/rochestereduco\/wp-content\/uploads\/2020\/08\/2020-08-03-1.png\" class=\"attachment-full\" alt=\"Back to School Logotype\" loading=\"lazy\" title=\"2020-08-03 (1)\" \/><\/div><div class=\"icon-content\"><h4>Agosto 11-22<\/h4><p>Inicio semestre 1 de 9\u00ba a 12\u00ba<\/p><\/div><\/div><div class='dt-sc-icon-box type13 custom-style ' data-delay='0' ><div class=\"icon-wrapper\"><img width=\"72\" height=\"72\" src=\"https:\/\/rochesterapps.com\/rochestereduco\/wp-content\/uploads\/2020\/08\/2020-08-03-1.png\" class=\"attachment-full\" alt=\"Back to School Logotype\" loading=\"lazy\" title=\"2020-08-03 (1)\" \/><\/div><div class=\"icon-content\"><h4>Agosto 12<\/h4><p>Todos los estudiantes inician el a\u00f1o escolar<\/p><\/div><\/div><div class='dt-sc-icon-box type13 custom-style ' data-delay='0' ><div class=\"icon-wrapper\"><img width=\"72\" height=\"72\" src=\"https:\/\/rochesterapps.com\/rochestereduco\/wp-content\/uploads\/2020\/07\/Icono_webinar_calendario-1.png\" class=\"attachment-full\" alt=\"\" loading=\"lazy\" title=\"Icono_webinar_calendario (1)\" \/><\/div><div class=\"icon-content\"><h4>Agosto 12<\/h4><p><span style=\"font-weight: 400;\">Reuni\u00f3n de padres 6\u00ba a 12\u00ba via Zoom<\/span><\/p>\n<p><span style=\"font-weight: 400;\">\n<\/span>5:30 a 7:30 p.m<\/p><\/div><\/div><\/div><div class=\"dt-carousel-navigation\"><div class=\"carousel-prv-arrow\"><a class=\"prev-arrow\" href=\"#\"><span class=\"fas fa-angle-left\"> <\/span><\/a><\/div><div class=\"carousel-next-arrow\"><a class=\"next-arrow\" href=\"#\"><span class=\"fas fa-angle-right\"> <\/span><\/a><\/div><\/div><\/div>[\/vc_column][\/vc_row][vc_row bg_type=&#8221;image&#8221; parallax_style=&#8221;vcpb-default&#8221; bg_image_new=&#8221;id^21479|url^https:\/\/rochesterapps.com\/rochestereduco\/wp-content\/uploads\/2020\/04\/footer45.png|caption^null|alt^null|title^footer45|description^null&#8221; bg_override=&#8221;ex-full&#8221;][vc_column][vc_row_inner css=&#8221;.vc_custom_1587678670656{padding-top: 100px !important;padding-bottom: 180px !important;}&#8221;][vc_column_inner width=&#8221;1\/4&#8243;][vc_custom_heading text=&#8221;Ubicaci\u00f3n<br \/>\nA la altura Peaje Autonorte<br \/>\nVereda Fusca<br \/>\nCh\u00eda, Cundinamarca<br \/>\nColombia 250008&#8243; font_container=&#8221;tag:p|font_size:16px|text_align:left|color:%23000000|line_height:1.2&#8243; google_fonts=&#8221;font_family:Roboto%3A100%2C100italic%2C300%2C300italic%2Cregular%2Citalic%2C500%2C500italic%2C700%2C700italic%2C900%2C900italic|font_style:500%20bold%20regular%3A500%3Anormal&#8221;][\/vc_column_inner][vc_column_inner width=&#8221;1\/4&#8243;][vc_custom_heading text=&#8221;Cont\u00e1ctanos<br \/>\nadmisiones@rochesterapps.com\/rochestereduco<br \/>\nPBX: 749-6000 Ext. 2222 \u00f3 2200<br \/>\nCel: +57 (321)3714394&#8243; font_container=&#8221;tag:p|font_size:16px|text_align:left|color:%23000000|line_height:1.2&#8243; google_fonts=&#8221;font_family:Roboto%3A100%2C100italic%2C300%2C300italic%2Cregular%2Citalic%2C500%2C500italic%2C700%2C700italic%2C900%2C900italic|font_style:500%20bold%20regular%3A500%3Anormal&#8221;][\/vc_column_inner][vc_column_inner width=&#8221;1\/4&#8243;][\/vc_column_inner][vc_column_inner width=&#8221;1\/4&#8243;][vc_custom_heading text=&#8221;POL\u00cdTICAS ROCHESTER&#8221; font_container=&#8221;tag:p|font_size:15px|text_align:center|color:%23000000|line_height:20px&#8221; google_fonts=&#8221;font_family:Roboto%3A100%2C100italic%2C300%2C300italic%2Cregular%2Citalic%2C500%2C500italic%2C700%2C700italic%2C900%2C900italic|font_style:500%20bold%20regular%3A500%3Anormal&#8221; link=&#8221;url:https%3A%2F%2Frochesterapps.com\/rochestereduco%2Fpoliticas%2F|title:Pol%C3%ADticas%20Rochester|target:%20_blank|&#8221;]<div id=\"1590172847119-49ea5e5a-e9c2\" class=\"dt-sc-empty-space\"><\/div>[\/vc_column_inner][\/vc_row_inner][\/vc_column][\/vc_row]<\/p>\n","protected":false},"excerpt":{"rendered":"<p>[vc_row full_width=&#8221;stretch_row_content_no_spaces&#8221;][vc_column][\/vc_column][\/vc_row][vc_row css=&#8221;.vc_custom_1587516544419{padding-top: 20px !important;padding-bottom: 40px !important;}&#8221;][vc_column width=&#8221;1\/3&#8243;][\/vc_column][vc_column width=&#8221;2\/3&#8243; css=&#8221;.vc_custom_1587516553565{padding-top: 30px !important;}&#8221;][vc_custom_heading text=&#8221;\u00a1Lo que viene no te lo puedes perder! Ent\u00e9rate de los eventos que se acercan y participa en cada uno de ellos.&#8221; font_container=&#8221;tag:p|font_size:18px|text_align:center|color:%23212c5d|line_height:21px&#8221; google_fonts=&#8221;font_family:Roboto%3A100%2C100italic%2C300%2C300italic%2Cregular%2Citalic%2C500%2C500italic%2C700%2C700italic%2C900%2C900italic|font_style:500%20bold%20regular%3A500%3Anormal&#8221;][vc_row_inner css=&#8221;.vc_custom_1587774788338{padding-top: 20px !important;}&#8221;][vc_column_inner width=&#8221;1\/2&#8243;][\/vc_column_inner][vc_column_inner width=&#8221;1\/2&#8243;][\/vc_column_inner][\/vc_row_inner][\/vc_column][\/vc_row][vc_row bg_type=&#8221;bg_color&#8221; bg_override=&#8221;ex-full&#8221; css=&#8221;.vc_custom_1587516118105{padding-top: 40px !important;padding-bottom: 40px !important;}&#8221; bg_color_value=&#8221;#e6e7e8&#8243;][vc_column][vc_row_inner][vc_column_inner width=&#8221;1\/3&#8243;][\/vc_column_inner][vc_column_inner width=&#8221;2\/3&#8243; css=&#8221;.vc_custom_1587516570766{padding-top: 50px !important;}&#8221;][vc_custom_heading text=&#8221;\u00a1Lo [&hellip;]<\/p>\n","protected":false},"author":1,"featured_media":0,"parent":19924,"menu_order":0,"comment_status":"closed","ping_status":"closed","template":"","meta":[],"yoast_head":"<!-- This site is optimized with the Yoast SEO plugin v14.9 - https:\/\/yoast.com\/wordpress\/plugins\/seo\/ -->\n<title>Alumnos Regulares - Colegio Biling\u00fce Rochester | Calendario B Bogot\u00e1 - Ch\u00eda mixto<\/title>\n<meta name=\"robots\" content=\"noindex, follow, max-snippet:-1, max-image-preview:large, max-video-preview:-1\" \/>\n<meta property=\"og:locale\" content=\"es_ES\" \/>\n<meta property=\"og:type\" content=\"article\" \/>\n<meta property=\"og:title\" content=\"Alumnos Regulares - Colegio Biling\u00fce Rochester | Calendario B Bogot\u00e1 - Ch\u00eda mixto\" \/>\n<meta property=\"og:description\" content=\"[vc_row full_width=&#8221;stretch_row_content_no_spaces&#8221;][vc_column][\/vc_column][\/vc_row][vc_row css=&#8221;.vc_custom_1587516544419{padding-top: 20px !important;padding-bottom: 40px !important;}&#8221;][vc_column width=&#8221;1\/3&#8243;][\/vc_column][vc_column width=&#8221;2\/3&#8243; css=&#8221;.vc_custom_1587516553565{padding-top: 30px !important;}&#8221;][vc_custom_heading text=&#8221;\u00a1Lo que viene no te lo puedes perder! Ent\u00e9rate de los eventos que se acercan y participa en cada uno de ellos.&#8221; font_container=&#8221;tag:p|font_size:18px|text_align:center|color:%23212c5d|line_height:21px&#8221; google_fonts=&#8221;font_family:Roboto%3A100%2C100italic%2C300%2C300italic%2Cregular%2Citalic%2C500%2C500italic%2C700%2C700italic%2C900%2C900italic|font_style:500%20bold%20regular%3A500%3Anormal&#8221;][vc_row_inner css=&#8221;.vc_custom_1587774788338{padding-top: 20px !important;}&#8221;][vc_column_inner width=&#8221;1\/2&#8243;][\/vc_column_inner][vc_column_inner width=&#8221;1\/2&#8243;][\/vc_column_inner][\/vc_row_inner][\/vc_column][\/vc_row][vc_row bg_type=&#8221;bg_color&#8221; bg_override=&#8221;ex-full&#8221; css=&#8221;.vc_custom_1587516118105{padding-top: 40px !important;padding-bottom: 40px !important;}&#8221; bg_color_value=&#8221;#e6e7e8&#8243;][vc_column][vc_row_inner][vc_column_inner width=&#8221;1\/3&#8243;][\/vc_column_inner][vc_column_inner width=&#8221;2\/3&#8243; css=&#8221;.vc_custom_1587516570766{padding-top: 50px !important;}&#8221;][vc_custom_heading text=&#8221;\u00a1Lo [&hellip;]\" \/>\n<meta property=\"og:url\" content=\"https:\/\/rochesterapps.com\/rochestereduco\/solo-para-ti\/alumnos-regulares\/\" \/>\n<meta property=\"og:site_name\" content=\"Colegio Biling\u00fce Rochester | Calendario B Bogot\u00e1 - Ch\u00eda mixto\" \/>\n<meta property=\"article:modified_time\" content=\"2022-02-23T23:03:46+00:00\" \/>\n<meta property=\"og:image\" content=\"https:\/\/ik.imagekit.io\/rochester59bucket\/Rochester_School\/Rochester_Web\/Alumnos_Regulares\/banneralumnos_1c1QXSFKq.jpeg?updatedAt=1627571207293\" \/>\n<meta name=\"twitter:card\" content=\"summary_large_image\" \/>\n<script type=\"application\/ld+json\" class=\"yoast-schema-graph\">{\"@context\":\"https:\/\/schema.org\",\"@graph\":[{\"@type\":\"Organization\",\"@id\":\"https:\/\/rochesterapps.com\/rochestereduco\/#organization\",\"name\":\"Colegio Rochester\",\"url\":\"https:\/\/rochesterapps.com\/rochestereduco\/\",\"sameAs\":[],\"logo\":{\"@type\":\"ImageObject\",\"@id\":\"https:\/\/rochesterapps.com\/rochestereduco\/#logo\",\"inLanguage\":\"es-CO\",\"url\":\"https:\/\/rochesterapps.com\/rochestereduco\/wp-content\/uploads\/2020\/04\/Logos-Rochester_espan\\u0303ol-02-2.png\",\"width\":331,\"height\":512,\"caption\":\"Colegio Rochester\"},\"image\":{\"@id\":\"https:\/\/rochesterapps.com\/rochestereduco\/#logo\"}},{\"@type\":\"WebSite\",\"@id\":\"https:\/\/rochesterapps.com\/rochestereduco\/#website\",\"url\":\"https:\/\/rochesterapps.com\/rochestereduco\/\",\"name\":\"Colegio Biling\\u00fce Rochester | Calendario B Bogot\\u00e1 - Ch\\u00eda mixto\",\"description\":\"Colegio biling\\u00fce en Bogot\\u00e1 y Ch\\u00eda calendario B, multiling\\u00fce, mixto con bases cat\\u00f3licas donde los estudiantes se desarrollan exitosamente en un ambiente escolar saludable, cort\\u00e9s y feliz. Nuestro prop\\u00f3sito es inspirar y educar estudiantes para que tomen control de sus vidas con el mundo en mente\",\"publisher\":{\"@id\":\"https:\/\/rochesterapps.com\/rochestereduco\/#organization\"},\"potentialAction\":[{\"@type\":\"SearchAction\",\"target\":\"https:\/\/rochesterapps.com\/rochestereduco\/?s={search_term_string}\",\"query-input\":\"required name=search_term_string\"}],\"inLanguage\":\"es-CO\"},{\"@type\":\"ImageObject\",\"@id\":\"https:\/\/rochesterapps.com\/rochestereduco\/solo-para-ti\/alumnos-regulares\/#primaryimage\",\"inLanguage\":\"es-CO\",\"url\":\"https:\/\/ik.imagekit.io\/rochester59bucket\/Rochester_School\/Rochester_Web\/Alumnos_Regulares\/banneralumnos_1c1QXSFKq.jpeg?updatedAt=1627571207293\"},{\"@type\":\"WebPage\",\"@id\":\"https:\/\/rochesterapps.com\/rochestereduco\/solo-para-ti\/alumnos-regulares\/#webpage\",\"url\":\"https:\/\/rochesterapps.com\/rochestereduco\/solo-para-ti\/alumnos-regulares\/\",\"name\":\"Alumnos Regulares - Colegio Biling\\u00fce Rochester | Calendario B Bogot\\u00e1 - Ch\\u00eda mixto\",\"isPartOf\":{\"@id\":\"https:\/\/rochesterapps.com\/rochestereduco\/#website\"},\"primaryImageOfPage\":{\"@id\":\"https:\/\/rochesterapps.com\/rochestereduco\/solo-para-ti\/alumnos-regulares\/#primaryimage\"},\"datePublished\":\"2020-04-08T15:54:01+00:00\",\"dateModified\":\"2022-02-23T23:03:46+00:00\",\"inLanguage\":\"es-CO\",\"potentialAction\":[{\"@type\":\"ReadAction\",\"target\":[\"https:\/\/rochesterapps.com\/rochestereduco\/solo-para-ti\/alumnos-regulares\/\"]}]}]}<\/script>\n<!-- \/ Yoast SEO plugin. -->","_links":{"self":[{"href":"https:\/\/rochesterapps.com\/rochestereduco\/wp-json\/wp\/v2\/pages\/20012"}],"collection":[{"href":"https:\/\/rochesterapps.com\/rochestereduco\/wp-json\/wp\/v2\/pages"}],"about":[{"href":"https:\/\/rochesterapps.com\/rochestereduco\/wp-json\/wp\/v2\/types\/page"}],"author":[{"embeddable":true,"href":"https:\/\/rochesterapps.com\/rochestereduco\/wp-json\/wp\/v2\/users\/1"}],"replies":[{"embeddable":true,"href":"https:\/\/rochesterapps.com\/rochestereduco\/wp-json\/wp\/v2\/comments?post=20012"}],"version-history":[{"count":46,"href":"https:\/\/rochesterapps.com\/rochestereduco\/wp-json\/wp\/v2\/pages\/20012\/revisions"}],"predecessor-version":[{"id":26967,"href":"https:\/\/rochesterapps.com\/rochestereduco\/wp-json\/wp\/v2\/pages\/20012\/revisions\/26967"}],"up":[{"embeddable":true,"href":"https:\/\/rochesterapps.com\/rochestereduco\/wp-json\/wp\/v2\/pages\/19924"}],"wp:attachment":[{"href":"https:\/\/rochesterapps.com\/rochestereduco\/wp-json\/wp\/v2\/media?parent=20012"}],"curies":[{"name":"wp","href":"https:\/\/api.w.org\/{rel}","templated":true}]}}