{"id":19986,"date":"2020-04-08T10:28:21","date_gmt":"2020-04-08T15:28:21","guid":{"rendered":"https:\/\/rochesterapps.com\/rochestereduco?page_id=19986"},"modified":"2021-07-30T14:35:12","modified_gmt":"2021-07-30T19:35:12","slug":"donaciones","status":"publish","type":"page","link":"https:\/\/rochesterapps.com\/rochestereduco\/quick-links\/donaciones\/","title":{"rendered":"Donaciones"},"content":{"rendered":"<p>[vc_row full_width=&#8221;stretch_row_content_no_spaces&#8221;][vc_column][vc_single_image source=&#8221;external_link&#8221; alignment=&#8221;center&#8221; custom_src=&#8221;https:\/\/ik.imagekit.io\/rochester59bucket\/Rochester_School\/Rochester_Web\/Donaciones\/F_Banner-Donaciones-01_7PIA6aDqnfV.jpeg?updatedAt=1627672484052&#8243;][\/vc_column][\/vc_row][vc_row][vc_column][vc_row_inner css=&#8221;.vc_custom_1587252429290{padding-top: 40px !important;padding-bottom: 40px !important;}&#8221;][vc_column_inner width=&#8221;1\/3&#8243;][vc_single_image source=&#8221;external_link&#8221; alignment=&#8221;center&#8221; custom_src=&#8221;https:\/\/ik.imagekit.io\/rochester59bucket\/Rochester_School\/Rochester_Web\/Donaciones\/a-18_B_T00UUGUk-.png?updatedAt=1627673167219&#8243;][\/vc_column_inner][vc_column_inner width=&#8221;2\/3&#8243;][vc_custom_heading text=&#8221;Bienvenido al sistema de pagos para donaciones del Colegio Rochester.&#8221; font_container=&#8221;tag:p|font_size:22px|text_align:center|color:%23212c5d|line_height:30px&#8221; google_fonts=&#8221;font_family:Roboto%3A100%2C100italic%2C300%2C300italic%2Cregular%2Citalic%2C500%2C500italic%2C700%2C700italic%2C900%2C900italic|font_style:500%20bold%20regular%3A500%3Anormal&#8221; css=&#8221;.vc_custom_1587590093596{padding-bottom: 20px !important;}&#8221;][vc_custom_heading text=&#8221;Para hacer donaciones a proyectos de sostenibilidad por favor haga clic en el bot\u00f3n \u201cRealiza tu donaci\u00f3n\u201d. Luego, seleccione la categor\u00eda de los proyectos a los que desea donar y posteriormente digite el valor que desea aportar.&#8221; font_container=&#8221;tag:p|font_size:18px|text_align:center|color:%23212c5d|line_height:21px&#8221; google_fonts=&#8221;font_family:Roboto%3A100%2C100italic%2C300%2C300italic%2Cregular%2Citalic%2C500%2C500italic%2C700%2C700italic%2C900%2C900italic|font_style:400%20regular%3A400%3Anormal&#8221; css=&#8221;.vc_custom_1587589920272{padding-bottom: 20px !important;}&#8221;][vc_custom_heading text=&#8221;Todos los recaudos se hacen a trav\u00e9s de nuestro aliado TUCOMPRA y ser\u00e1 redirigido a dicha plataforma. Todos los datos ingresados por usted viajar\u00e1n seguros y cifrados.&#8221; font_container=&#8221;tag:p|font_size:18px|text_align:center|color:%23212c5d|line_height:21px&#8221; google_fonts=&#8221;font_family:Roboto%3A100%2C100italic%2C300%2C300italic%2Cregular%2Citalic%2C500%2C500italic%2C700%2C700italic%2C900%2C900italic|font_style:400%20regular%3A400%3Anormal&#8221; css=&#8221;.vc_custom_1587589928199{padding-bottom: 20px !important;}&#8221;]<a href='https:\/\/colombia.recaudoexpress.com\/bt\/botonPago.xhtml?boton=MTEzNzA=' target='_blank' title='' class='dt-sc-button vc_custom_1588979554237  large   rounded-border  animated' data-delay='0'  style=\"background-color:#212c5d;border-color:#212c5d;color:#ffffff;font-size:20px;\"> Realiza tu donaci\u00f3n <\/a>[\/vc_column_inner][\/vc_row_inner][\/vc_column][\/vc_row][vc_row][vc_column][vc_row_inner css=&#8221;.vc_custom_1587252652013{padding-top: 40px !important;padding-bottom: 20px !important;}&#8221;][vc_column_inner width=&#8221;1\/3&#8243;]<div class='dt-sc-image-caption type9  ' data-delay='0'><div class='dt-sc-image-wrapper'><img width=\"542\" height=\"326\" src=\"https:\/\/rochesterapps.com\/rochestereduco\/wp-content\/uploads\/2020\/04\/Donaciones_img_a.jpg\" class=\"attachment-full\" alt=\"\" loading=\"lazy\" title=\"Donaciones_img_a\" srcset=\"https:\/\/rochesterapps.com\/rochestereduco\/wp-content\/uploads\/2020\/04\/Donaciones_img_a.jpg 542w, https:\/\/rochesterapps.com\/rochestereduco\/wp-content\/uploads\/2020\/04\/Donaciones_img_a-300x180.jpg 300w, https:\/\/rochesterapps.com\/rochestereduco\/wp-content\/uploads\/2020\/04\/Donaciones_img_a-540x325.jpg 540w\" sizes=\"(max-width: 542px) 100vw, 542px\" \/><div class=\"dt-sc-image-overlay\" style=\"background:rgba(0, 0, 0, 0.8)\"><p><span style=\"font-weight: 400;\">Entidad orientada a atender ni\u00f1os y ni\u00f1as de poblaciones vulnerables, que presentan la condici\u00f3n de labio y paladar hendido en Bogot\u00e1.<\/span><\/p><\/div><\/div><div class='dt-sc-image-content'><div class='dt-sc-image-title'><h3>Fundaci\u00f3n Operaci\u00f3n Sonrisa<\/h3><\/div><\/div><\/div>[\/vc_column_inner][vc_column_inner width=&#8221;1\/3&#8243;]<div class='dt-sc-image-caption type9  ' data-delay='0'><div class='dt-sc-image-wrapper'><img width=\"746\" height=\"448\" src=\"https:\/\/rochesterapps.com\/rochestereduco\/wp-content\/uploads\/2020\/04\/titi_a-1.jpg\" class=\"attachment-full\" alt=\"Fauna Titi\" loading=\"lazy\" title=\"Fauna Titi\" srcset=\"https:\/\/rochesterapps.com\/rochestereduco\/wp-content\/uploads\/2020\/04\/titi_a-1.jpg 746w, https:\/\/rochesterapps.com\/rochestereduco\/wp-content\/uploads\/2020\/04\/titi_a-1-300x180.jpg 300w, https:\/\/rochesterapps.com\/rochestereduco\/wp-content\/uploads\/2020\/04\/titi_a-1-540x324.jpg 540w\" sizes=\"(max-width: 746px) 100vw, 746px\" \/><div class=\"dt-sc-image-overlay\" style=\"background:rgba(0, 0, 0, 0.8)\"><p><span style=\"font-weight: 400;\">Proyecto en pro de la conservaci\u00f3n del bosque seco tropical y las especies end\u00e9micas que all\u00ed habitan, como lo es el Mono Tit\u00ed Cabeciblanco en Bol\u00edvar.<\/span><\/p><\/div><\/div><div class='dt-sc-image-content'><div class='dt-sc-image-title'><h3>Proyecto Tit\u00ed<\/h3><\/div><\/div><\/div>[\/vc_column_inner][vc_column_inner width=&#8221;1\/3&#8243;]<div class='dt-sc-image-caption type9  ' data-delay='0'><div class='dt-sc-image-wrapper'><img width=\"542\" height=\"326\" src=\"https:\/\/rochesterapps.com\/rochestereduco\/wp-content\/uploads\/2020\/04\/Donaciones_img_c.jpg\" class=\"attachment-full\" alt=\"\" loading=\"lazy\" title=\"Donaciones_img_c\" srcset=\"https:\/\/rochesterapps.com\/rochestereduco\/wp-content\/uploads\/2020\/04\/Donaciones_img_c.jpg 542w, https:\/\/rochesterapps.com\/rochestereduco\/wp-content\/uploads\/2020\/04\/Donaciones_img_c-300x180.jpg 300w, https:\/\/rochesterapps.com\/rochestereduco\/wp-content\/uploads\/2020\/04\/Donaciones_img_c-540x325.jpg 540w\" sizes=\"(max-width: 542px) 100vw, 542px\" \/><div class=\"dt-sc-image-overlay\" style=\"background:rgba(0, 0, 0, 0.8)\"><p><span style=\"font-weight: 400;\">Proyecto que tiene como objetivo trabajar por la conservaci\u00f3n del Oso Andino y su ecosistema en la regi\u00f3n Andina de Colombia.<\/span><\/p><\/div><\/div><div class='dt-sc-image-content'><div class='dt-sc-image-title'><h3>Rochester Osostenible<\/h3><\/div><\/div><\/div>[\/vc_column_inner][\/vc_row_inner][vc_row_inner css=&#8221;.vc_custom_1587252652013{padding-top: 40px !important;padding-bottom: 20px !important;}&#8221;][vc_column_inner width=&#8221;1\/3&#8243;]<div class='dt-sc-image-caption type9  ' data-delay='0'><div class='dt-sc-image-wrapper'><img width=\"542\" height=\"326\" src=\"https:\/\/rochesterapps.com\/rochestereduco\/wp-content\/uploads\/2020\/04\/Donaciones_img_d.jpg\" class=\"attachment-full\" alt=\"\" loading=\"lazy\" title=\"Donaciones_img_d\" srcset=\"https:\/\/rochesterapps.com\/rochestereduco\/wp-content\/uploads\/2020\/04\/Donaciones_img_d.jpg 542w, https:\/\/rochesterapps.com\/rochestereduco\/wp-content\/uploads\/2020\/04\/Donaciones_img_d-300x180.jpg 300w, https:\/\/rochesterapps.com\/rochestereduco\/wp-content\/uploads\/2020\/04\/Donaciones_img_d-540x325.jpg 540w\" sizes=\"(max-width: 542px) 100vw, 542px\" \/><div class=\"dt-sc-image-overlay\" style=\"background:rgba(0, 0, 0, 0.8)\"><p><span style=\"font-weight: 400;\">Proyecto que busca certificar como biling\u00fces (nivel B) a estudiantes de la instituci\u00f3n p\u00fablica Fusca en Ch\u00eda.<\/span><\/p><\/div><\/div><div class='dt-sc-image-content'><div class='dt-sc-image-title'><h3>Ingl\u00e9s para Fusca<\/h3><\/div><\/div><\/div>[\/vc_column_inner][vc_column_inner width=&#8221;1\/3&#8243;]<div class='dt-sc-image-caption type9  ' data-delay='0'><div class='dt-sc-image-wrapper'><img width=\"542\" height=\"326\" src=\"https:\/\/rochesterapps.com\/rochestereduco\/wp-content\/uploads\/2020\/04\/Donaciones_img_e.jpg\" class=\"attachment-full\" alt=\"\" loading=\"lazy\" title=\"Donaciones_img_e\" srcset=\"https:\/\/rochesterapps.com\/rochestereduco\/wp-content\/uploads\/2020\/04\/Donaciones_img_e.jpg 542w, https:\/\/rochesterapps.com\/rochestereduco\/wp-content\/uploads\/2020\/04\/Donaciones_img_e-300x180.jpg 300w, https:\/\/rochesterapps.com\/rochestereduco\/wp-content\/uploads\/2020\/04\/Donaciones_img_e-540x325.jpg 540w\" sizes=\"(max-width: 542px) 100vw, 542px\" \/><div class=\"dt-sc-image-overlay\" style=\"background:rgba(0, 0, 0, 0.8)\"><p><span style=\"font-weight: 400;\">Proyecto que busca el mejoramiento de las instalaciones del Colegio Santiago Felipe Escobar en Santa Catalina en Bol\u00edvar y del Colegio Nuestra Se\u00f1ora del Carmen de Pendales en Los L\u00edmites, Atl\u00e1ntico.<\/span><\/p><\/div><\/div><div class='dt-sc-image-content'><div class='dt-sc-image-title'><h3>Educaci\u00f3n<\/h3><\/div><\/div><\/div>[\/vc_column_inner][vc_column_inner width=&#8221;1\/3&#8243;]<div class='dt-sc-image-caption type9  ' data-delay='0'><div class='dt-sc-image-wrapper'><img width=\"542\" height=\"326\" src=\"https:\/\/rochesterapps.com\/rochestereduco\/wp-content\/uploads\/2020\/04\/Donaciones_img_f.jpg\" class=\"attachment-full\" alt=\"\" loading=\"lazy\" title=\"Donaciones_img_f\" srcset=\"https:\/\/rochesterapps.com\/rochestereduco\/wp-content\/uploads\/2020\/04\/Donaciones_img_f.jpg 542w, https:\/\/rochesterapps.com\/rochestereduco\/wp-content\/uploads\/2020\/04\/Donaciones_img_f-300x180.jpg 300w, https:\/\/rochesterapps.com\/rochestereduco\/wp-content\/uploads\/2020\/04\/Donaciones_img_f-540x325.jpg 540w\" sizes=\"(max-width: 542px) 100vw, 542px\" \/><div class=\"dt-sc-image-overlay\" style=\"background:rgba(0, 0, 0, 0.8)\"><p><span style=\"font-weight: 400;\">Proyecto que tiene como objetivo trabajar por la conservaci\u00f3n del Oso Andino y su ecosistema en la regi\u00f3n Andina de Colombia.<\/span><\/p><\/div><\/div><div class='dt-sc-image-content'><div class='dt-sc-image-title'><h3>Colaboradores<\/h3><\/div><\/div><\/div>[\/vc_column_inner][\/vc_row_inner][vc_row_inner css=&#8221;.vc_custom_1587252652013{padding-top: 40px !important;padding-bottom: 20px !important;}&#8221;][vc_column_inner width=&#8221;1\/3&#8243;]<div class='dt-sc-image-caption type9  ' data-delay='0'><div class='dt-sc-image-wrapper'><img width=\"750\" height=\"450\" src=\"https:\/\/rochesterapps.com\/rochestereduco\/wp-content\/uploads\/2020\/07\/RS_Onetreeperchild_d.png\" class=\"attachment-full\" alt=\"Siembra con One Tree Per Child y Colegio Rochester\" loading=\"lazy\" title=\"RS_Onetreeperchild_d\" srcset=\"https:\/\/rochesterapps.com\/rochestereduco\/wp-content\/uploads\/2020\/07\/RS_Onetreeperchild_d.png 750w, https:\/\/rochesterapps.com\/rochestereduco\/wp-content\/uploads\/2020\/07\/RS_Onetreeperchild_d-300x180.png 300w, https:\/\/rochesterapps.com\/rochestereduco\/wp-content\/uploads\/2020\/07\/RS_Onetreeperchild_d-540x324.png 540w\" sizes=\"(max-width: 750px) 100vw, 750px\" \/><div class=\"dt-sc-image-overlay\" style=\"background:rgba(0, 0, 0, 0.8)\"><p><span style=\"font-weight: 400;\">Proyecto que busca mitigar los efectos del cambio clim\u00e1tico con siembras en Ch\u00eda y reforestaci\u00f3n del ecosistema del Mono Tit\u00ed Cabeciblanco en Bol\u00edvar y Sucre.<\/span><\/p><\/div><\/div><div class='dt-sc-image-content'><div class='dt-sc-image-title'><h3>Siembra \u00c1rboles, Siembra Vida<\/h3><\/div><\/div><\/div>[\/vc_column_inner][vc_column_inner width=&#8221;1\/3&#8243;][\/vc_column_inner][vc_column_inner width=&#8221;1\/3&#8243;][\/vc_column_inner][\/vc_row_inner][\/vc_column][\/vc_row][vc_row bg_type=&#8221;image&#8221; parallax_style=&#8221;vcpb-default&#8221; bg_image_new=&#8221;id^21479|url^https:\/\/rochesterapps.com\/rochestereduco\/wp-content\/uploads\/2020\/04\/footer45.png|caption^null|alt^null|title^footer45|description^null&#8221; bg_override=&#8221;ex-full&#8221;][vc_column][vc_row_inner css=&#8221;.vc_custom_1587678670656{padding-top: 100px !important;padding-bottom: 180px !important;}&#8221;][vc_column_inner width=&#8221;1\/4&#8243;][vc_custom_heading text=&#8221;Ubicaci\u00f3n<br \/>\nA la altura Peaje Autonorte<br \/>\nVereda Fusca<br \/>\nCh\u00eda, Cundinamarca<br \/>\nColombia 250008&#8243; font_container=&#8221;tag:p|font_size:16px|text_align:left|color:%23000000|line_height:1.2&#8243; google_fonts=&#8221;font_family:Roboto%3A100%2C100italic%2C300%2C300italic%2Cregular%2Citalic%2C500%2C500italic%2C700%2C700italic%2C900%2C900italic|font_style:500%20bold%20regular%3A500%3Anormal&#8221;][\/vc_column_inner][vc_column_inner width=&#8221;1\/4&#8243;][vc_custom_heading text=&#8221;Cont\u00e1ctanos<br \/>\nadmisiones@rochesterapps.com\/rochestereduco<br \/>\nPBX: 749-6000 Ext. 2222 \u00f3 2200<br \/>\nCel: +57 (321)3714394&#8243; font_container=&#8221;tag:p|font_size:16px|text_align:left|color:%23000000|line_height:1.2&#8243; google_fonts=&#8221;font_family:Roboto%3A100%2C100italic%2C300%2C300italic%2Cregular%2Citalic%2C500%2C500italic%2C700%2C700italic%2C900%2C900italic|font_style:500%20bold%20regular%3A500%3Anormal&#8221;][\/vc_column_inner][vc_column_inner width=&#8221;1\/4&#8243;][\/vc_column_inner][vc_column_inner width=&#8221;1\/4&#8243;][vc_custom_heading text=&#8221;POL\u00cdTICAS ROCHESTER&#8221; font_container=&#8221;tag:p|font_size:15px|text_align:center|color:%23000000|line_height:20px&#8221; google_fonts=&#8221;font_family:Roboto%3A100%2C100italic%2C300%2C300italic%2Cregular%2Citalic%2C500%2C500italic%2C700%2C700italic%2C900%2C900italic|font_style:500%20bold%20regular%3A500%3Anormal&#8221; link=&#8221;url:https%3A%2F%2Frochesterapps.com\/rochestereduco%2Fpoliticas%2F|title:Pol%C3%ADticas%20Rochester|target:%20_blank|&#8221;]<div id=\"1590172847119-49ea5e5a-e9c2\" class=\"dt-sc-empty-space\"><\/div>[\/vc_column_inner][\/vc_row_inner][\/vc_column][\/vc_row]<\/p>\n","protected":false},"excerpt":{"rendered":"<p>[vc_row full_width=&#8221;stretch_row_content_no_spaces&#8221;][vc_column][vc_single_image source=&#8221;external_link&#8221; alignment=&#8221;center&#8221; custom_src=&#8221;https:\/\/ik.imagekit.io\/rochester59bucket\/Rochester_School\/Rochester_Web\/Donaciones\/F_Banner-Donaciones-01_7PIA6aDqnfV.jpeg?updatedAt=1627672484052&#8243;][\/vc_column][\/vc_row][vc_row][vc_column][vc_row_inner css=&#8221;.vc_custom_1587252429290{padding-top: 40px !important;padding-bottom: 40px !important;}&#8221;][vc_column_inner width=&#8221;1\/3&#8243;][vc_single_image source=&#8221;external_link&#8221; alignment=&#8221;center&#8221; custom_src=&#8221;https:\/\/ik.imagekit.io\/rochester59bucket\/Rochester_School\/Rochester_Web\/Donaciones\/a-18_B_T00UUGUk-.png?updatedAt=1627673167219&#8243;][\/vc_column_inner][vc_column_inner width=&#8221;2\/3&#8243;][vc_custom_heading text=&#8221;Bienvenido al sistema de pagos para donaciones del Colegio Rochester.&#8221; font_container=&#8221;tag:p|font_size:22px|text_align:center|color:%23212c5d|line_height:30px&#8221; google_fonts=&#8221;font_family:Roboto%3A100%2C100italic%2C300%2C300italic%2Cregular%2Citalic%2C500%2C500italic%2C700%2C700italic%2C900%2C900italic|font_style:500%20bold%20regular%3A500%3Anormal&#8221; css=&#8221;.vc_custom_1587590093596{padding-bottom: 20px !important;}&#8221;][vc_custom_heading text=&#8221;Para hacer donaciones a proyectos de sostenibilidad por favor haga clic en el bot\u00f3n \u201cRealiza tu donaci\u00f3n\u201d. Luego, seleccione la categor\u00eda de los proyectos a [&hellip;]<\/p>\n","protected":false},"author":1,"featured_media":0,"parent":19920,"menu_order":0,"comment_status":"closed","ping_status":"closed","template":"","meta":[],"yoast_head":"<!-- This site is optimized with the Yoast SEO plugin v14.9 - https:\/\/yoast.com\/wordpress\/plugins\/seo\/ -->\n<title>Donaciones - Colegio Biling\u00fce Rochester | Calendario B Bogot\u00e1 - Ch\u00eda mixto<\/title>\n<meta name=\"robots\" content=\"noindex, follow, max-snippet:-1, max-image-preview:large, max-video-preview:-1\" \/>\n<meta property=\"og:locale\" content=\"es_ES\" \/>\n<meta property=\"og:type\" content=\"article\" \/>\n<meta property=\"og:title\" content=\"Donaciones - Colegio Biling\u00fce Rochester | Calendario B Bogot\u00e1 - Ch\u00eda mixto\" \/>\n<meta property=\"og:description\" content=\"[vc_row full_width=&#8221;stretch_row_content_no_spaces&#8221;][vc_column][vc_single_image source=&#8221;external_link&#8221; alignment=&#8221;center&#8221; custom_src=&#8221;https:\/\/ik.imagekit.io\/rochester59bucket\/Rochester_School\/Rochester_Web\/Donaciones\/F_Banner-Donaciones-01_7PIA6aDqnfV.jpeg?updatedAt=1627672484052&#8243;][\/vc_column][\/vc_row][vc_row][vc_column][vc_row_inner css=&#8221;.vc_custom_1587252429290{padding-top: 40px !important;padding-bottom: 40px !important;}&#8221;][vc_column_inner width=&#8221;1\/3&#8243;][vc_single_image source=&#8221;external_link&#8221; alignment=&#8221;center&#8221; custom_src=&#8221;https:\/\/ik.imagekit.io\/rochester59bucket\/Rochester_School\/Rochester_Web\/Donaciones\/a-18_B_T00UUGUk-.png?updatedAt=1627673167219&#8243;][\/vc_column_inner][vc_column_inner width=&#8221;2\/3&#8243;][vc_custom_heading text=&#8221;Bienvenido al sistema de pagos para donaciones del Colegio Rochester.&#8221; font_container=&#8221;tag:p|font_size:22px|text_align:center|color:%23212c5d|line_height:30px&#8221; google_fonts=&#8221;font_family:Roboto%3A100%2C100italic%2C300%2C300italic%2Cregular%2Citalic%2C500%2C500italic%2C700%2C700italic%2C900%2C900italic|font_style:500%20bold%20regular%3A500%3Anormal&#8221; css=&#8221;.vc_custom_1587590093596{padding-bottom: 20px !important;}&#8221;][vc_custom_heading text=&#8221;Para hacer donaciones a proyectos de sostenibilidad por favor haga clic en el bot\u00f3n \u201cRealiza tu donaci\u00f3n\u201d. Luego, seleccione la categor\u00eda de los proyectos a [&hellip;]\" \/>\n<meta property=\"og:url\" content=\"https:\/\/rochesterapps.com\/rochestereduco\/quick-links\/donaciones\/\" \/>\n<meta property=\"og:site_name\" content=\"Colegio Biling\u00fce Rochester | Calendario B Bogot\u00e1 - Ch\u00eda mixto\" \/>\n<meta property=\"article:modified_time\" content=\"2021-07-30T19:35:12+00:00\" \/>\n<meta name=\"twitter:card\" content=\"summary_large_image\" \/>\n<script type=\"application\/ld+json\" class=\"yoast-schema-graph\">{\"@context\":\"https:\/\/schema.org\",\"@graph\":[{\"@type\":\"Organization\",\"@id\":\"https:\/\/rochesterapps.com\/rochestereduco\/#organization\",\"name\":\"Colegio Rochester\",\"url\":\"https:\/\/rochesterapps.com\/rochestereduco\/\",\"sameAs\":[],\"logo\":{\"@type\":\"ImageObject\",\"@id\":\"https:\/\/rochesterapps.com\/rochestereduco\/#logo\",\"inLanguage\":\"es-CO\",\"url\":\"https:\/\/rochesterapps.com\/rochestereduco\/wp-content\/uploads\/2020\/04\/Logos-Rochester_espan\\u0303ol-02-2.png\",\"width\":331,\"height\":512,\"caption\":\"Colegio Rochester\"},\"image\":{\"@id\":\"https:\/\/rochesterapps.com\/rochestereduco\/#logo\"}},{\"@type\":\"WebSite\",\"@id\":\"https:\/\/rochesterapps.com\/rochestereduco\/#website\",\"url\":\"https:\/\/rochesterapps.com\/rochestereduco\/\",\"name\":\"Colegio Biling\\u00fce Rochester | Calendario B Bogot\\u00e1 - Ch\\u00eda mixto\",\"description\":\"Colegio biling\\u00fce en Bogot\\u00e1 y Ch\\u00eda calendario B, multiling\\u00fce, mixto con bases cat\\u00f3licas donde los estudiantes se desarrollan exitosamente en un ambiente escolar saludable, cort\\u00e9s y feliz. Nuestro prop\\u00f3sito es inspirar y educar estudiantes para que tomen control de sus vidas con el mundo en mente\",\"publisher\":{\"@id\":\"https:\/\/rochesterapps.com\/rochestereduco\/#organization\"},\"potentialAction\":[{\"@type\":\"SearchAction\",\"target\":\"https:\/\/rochesterapps.com\/rochestereduco\/?s={search_term_string}\",\"query-input\":\"required name=search_term_string\"}],\"inLanguage\":\"es-CO\"},{\"@type\":\"WebPage\",\"@id\":\"https:\/\/rochesterapps.com\/rochestereduco\/quick-links\/donaciones\/#webpage\",\"url\":\"https:\/\/rochesterapps.com\/rochestereduco\/quick-links\/donaciones\/\",\"name\":\"Donaciones - Colegio Biling\\u00fce Rochester | Calendario B Bogot\\u00e1 - Ch\\u00eda mixto\",\"isPartOf\":{\"@id\":\"https:\/\/rochesterapps.com\/rochestereduco\/#website\"},\"datePublished\":\"2020-04-08T15:28:21+00:00\",\"dateModified\":\"2021-07-30T19:35:12+00:00\",\"inLanguage\":\"es-CO\",\"potentialAction\":[{\"@type\":\"ReadAction\",\"target\":[\"https:\/\/rochesterapps.com\/rochestereduco\/quick-links\/donaciones\/\"]}]}]}<\/script>\n<!-- \/ Yoast SEO plugin. -->","_links":{"self":[{"href":"https:\/\/rochesterapps.com\/rochestereduco\/wp-json\/wp\/v2\/pages\/19986"}],"collection":[{"href":"https:\/\/rochesterapps.com\/rochestereduco\/wp-json\/wp\/v2\/pages"}],"about":[{"href":"https:\/\/rochesterapps.com\/rochestereduco\/wp-json\/wp\/v2\/types\/page"}],"author":[{"embeddable":true,"href":"https:\/\/rochesterapps.com\/rochestereduco\/wp-json\/wp\/v2\/users\/1"}],"replies":[{"embeddable":true,"href":"https:\/\/rochesterapps.com\/rochestereduco\/wp-json\/wp\/v2\/comments?post=19986"}],"version-history":[{"count":20,"href":"https:\/\/rochesterapps.com\/rochestereduco\/wp-json\/wp\/v2\/pages\/19986\/revisions"}],"predecessor-version":[{"id":26907,"href":"https:\/\/rochesterapps.com\/rochestereduco\/wp-json\/wp\/v2\/pages\/19986\/revisions\/26907"}],"up":[{"embeddable":true,"href":"https:\/\/rochesterapps.com\/rochestereduco\/wp-json\/wp\/v2\/pages\/19920"}],"wp:attachment":[{"href":"https:\/\/rochesterapps.com\/rochestereduco\/wp-json\/wp\/v2\/media?parent=19986"}],"curies":[{"name":"wp","href":"https:\/\/api.w.org\/{rel}","templated":true}]}}