{"id":19984,"date":"2020-04-08T10:28:02","date_gmt":"2020-04-08T15:28:02","guid":{"rendered":"https:\/\/rochesterapps.com\/rochestereduco?page_id=19984"},"modified":"2022-03-16T10:55:58","modified_gmt":"2022-03-16T15:55:58","slug":"pagos","status":"publish","type":"page","link":"https:\/\/rochesterapps.com\/rochestereduco\/quick-links\/pagos\/","title":{"rendered":"Pagos"},"content":{"rendered":"<p>[vc_row css=&#8221;.vc_custom_1587143249396{padding-top: 40px !important;padding-bottom: 40px !important;}&#8221;][vc_column][vc_row_inner][vc_column_inner width=&#8221;1\/3&#8243;][vc_single_image source=&#8221;external_link&#8221; alignment=&#8221;center&#8221; css_animation=&#8221;slideInLeft&#8221; css=&#8221;.vc_custom_1627671329076{padding-top: 30px !important;}&#8221; custom_src=&#8221;https:\/\/ik.imagekit.io\/rochester59bucket\/Rochester_School\/Rochester_Web\/Pagos\/a-17_zKDVUk3A4.png?updatedAt=1627671311880&#8243;][\/vc_column_inner][vc_column_inner width=&#8221;2\/3&#8243; css=&#8221;.vc_custom_1587258997157{padding-top: 20px !important;}&#8221;][vc_custom_heading text=&#8221;Bienvenido al sistema de pagos del Colegio Rochester.&#8221; font_container=&#8221;tag:p|font_size:20px|text_align:center|color:%23212c5d|line_height:21px&#8221; google_fonts=&#8221;font_family:Roboto%3A100%2C100italic%2C300%2C300italic%2Cregular%2Citalic%2C500%2C500italic%2C700%2C700italic%2C900%2C900italic|font_style:500%20bold%20regular%3A500%3Anormal&#8221; css=&#8221;.vc_custom_1587589635954{padding-bottom: 20px !important;}&#8221;][vc_custom_heading text=&#8221;Por favor seleccione el tipo de pago que va a realizar y haga clic en el bot\u00f3n correspondiente. Tenga en cuenta la siguiente informaci\u00f3n:&#8221; font_container=&#8221;tag:p|font_size:18px|text_align:center|color:%23212c5d|line_height:21px&#8221; google_fonts=&#8221;font_family:Roboto%3A100%2C100italic%2C300%2C300italic%2Cregular%2Citalic%2C500%2C500italic%2C700%2C700italic%2C900%2C900italic|font_style:500%20bold%20regular%3A500%3Anormal&#8221; css=&#8221;.vc_custom_1587589643382{padding-bottom: 20px !important;}&#8221;][vc_custom_heading text=&#8221;Para el pago de anticipos de matr\u00edcula \/ pensi\u00f3n por favor haga clic en el bot\u00f3n \u201cAnticipos de matr\u00edcula y pensi\u00f3n\u201d. Una vez se encuentre en la pasarela de pago, diligencie el formulario y digite el total a pagar de acuerdo a la circular enviada por el \u00e1rea financiera del colegio.&#8221; font_container=&#8221;tag:p|font_size:16px|text_align:center|color:%23212c5d|line_height:19px&#8221; google_fonts=&#8221;font_family:Roboto%3A100%2C100italic%2C300%2C300italic%2Cregular%2Citalic%2C500%2C500italic%2C700%2C700italic%2C900%2C900italic|font_style:400%20regular%3A400%3Anormal&#8221; css=&#8221;.vc_custom_1587589650444{padding-bottom: 20px !important;}&#8221;][vc_custom_heading text=&#8221;Para hacer donaciones a proyectos de sostenibilidad por favor haga clic en el bot\u00f3n \u201cDonaciones\u201d. Luego, seleccione la categor\u00eda de los proyectos a los que desea donar y posteriormente digite el valor que desea aportar.&#8221; font_container=&#8221;tag:p|font_size:16px|text_align:center|color:%23212c5d|line_height:19px&#8221; google_fonts=&#8221;font_family:Roboto%3A100%2C100italic%2C300%2C300italic%2Cregular%2Citalic%2C500%2C500italic%2C700%2C700italic%2C900%2C900italic|font_style:400%20regular%3A400%3Anormal&#8221; css=&#8221;.vc_custom_1587589656510{padding-bottom: 20px !important;}&#8221;][vc_custom_heading text=&#8221;Todos los recaudos se hacen a trav\u00e9s de nuestro aliado TUCOMPRA y ser\u00e1 redirigido a dicha plataforma. Todos los datos ingresados por usted viajar\u00e1n seguros y cifrados.&#8221; font_container=&#8221;tag:p|font_size:16px|text_align:center|color:%23212c5d|line_height:19px&#8221; google_fonts=&#8221;font_family:Roboto%3A100%2C100italic%2C300%2C300italic%2Cregular%2Citalic%2C500%2C500italic%2C700%2C700italic%2C900%2C900italic|font_style:400%20regular%3A400%3Anormal&#8221;][\/vc_column_inner][\/vc_row_inner][\/vc_column][\/vc_row][vc_row bg_type=&#8221;bg_color&#8221; bg_override=&#8221;ex-full&#8221; bg_color_value=&#8221;#e6e7e8&#8243;][vc_column][vc_row_inner css=&#8221;.vc_custom_1587259171221{padding-top: 40px !important;padding-bottom: 40px !important;}&#8221;][vc_column_inner width=&#8221;1\/3&#8243;]<a href='https:\/\/gateway2.tucompra.com.co\/bt\/botonPago.xhtml?boton=Mzk0NjQ=' target='_blank' title='' class='dt-sc-button vc_custom_1647446155359  xlarge   rounded-border  animated' data-delay='0'  style=\"background-color:#212c5d;border-color:#212c5d;color:#ffffff;font-size:18px;\"> Anticipos de matr\u00edcula \/ pensi\u00f3n <\/a>[\/vc_column_inner][vc_column_inner width=&#8221;1\/3&#8243;]<a href='https:\/\/gateway2.tucompra.com.co\/bt\/botonPago.xhtml?boton=MzE5MTU=' target='_blank' title='' class='dt-sc-button   xlarge   rounded-border  animated' data-delay='0'  style=\"background-color:#212c5d;border-color:#212c5d;color:#ffffff;font-size:18px;\"> Formalizaci\u00f3n proceso de Admisi\u00f3n <\/a>[\/vc_column_inner][vc_column_inner width=&#8221;1\/3&#8243;]<a href='https:\/\/gateway2.tucompra.com.co\/bt\/botonPago.xhtml?boton=MzE5MTM=' target='_blank' title='' class='dt-sc-button vc_custom_1625000839166  xlarge   rounded-border  animated' data-delay='0'  style=\"background-color:#212c5d;border-color:#212c5d;color:#ffffff;font-size:18px;\"> Donaciones <\/a>[\/vc_column_inner][\/vc_row_inner][\/vc_column][\/vc_row][vc_row][vc_column][vc_row_inner][vc_column_inner][vc_raw_js]JTNDc2NyaXB0JTNFJTBBZnVuY3Rpb24lMjBpbml0RnJlc2hDaGF0JTI4JTI5JTIwJTdCJTBBd2luZG93LmZjV2lkZ2V0LmluaXQlMjglN0IlMEF0b2tlbiUzQSUyMCUyMmE5ZWFkMTc2LWVhMWQtNDY3MS05ODQ3LTBkMGIxYjhjMjE0NiUyMiUyQyUwQSUyMCUyMG9wZW4lM0ElMjJ0cnVlJTIyJTJDJTBBaG9zdCUzQSUyMCUyMmh0dHBzJTNBJTJGJTJGd2NoYXQuZnJlc2hjaGF0LmNvbSUyMiUwQSU3RCUyOSUzQiUwQSU3RCUwQWZ1bmN0aW9uJTIwaW5pdGlhbGl6ZSUyOGklMkN0JTI5JTdCdmFyJTIwZSUzQmkuZ2V0RWxlbWVudEJ5SWQlMjh0JTI5JTNGaW5pdEZyZXNoQ2hhdCUyOCUyOSUzQSUyOCUyOGUlM0RpLmNyZWF0ZUVsZW1lbnQlMjglMjJzY3JpcHQlMjIlMjklMjkuaWQlM0R0JTJDZS5hc3luYyUzRCUyMTAlMkNlLnNyYyUzRCUyMmh0dHBzJTNBJTJGJTJGd2NoYXQuZnJlc2hjaGF0LmNvbSUyRmpzJTJGd2lkZ2V0LmpzJTIyJTJDZS5vbmxvYWQlM0Rpbml0RnJlc2hDaGF0JTJDaS5oZWFkLmFwcGVuZENoaWxkJTI4ZSUyOSUyOSU3RGZ1bmN0aW9uJTIwaW5pdGlhdGVDYWxsJTI4JTI5JTdCaW5pdGlhbGl6ZSUyOGRvY3VtZW50JTJDJTIyZnJlc2hjaGF0LWpzLXNkayUyMiUyOSU3RHdpbmRvdy5hZGRFdmVudExpc3RlbmVyJTNGd2luZG93LmFkZEV2ZW50TGlzdGVuZXIlMjglMjJsb2FkJTIyJTJDaW5pdGlhdGVDYWxsJTJDJTIxMSUyOSUzQXdpbmRvdy5hdHRhY2hFdmVudCUyOCUyMmxvYWQlMjIlMkNpbml0aWF0ZUNhbGwlMkMlMjExJTI5JTNCJTBBJTNDJTJGc2NyaXB0JTNF[\/vc_raw_js][\/vc_column_inner][\/vc_row_inner][\/vc_column][\/vc_row][vc_row bg_type=&#8221;image&#8221; parallax_style=&#8221;vcpb-default&#8221; bg_image_new=&#8221;id^21479|url^https:\/\/rochesterapps.com\/rochestereduco\/wp-content\/uploads\/2020\/04\/footer45.png|caption^null|alt^null|title^footer45|description^null&#8221; bg_override=&#8221;ex-full&#8221;][vc_column][vc_row_inner css=&#8221;.vc_custom_1587678670656{padding-top: 100px !important;padding-bottom: 180px !important;}&#8221;][vc_column_inner width=&#8221;1\/4&#8243;][vc_custom_heading text=&#8221;Ubicaci\u00f3n<br \/>\nA la altura Peaje Autonorte<br \/>\nVereda Fusca<br \/>\nCh\u00eda, Cundinamarca<br \/>\nColombia 250008&#8243; font_container=&#8221;tag:p|font_size:16px|text_align:left|color:%23000000|line_height:1.2&#8243; google_fonts=&#8221;font_family:Roboto%3A100%2C100italic%2C300%2C300italic%2Cregular%2Citalic%2C500%2C500italic%2C700%2C700italic%2C900%2C900italic|font_style:500%20bold%20regular%3A500%3Anormal&#8221;][\/vc_column_inner][vc_column_inner width=&#8221;1\/4&#8243;][vc_custom_heading text=&#8221;Cont\u00e1ctanos<br \/>\nadmisiones@rochesterapps.com\/rochestereduco<br \/>\nPBX: 749-6000 Ext. 2222 \u00f3 2200<br \/>\nCel: +57 (321)3714394&#8243; font_container=&#8221;tag:p|font_size:16px|text_align:left|color:%23000000|line_height:1.2&#8243; google_fonts=&#8221;font_family:Roboto%3A100%2C100italic%2C300%2C300italic%2Cregular%2Citalic%2C500%2C500italic%2C700%2C700italic%2C900%2C900italic|font_style:500%20bold%20regular%3A500%3Anormal&#8221;][\/vc_column_inner][vc_column_inner width=&#8221;1\/4&#8243;][\/vc_column_inner][vc_column_inner width=&#8221;1\/4&#8243;][vc_custom_heading text=&#8221;POL\u00cdTICAS ROCHESTER&#8221; font_container=&#8221;tag:p|font_size:15px|text_align:center|color:%23000000|line_height:20px&#8221; google_fonts=&#8221;font_family:Roboto%3A100%2C100italic%2C300%2C300italic%2Cregular%2Citalic%2C500%2C500italic%2C700%2C700italic%2C900%2C900italic|font_style:500%20bold%20regular%3A500%3Anormal&#8221; link=&#8221;url:https%3A%2F%2Frochesterapps.com\/rochestereduco%2Fpoliticas%2F|title:Pol%C3%ADticas%20Rochester|target:%20_blank|&#8221;]<div id=\"1590172847119-49ea5e5a-e9c2\" class=\"dt-sc-empty-space\"><\/div>[\/vc_column_inner][\/vc_row_inner][\/vc_column][\/vc_row]<\/p>\n","protected":false},"excerpt":{"rendered":"<p>[vc_row css=&#8221;.vc_custom_1587143249396{padding-top: 40px !important;padding-bottom: 40px !important;}&#8221;][vc_column][vc_row_inner][vc_column_inner width=&#8221;1\/3&#8243;][vc_single_image source=&#8221;external_link&#8221; alignment=&#8221;center&#8221; css_animation=&#8221;slideInLeft&#8221; css=&#8221;.vc_custom_1627671329076{padding-top: 30px !important;}&#8221; custom_src=&#8221;https:\/\/ik.imagekit.io\/rochester59bucket\/Rochester_School\/Rochester_Web\/Pagos\/a-17_zKDVUk3A4.png?updatedAt=1627671311880&#8243;][\/vc_column_inner][vc_column_inner width=&#8221;2\/3&#8243; css=&#8221;.vc_custom_1587258997157{padding-top: 20px !important;}&#8221;][vc_custom_heading text=&#8221;Bienvenido al sistema de pagos del Colegio Rochester.&#8221; font_container=&#8221;tag:p|font_size:20px|text_align:center|color:%23212c5d|line_height:21px&#8221; google_fonts=&#8221;font_family:Roboto%3A100%2C100italic%2C300%2C300italic%2Cregular%2Citalic%2C500%2C500italic%2C700%2C700italic%2C900%2C900italic|font_style:500%20bold%20regular%3A500%3Anormal&#8221; css=&#8221;.vc_custom_1587589635954{padding-bottom: 20px !important;}&#8221;][vc_custom_heading text=&#8221;Por favor seleccione el tipo de pago que va a realizar y haga clic en el bot\u00f3n correspondiente. Tenga en cuenta la siguiente informaci\u00f3n:&#8221; [&hellip;]<\/p>\n","protected":false},"author":1,"featured_media":0,"parent":19920,"menu_order":0,"comment_status":"closed","ping_status":"closed","template":"","meta":[],"yoast_head":"<!-- This site is optimized with the Yoast SEO plugin v14.9 - https:\/\/yoast.com\/wordpress\/plugins\/seo\/ -->\n<title>Pagos - Colegio Biling\u00fce Rochester | Calendario B Bogot\u00e1 - Ch\u00eda mixto<\/title>\n<meta name=\"robots\" content=\"noindex, follow, max-snippet:-1, max-image-preview:large, max-video-preview:-1\" \/>\n<meta property=\"og:locale\" content=\"es_ES\" \/>\n<meta property=\"og:type\" content=\"article\" \/>\n<meta property=\"og:title\" content=\"Pagos - Colegio Biling\u00fce Rochester | Calendario B Bogot\u00e1 - Ch\u00eda mixto\" \/>\n<meta property=\"og:description\" content=\"[vc_row css=&#8221;.vc_custom_1587143249396{padding-top: 40px !important;padding-bottom: 40px !important;}&#8221;][vc_column][vc_row_inner][vc_column_inner width=&#8221;1\/3&#8243;][vc_single_image source=&#8221;external_link&#8221; alignment=&#8221;center&#8221; css_animation=&#8221;slideInLeft&#8221; css=&#8221;.vc_custom_1627671329076{padding-top: 30px !important;}&#8221; custom_src=&#8221;https:\/\/ik.imagekit.io\/rochester59bucket\/Rochester_School\/Rochester_Web\/Pagos\/a-17_zKDVUk3A4.png?updatedAt=1627671311880&#8243;][\/vc_column_inner][vc_column_inner width=&#8221;2\/3&#8243; css=&#8221;.vc_custom_1587258997157{padding-top: 20px !important;}&#8221;][vc_custom_heading text=&#8221;Bienvenido al sistema de pagos del Colegio Rochester.&#8221; font_container=&#8221;tag:p|font_size:20px|text_align:center|color:%23212c5d|line_height:21px&#8221; google_fonts=&#8221;font_family:Roboto%3A100%2C100italic%2C300%2C300italic%2Cregular%2Citalic%2C500%2C500italic%2C700%2C700italic%2C900%2C900italic|font_style:500%20bold%20regular%3A500%3Anormal&#8221; css=&#8221;.vc_custom_1587589635954{padding-bottom: 20px !important;}&#8221;][vc_custom_heading text=&#8221;Por favor seleccione el tipo de pago que va a realizar y haga clic en el bot\u00f3n correspondiente. Tenga en cuenta la siguiente informaci\u00f3n:&#8221; [&hellip;]\" \/>\n<meta property=\"og:url\" content=\"https:\/\/rochesterapps.com\/rochestereduco\/quick-links\/pagos\/\" \/>\n<meta property=\"og:site_name\" content=\"Colegio Biling\u00fce Rochester | Calendario B Bogot\u00e1 - Ch\u00eda mixto\" \/>\n<meta property=\"article:modified_time\" content=\"2022-03-16T15:55:58+00:00\" \/>\n<meta name=\"twitter:card\" content=\"summary_large_image\" \/>\n<script type=\"application\/ld+json\" class=\"yoast-schema-graph\">{\"@context\":\"https:\/\/schema.org\",\"@graph\":[{\"@type\":\"Organization\",\"@id\":\"https:\/\/rochesterapps.com\/rochestereduco\/#organization\",\"name\":\"Colegio Rochester\",\"url\":\"https:\/\/rochesterapps.com\/rochestereduco\/\",\"sameAs\":[],\"logo\":{\"@type\":\"ImageObject\",\"@id\":\"https:\/\/rochesterapps.com\/rochestereduco\/#logo\",\"inLanguage\":\"es-CO\",\"url\":\"https:\/\/rochesterapps.com\/rochestereduco\/wp-content\/uploads\/2020\/04\/Logos-Rochester_espan\\u0303ol-02-2.png\",\"width\":331,\"height\":512,\"caption\":\"Colegio Rochester\"},\"image\":{\"@id\":\"https:\/\/rochesterapps.com\/rochestereduco\/#logo\"}},{\"@type\":\"WebSite\",\"@id\":\"https:\/\/rochesterapps.com\/rochestereduco\/#website\",\"url\":\"https:\/\/rochesterapps.com\/rochestereduco\/\",\"name\":\"Colegio Biling\\u00fce Rochester | Calendario B Bogot\\u00e1 - Ch\\u00eda mixto\",\"description\":\"Colegio biling\\u00fce en Bogot\\u00e1 y Ch\\u00eda calendario B, multiling\\u00fce, mixto con bases cat\\u00f3licas donde los estudiantes se desarrollan exitosamente en un ambiente escolar saludable, cort\\u00e9s y feliz. Nuestro prop\\u00f3sito es inspirar y educar estudiantes para que tomen control de sus vidas con el mundo en mente\",\"publisher\":{\"@id\":\"https:\/\/rochesterapps.com\/rochestereduco\/#organization\"},\"potentialAction\":[{\"@type\":\"SearchAction\",\"target\":\"https:\/\/rochesterapps.com\/rochestereduco\/?s={search_term_string}\",\"query-input\":\"required name=search_term_string\"}],\"inLanguage\":\"es-CO\"},{\"@type\":\"WebPage\",\"@id\":\"https:\/\/rochesterapps.com\/rochestereduco\/quick-links\/pagos\/#webpage\",\"url\":\"https:\/\/rochesterapps.com\/rochestereduco\/quick-links\/pagos\/\",\"name\":\"Pagos - Colegio Biling\\u00fce Rochester | Calendario B Bogot\\u00e1 - Ch\\u00eda mixto\",\"isPartOf\":{\"@id\":\"https:\/\/rochesterapps.com\/rochestereduco\/#website\"},\"datePublished\":\"2020-04-08T15:28:02+00:00\",\"dateModified\":\"2022-03-16T15:55:58+00:00\",\"inLanguage\":\"es-CO\",\"potentialAction\":[{\"@type\":\"ReadAction\",\"target\":[\"https:\/\/rochesterapps.com\/rochestereduco\/quick-links\/pagos\/\"]}]}]}<\/script>\n<!-- \/ Yoast SEO plugin. -->","_links":{"self":[{"href":"https:\/\/rochesterapps.com\/rochestereduco\/wp-json\/wp\/v2\/pages\/19984"}],"collection":[{"href":"https:\/\/rochesterapps.com\/rochestereduco\/wp-json\/wp\/v2\/pages"}],"about":[{"href":"https:\/\/rochesterapps.com\/rochestereduco\/wp-json\/wp\/v2\/types\/page"}],"author":[{"embeddable":true,"href":"https:\/\/rochesterapps.com\/rochestereduco\/wp-json\/wp\/v2\/users\/1"}],"replies":[{"embeddable":true,"href":"https:\/\/rochesterapps.com\/rochestereduco\/wp-json\/wp\/v2\/comments?post=19984"}],"version-history":[{"count":25,"href":"https:\/\/rochesterapps.com\/rochestereduco\/wp-json\/wp\/v2\/pages\/19984\/revisions"}],"predecessor-version":[{"id":28173,"href":"https:\/\/rochesterapps.com\/rochestereduco\/wp-json\/wp\/v2\/pages\/19984\/revisions\/28173"}],"up":[{"embeddable":true,"href":"https:\/\/rochesterapps.com\/rochestereduco\/wp-json\/wp\/v2\/pages\/19920"}],"wp:attachment":[{"href":"https:\/\/rochesterapps.com\/rochestereduco\/wp-json\/wp\/v2\/media?parent=19984"}],"curies":[{"name":"wp","href":"https:\/\/api.w.org\/{rel}","templated":true}]}}