{"id":19962,"date":"2020-04-08T10:22:51","date_gmt":"2020-04-08T15:22:51","guid":{"rendered":"https:\/\/rochesterapps.com\/rochestereduco?page_id=19962"},"modified":"2021-08-09T22:25:38","modified_gmt":"2021-08-10T03:25:38","slug":"jardin-a-octavo","status":"publish","type":"page","link":"https:\/\/rochesterapps.com\/rochestereduco\/admisiones-y-becas\/jardin-a-octavo\/","title":{"rendered":"Jard\u00edn a Octavo"},"content":{"rendered":"<p>[vc_row full_width=&#8221;stretch_row_content_no_spaces&#8221;][vc_column][vc_single_image source=&#8221;external_link&#8221; alignment=&#8221;center&#8221; custom_src=&#8221;https:\/\/ik.imagekit.io\/rochester59bucket\/Rochester_School\/Rochester_Web\/Jardin_a_Undecimo\/slide_qyCt30nKD.jpeg?updatedAt=1627584095361&#8243;][\/vc_column][\/vc_row][vc_row css=&#8221;.vc_custom_1587143249396{padding-top: 40px !important;padding-bottom: 40px !important;}&#8221;][vc_column width=&#8221;1\/3&#8243;][vc_row_inner][vc_column_inner][vc_single_image source=&#8221;external_link&#8221; alignment=&#8221;center&#8221; css_animation=&#8221;slideInLeft&#8221; custom_src=&#8221;https:\/\/ik.imagekit.io\/rochester59bucket\/Rochester_School\/Rochester_Web\/Jardin_a_Undecimo\/a-5_cE6u2IW1hPL.png?updatedAt=1627584340779&#8243;][\/vc_column_inner][\/vc_row_inner][\/vc_column][vc_column width=&#8221;2\/3&#8243;][vc_custom_heading text=&#8221;Colegios Bogot\u00e1&#8221; font_container=&#8221;tag:h1|font_size:20|text_align:left|color:%23212c5d&#8221; google_fonts=&#8221;font_family:Roboto%3A100%2C100italic%2C300%2C300italic%2Cregular%2Citalic%2C500%2C500italic%2C700%2C700italic%2C900%2C900italic|font_style:500%20bold%20regular%3A500%3Anormal&#8221; css=&#8221;.vc_custom_1623885036060{margin-bottom: 10px !important;}&#8221;][vc_custom_heading text=&#8221;En el Colegio Rochester recibimos con los brazos abiertos a estudiantes entre Jard\u00edn y 8\u00ba grado que buscan un nuevo comienzo. Como colegio internacional, contamos con una red de apoyo a medida para todos aquellos estudiantes que requieran de nivelaci\u00f3n en idioma y asignaturas espec\u00edficas. La estabilidad acad\u00e9mica y emocional de nuestros alumnos es igualmente importante por lo que cuidamos cada paso en sus procesos de adaptaci\u00f3n. Le invitamos a dejar sus datos de personales para ser contactado por el equipo del Centro de Visitantes y Admisiones.&#8221; font_container=&#8221;tag:p|font_size:18px|text_align:justify|color:%23212c5d|line_height:21px&#8221; google_fonts=&#8221;font_family:Roboto%3A100%2C100italic%2C300%2C300italic%2Cregular%2Citalic%2C500%2C500italic%2C700%2C700italic%2C900%2C900italic|font_style:400%20regular%3A400%3Anormal&#8221;][vc_row_inner css=&#8221;.vc_custom_1587835044078{padding-top: 20px !important;}&#8221;][vc_column_inner]<a href='https:\/\/rochesterapps.com\/rochestereduco\/wp-content\/uploads\/2020\/04\/Poli\u0301tica-de-Admisiones-del-Colegio-Rochester-2020-04.pdf' target='_blank' title='' class='dt-sc-button   large   rounded-border  animated' data-delay='0'  style=\"background-color:#212c5d;border-color:#212c5d;color:#ffffff;font-size:16px;\"> Pol\u00edtica de Admisi\u00f3n <\/a>[\/vc_column_inner][\/vc_row_inner][\/vc_column][\/vc_row][vc_row][vc_column][vc_row_inner][vc_column_inner width=&#8221;1\/3&#8243;][vc_single_image source=&#8221;external_link&#8221; alignment=&#8221;center&#8221; custom_src=&#8221;https:\/\/ik.imagekit.io\/rochester59bucket\/Rochester_School\/Rochester_Web\/Jardin_a_Undecimo\/Foto_d_gOjsGauAH5H.jpeg?updatedAt=1627584717076&#8243;][\/vc_column_inner][vc_column_inner width=&#8221;1\/3&#8243;][vc_single_image source=&#8221;external_link&#8221; alignment=&#8221;center&#8221; custom_src=&#8221;https:\/\/ik.imagekit.io\/rochester59bucket\/Rochester_School\/Rochester_Web\/Jardin_a_Undecimo\/Foto_B_Pi4vkugSY.jpeg?updatedAt=1627584936315&#8243;][\/vc_column_inner][vc_column_inner width=&#8221;1\/3&#8243;][vc_single_image source=&#8221;external_link&#8221; alignment=&#8221;center&#8221; custom_src=&#8221;https:\/\/ik.imagekit.io\/rochester59bucket\/Rochester_School\/Rochester_Web\/Jardin_a_Undecimo\/Foto_c_YNZ7oq9Vn0.jpeg?updatedAt=1627585085836&#8243;][\/vc_column_inner][\/vc_row_inner][\/vc_column][\/vc_row][vc_row full_width=&#8221;stretch_row&#8221; bg_type=&#8221;bg_color&#8221; bg_override=&#8221;ex-full&#8221; css=&#8221;.vc_custom_1587260390504{padding-top: 10px !important;padding-bottom: 10px !important;}&#8221; bg_color_value=&#8221;#212c5d&#8221;][vc_column][vc_row_inner css=&#8221;.vc_custom_1587144776697{padding-top: 40px !important;padding-bottom: 40px !important;}&#8221;][vc_column_inner width=&#8221;1\/3&#8243;]<div id=\"1627586494610-58d77dd6-8e70\" class=\"dt-sc-empty-space\"><\/div>[\/vc_column_inner][vc_column_inner width=&#8221;1\/3&#8243;][vc_raw_html]JTNDZGl2JTIwcm9sZSUzRCUyMm1haW4lMjIlMjBpZCUzRCUyMmFkbWlzaW9uZXMtMjAyMS0yMDIyLTExNTc5YzE3Y2I2YmI4NjU3YzgxJTIyJTNFJTNDJTJGZGl2JTNFJTNDc2NyaXB0JTIwdHlwZSUzRCUyMnRleHQlMkZqYXZhc2NyaXB0JTIyJTIwc3JjJTNEJTIyaHR0cHMlM0ElMkYlMkZkMzM1bHV1cHVnc3kyLmNsb3VkZnJvbnQubmV0JTJGanMlMkZyZHN0YXRpb24tZm9ybXMlMkZzdGFibGUlMkZyZHN0YXRpb24tZm9ybXMubWluLmpzJTIyJTNFJTNDJTJGc2NyaXB0JTNFJTNDc2NyaXB0JTIwdHlwZSUzRCUyMnRleHQlMkZqYXZhc2NyaXB0JTIyJTNFJTIwbmV3JTIwUkRTdGF0aW9uRm9ybXMlMjglMjdhZG1pc2lvbmVzLTIwMjEtMjAyMi0xMTU3OWMxN2NiNmJiODY1N2M4MSUyNyUyQyUyMCUyN1VBLTEzNTcwNTY5NC0xJTI3JTI5LmNyZWF0ZUZvcm0lMjglMjklM0IlM0MlMkZzY3JpcHQlM0U=[\/vc_raw_html][\/vc_column_inner][vc_column_inner width=&#8221;1\/3&#8243;]<div id=\"1627586502509-67c63b56-b260\" class=\"dt-sc-empty-space\"><\/div>[\/vc_column_inner][\/vc_row_inner][\/vc_column][\/vc_row][vc_row css=&#8221;.vc_custom_1587835276809{padding-top: 40px !important;padding-bottom: 250px !important;}&#8221;][vc_column][vc_row_inner][vc_column_inner width=&#8221;1\/3&#8243;][vc_single_image source=&#8221;external_link&#8221; alignment=&#8221;center&#8221; css_animation=&#8221;slideInLeft&#8221; custom_src=&#8221;https:\/\/ik.imagekit.io\/rochester59bucket\/Rochester_School\/Rochester_Web\/Jardin_a_Undecimo\/b-3_1__DAHpkaJ_BIhG.png?updatedAt=1627585682984&#8243;][\/vc_column_inner][vc_column_inner width=&#8221;2\/3&#8243; css=&#8221;.vc_custom_1587145748000{padding-top: 30px !important;}&#8221;][vc_custom_heading text=&#8221;Tarifa Solicitud de Admisi\u00f3n 2021-2022&#8243; font_container=&#8221;tag:p|font_size:24px|text_align:left|color:%23212c5d&#8221; google_fonts=&#8221;font_family:Roboto%3A100%2C100italic%2C300%2C300italic%2Cregular%2Citalic%2C500%2C500italic%2C700%2C700italic%2C900%2C900italic|font_style:500%20bold%20regular%3A500%3Anormal&#8221;][vc_custom_heading text=&#8221;$230.000&#8243; font_container=&#8221;tag:p|font_size:22px|text_align:left|color:%23212c5d|line_height:24px&#8221; google_fonts=&#8221;font_family:Roboto%3A100%2C100italic%2C300%2C300italic%2Cregular%2Citalic%2C500%2C500italic%2C700%2C700italic%2C900%2C900italic|font_style:400%20regular%3A400%3Anormal&#8221;][vc_custom_heading text=&#8221;Por cada aspirante de Prejard\u00edn a Und\u00e9cimo Grado&#8221; font_container=&#8221;tag:p|font_size:18px|text_align:left|color:%23212c5d|line_height:21px&#8221; google_fonts=&#8221;font_family:Roboto%3A100%2C100italic%2C300%2C300italic%2Cregular%2Citalic%2C500%2C500italic%2C700%2C700italic%2C900%2C900italic|font_style:400%20regular%3A400%3Anormal&#8221;][\/vc_column_inner][\/vc_row_inner][vc_single_image source=&#8221;external_link&#8221; external_img_size=&#8221;750&#215;371&#8243; alignment=&#8221;center&#8221; custom_src=&#8221;https:\/\/ik.imagekit.io\/rochester59bucket\/Rochester_School\/Rochester_Web\/Jardin_a_Undecimo\/FINAL-PASOS-ADMISIONES-01-1_yeK00drqg.jpeg?updatedAt=1627585987609&#8243;][\/vc_column][\/vc_row][vc_row full_width=&#8221;stretch_row_content_no_spaces&#8221; bg_type=&#8221;bg_color&#8221; bg_override=&#8221;ex-full&#8221; bg_color_value=&#8221;#212c5d&#8221; el_class=&#8221;dt-sc-overflow-visible&#8221; addstyles=&#8221;overflow: visible;&#8221;][vc_column width=&#8221;1\/4&#8243;][\/vc_column][vc_column width=&#8221;1\/2&#8243;][vc_video link=&#8221;https:\/\/www.youtube.com\/watch?v=vD1Wb-bSgWk&#8221; align=&#8221;center&#8221; el_class=&#8221;video-bottom&#8221;]<div id=\"1587146540960-ce98d3b9-ca2e\" class=\"dt-sc-empty-space\"><\/div>[\/vc_column][vc_column width=&#8221;1\/4&#8243;][\/vc_column][\/vc_row][vc_row][vc_column][vc_row_inner][vc_column_inner][vc_raw_js]JTNDc2NyaXB0JTNFJTBBZnVuY3Rpb24lMjBpbml0RnJlc2hDaGF0JTI4JTI5JTIwJTdCJTBBd2luZG93LmZjV2lkZ2V0LmluaXQlMjglN0IlMEF0b2tlbiUzQSUyMCUyMmE5ZWFkMTc2LWVhMWQtNDY3MS05ODQ3LTBkMGIxYjhjMjE0NiUyMiUyQyUwQWhvc3QlM0ElMjAlMjJodHRwcyUzQSUyRiUyRndjaGF0LmZyZXNoY2hhdC5jb20lMjIlMEElN0QlMjklM0IlMEElN0QlMEFmdW5jdGlvbiUyMGluaXRpYWxpemUlMjhpJTJDdCUyOSU3QnZhciUyMGUlM0JpLmdldEVsZW1lbnRCeUlkJTI4dCUyOSUzRmluaXRGcmVzaENoYXQlMjglMjklM0ElMjglMjhlJTNEaS5jcmVhdGVFbGVtZW50JTI4JTIyc2NyaXB0JTIyJTI5JTI5LmlkJTNEdCUyQ2UuYXN5bmMlM0QlMjEwJTJDZS5zcmMlM0QlMjJodHRwcyUzQSUyRiUyRndjaGF0LmZyZXNoY2hhdC5jb20lMkZqcyUyRndpZGdldC5qcyUyMiUyQ2Uub25sb2FkJTNEaW5pdEZyZXNoQ2hhdCUyQ2kuaGVhZC5hcHBlbmRDaGlsZCUyOGUlMjklMjklN0RmdW5jdGlvbiUyMGluaXRpYXRlQ2FsbCUyOCUyOSU3QmluaXRpYWxpemUlMjhkb2N1bWVudCUyQyUyMmZyZXNoY2hhdC1qcy1zZGslMjIlMjklN0R3aW5kb3cuYWRkRXZlbnRMaXN0ZW5lciUzRndpbmRvdy5hZGRFdmVudExpc3RlbmVyJTI4JTIybG9hZCUyMiUyQ2luaXRpYXRlQ2FsbCUyQyUyMTElMjklM0F3aW5kb3cuYXR0YWNoRXZlbnQlMjglMjJsb2FkJTIyJTJDaW5pdGlhdGVDYWxsJTJDJTIxMSUyOSUzQiUwQSUzQyUyRnNjcmlwdCUzRQ==[\/vc_raw_js][\/vc_column_inner][\/vc_row_inner][\/vc_column][\/vc_row][vc_row bg_type=&#8221;image&#8221; parallax_style=&#8221;vcpb-default&#8221; bg_image_new=&#8221;id^21479|url^https:\/\/rochesterapps.com\/rochestereduco\/wp-content\/uploads\/2020\/04\/footer45.png|caption^null|alt^null|title^footer45|description^null&#8221; bg_override=&#8221;ex-full&#8221;][vc_column][vc_row_inner css=&#8221;.vc_custom_1587678670656{padding-top: 100px !important;padding-bottom: 180px !important;}&#8221;][vc_column_inner width=&#8221;1\/4&#8243;][vc_custom_heading text=&#8221;Ubicaci\u00f3n<br \/>\nA la altura Peaje Autonorte<br \/>\nVereda Fusca<br \/>\nCh\u00eda, Cundinamarca<br \/>\nColombia 250008&#8243; font_container=&#8221;tag:p|font_size:16px|text_align:left|color:%23000000|line_height:1.2&#8243; google_fonts=&#8221;font_family:Roboto%3A100%2C100italic%2C300%2C300italic%2Cregular%2Citalic%2C500%2C500italic%2C700%2C700italic%2C900%2C900italic|font_style:500%20bold%20regular%3A500%3Anormal&#8221;][\/vc_column_inner][vc_column_inner width=&#8221;1\/4&#8243;][vc_custom_heading text=&#8221;Cont\u00e1ctanos<br \/>\nadmisiones@rochesterapps.com\/rochestereduco<br \/>\nPBX: 749-6000 Ext. 2222 \u00f3 2200<br \/>\nCel: +57 (321)3714394&#8243; font_container=&#8221;tag:p|font_size:16px|text_align:left|color:%23000000|line_height:1.2&#8243; google_fonts=&#8221;font_family:Roboto%3A100%2C100italic%2C300%2C300italic%2Cregular%2Citalic%2C500%2C500italic%2C700%2C700italic%2C900%2C900italic|font_style:500%20bold%20regular%3A500%3Anormal&#8221;][\/vc_column_inner][vc_column_inner width=&#8221;1\/4&#8243;][\/vc_column_inner][vc_column_inner width=&#8221;1\/4&#8243;][vc_custom_heading text=&#8221;POL\u00cdTICAS ROCHESTER&#8221; font_container=&#8221;tag:p|font_size:15px|text_align:center|color:%23000000|line_height:20px&#8221; google_fonts=&#8221;font_family:Roboto%3A100%2C100italic%2C300%2C300italic%2Cregular%2Citalic%2C500%2C500italic%2C700%2C700italic%2C900%2C900italic|font_style:500%20bold%20regular%3A500%3Anormal&#8221; link=&#8221;url:https%3A%2F%2Frochesterapps.com\/rochestereduco%2Fpoliticas%2F|title:Pol%C3%ADticas%20Rochester|target:%20_blank|&#8221;]<div id=\"1590172847119-49ea5e5a-e9c2\" class=\"dt-sc-empty-space\"><\/div>[\/vc_column_inner][\/vc_row_inner][\/vc_column][\/vc_row]<\/p>\n","protected":false},"excerpt":{"rendered":"<p>[vc_row full_width=&#8221;stretch_row_content_no_spaces&#8221;][vc_column][vc_single_image source=&#8221;external_link&#8221; alignment=&#8221;center&#8221; custom_src=&#8221;https:\/\/ik.imagekit.io\/rochester59bucket\/Rochester_School\/Rochester_Web\/Jardin_a_Undecimo\/slide_qyCt30nKD.jpeg?updatedAt=1627584095361&#8243;][\/vc_column][\/vc_row][vc_row css=&#8221;.vc_custom_1587143249396{padding-top: 40px !important;padding-bottom: 40px !important;}&#8221;][vc_column width=&#8221;1\/3&#8243;][vc_row_inner][vc_column_inner][vc_single_image source=&#8221;external_link&#8221; alignment=&#8221;center&#8221; css_animation=&#8221;slideInLeft&#8221; custom_src=&#8221;https:\/\/ik.imagekit.io\/rochester59bucket\/Rochester_School\/Rochester_Web\/Jardin_a_Undecimo\/a-5_cE6u2IW1hPL.png?updatedAt=1627584340779&#8243;][\/vc_column_inner][\/vc_row_inner][\/vc_column][vc_column width=&#8221;2\/3&#8243;][vc_custom_heading text=&#8221;Colegios Bogot\u00e1&#8221; font_container=&#8221;tag:h1|font_size:20|text_align:left|color:%23212c5d&#8221; google_fonts=&#8221;font_family:Roboto%3A100%2C100italic%2C300%2C300italic%2Cregular%2Citalic%2C500%2C500italic%2C700%2C700italic%2C900%2C900italic|font_style:500%20bold%20regular%3A500%3Anormal&#8221; css=&#8221;.vc_custom_1623885036060{margin-bottom: 10px !important;}&#8221;][vc_custom_heading text=&#8221;En el Colegio Rochester recibimos con los brazos abiertos a estudiantes entre Jard\u00edn y 8\u00ba grado que buscan un nuevo comienzo. Como colegio internacional, contamos con una red de apoyo a medida [&hellip;]<\/p>\n","protected":false},"author":1,"featured_media":0,"parent":19918,"menu_order":0,"comment_status":"closed","ping_status":"closed","template":"","meta":[],"yoast_head":"<!-- This site is optimized with the Yoast SEO plugin v14.9 - https:\/\/yoast.com\/wordpress\/plugins\/seo\/ -->\n<title>Colegios Bogot\u00e1 mixtos | Colegio biling\u00fce Rochester<\/title>\n<meta name=\"description\" content=\"Colegios Bogot\u00e1. Somos el primer colegio verde de Latinoam\u00e9rica LEED Oro y contamos con una asignatura \u00fanica llamada \u201cDesarrollo de Virtudes\u201d.\" \/>\n<meta name=\"robots\" content=\"noindex, follow, max-snippet:-1, max-image-preview:large, max-video-preview:-1\" \/>\n<meta property=\"og:locale\" content=\"es_ES\" \/>\n<meta property=\"og:type\" content=\"article\" \/>\n<meta property=\"og:title\" content=\"Colegios Bogot\u00e1 mixtos | Colegio biling\u00fce Rochester\" \/>\n<meta property=\"og:description\" content=\"Colegios Bogot\u00e1. Somos el primer colegio verde de Latinoam\u00e9rica LEED Oro y contamos con una asignatura \u00fanica llamada \u201cDesarrollo de Virtudes\u201d.\" \/>\n<meta property=\"og:url\" content=\"https:\/\/rochesterapps.com\/rochestereduco\/admisiones-y-becas\/jardin-a-octavo\/\" \/>\n<meta property=\"og:site_name\" content=\"Colegio Biling\u00fce Rochester | Calendario B Bogot\u00e1 - Ch\u00eda mixto\" \/>\n<meta property=\"article:modified_time\" content=\"2021-08-10T03:25:38+00:00\" \/>\n<meta name=\"twitter:card\" content=\"summary_large_image\" \/>\n<script type=\"application\/ld+json\" class=\"yoast-schema-graph\">{\"@context\":\"https:\/\/schema.org\",\"@graph\":[{\"@type\":\"Organization\",\"@id\":\"https:\/\/rochesterapps.com\/rochestereduco\/#organization\",\"name\":\"Colegio Rochester\",\"url\":\"https:\/\/rochesterapps.com\/rochestereduco\/\",\"sameAs\":[],\"logo\":{\"@type\":\"ImageObject\",\"@id\":\"https:\/\/rochesterapps.com\/rochestereduco\/#logo\",\"inLanguage\":\"es-CO\",\"url\":\"https:\/\/rochesterapps.com\/rochestereduco\/wp-content\/uploads\/2020\/04\/Logos-Rochester_espan\\u0303ol-02-2.png\",\"width\":331,\"height\":512,\"caption\":\"Colegio Rochester\"},\"image\":{\"@id\":\"https:\/\/rochesterapps.com\/rochestereduco\/#logo\"}},{\"@type\":\"WebSite\",\"@id\":\"https:\/\/rochesterapps.com\/rochestereduco\/#website\",\"url\":\"https:\/\/rochesterapps.com\/rochestereduco\/\",\"name\":\"Colegio Biling\\u00fce Rochester | Calendario B Bogot\\u00e1 - Ch\\u00eda mixto\",\"description\":\"Colegio biling\\u00fce en Bogot\\u00e1 y Ch\\u00eda calendario B, multiling\\u00fce, mixto con bases cat\\u00f3licas donde los estudiantes se desarrollan exitosamente en un ambiente escolar saludable, cort\\u00e9s y feliz. Nuestro prop\\u00f3sito es inspirar y educar estudiantes para que tomen control de sus vidas con el mundo en mente\",\"publisher\":{\"@id\":\"https:\/\/rochesterapps.com\/rochestereduco\/#organization\"},\"potentialAction\":[{\"@type\":\"SearchAction\",\"target\":\"https:\/\/rochesterapps.com\/rochestereduco\/?s={search_term_string}\",\"query-input\":\"required name=search_term_string\"}],\"inLanguage\":\"es-CO\"},{\"@type\":\"WebPage\",\"@id\":\"https:\/\/rochesterapps.com\/rochestereduco\/admisiones-y-becas\/jardin-a-octavo\/#webpage\",\"url\":\"https:\/\/rochesterapps.com\/rochestereduco\/admisiones-y-becas\/jardin-a-octavo\/\",\"name\":\"Colegios Bogot\\u00e1 mixtos | Colegio biling\\u00fce Rochester\",\"isPartOf\":{\"@id\":\"https:\/\/rochesterapps.com\/rochestereduco\/#website\"},\"datePublished\":\"2020-04-08T15:22:51+00:00\",\"dateModified\":\"2021-08-10T03:25:38+00:00\",\"description\":\"Colegios Bogot\\u00e1. Somos el primer colegio verde de Latinoam\\u00e9rica LEED Oro y contamos con una asignatura \\u00fanica llamada \\u201cDesarrollo de Virtudes\\u201d.\",\"inLanguage\":\"es-CO\",\"potentialAction\":[{\"@type\":\"ReadAction\",\"target\":[\"https:\/\/rochesterapps.com\/rochestereduco\/admisiones-y-becas\/jardin-a-octavo\/\"]}]}]}<\/script>\n<!-- \/ Yoast SEO plugin. -->","_links":{"self":[{"href":"https:\/\/rochesterapps.com\/rochestereduco\/wp-json\/wp\/v2\/pages\/19962"}],"collection":[{"href":"https:\/\/rochesterapps.com\/rochestereduco\/wp-json\/wp\/v2\/pages"}],"about":[{"href":"https:\/\/rochesterapps.com\/rochestereduco\/wp-json\/wp\/v2\/types\/page"}],"author":[{"embeddable":true,"href":"https:\/\/rochesterapps.com\/rochestereduco\/wp-json\/wp\/v2\/users\/1"}],"replies":[{"embeddable":true,"href":"https:\/\/rochesterapps.com\/rochestereduco\/wp-json\/wp\/v2\/comments?post=19962"}],"version-history":[{"count":34,"href":"https:\/\/rochesterapps.com\/rochestereduco\/wp-json\/wp\/v2\/pages\/19962\/revisions"}],"predecessor-version":[{"id":27127,"href":"https:\/\/rochesterapps.com\/rochestereduco\/wp-json\/wp\/v2\/pages\/19962\/revisions\/27127"}],"up":[{"embeddable":true,"href":"https:\/\/rochesterapps.com\/rochestereduco\/wp-json\/wp\/v2\/pages\/19918"}],"wp:attachment":[{"href":"https:\/\/rochesterapps.com\/rochestereduco\/wp-json\/wp\/v2\/media?parent=19962"}],"curies":[{"name":"wp","href":"https:\/\/api.w.org\/{rel}","templated":true}]}}