{"id":19956,"date":"2020-04-08T10:21:34","date_gmt":"2020-04-08T15:21:34","guid":{"rendered":"https:\/\/rochesterapps.com\/rochestereduco?page_id=19956"},"modified":"2021-08-02T15:00:18","modified_gmt":"2021-08-02T20:00:18","slug":"colegio-internacional","status":"publish","type":"page","link":"https:\/\/rochesterapps.com\/rochestereduco\/diferenciador-rochester\/colegio-internacional\/","title":{"rendered":"Colegio Internacional"},"content":{"rendered":"<p>[vc_row][vc_column][vc_row_inner css=&#8221;.vc_custom_1586914000783{padding-top: 40px !important;}&#8221;][vc_column_inner width=&#8221;1\/3&#8243;][vc_single_image source=&#8221;external_link&#8221; alignment=&#8221;center&#8221; css_animation=&#8221;fadeInDown&#8221; custom_src=&#8221;https:\/\/ik.imagekit.io\/rochester59bucket\/Rochester_School\/Rochester_Web\/Campus_LEED_Oro\/a-10_vxfSZeLWhi.png?updatedAt=1627318409554&#8243;][\/vc_column_inner][vc_column_inner width=&#8221;2\/3&#8243;][vc_custom_heading text=&#8221;Mejores colegios de bogot\u00e1 &#8221; font_container=&#8221;tag:h1|font_size:15px|text_align:center|color:%23212c5d|line_height:15px&#8221; google_fonts=&#8221;font_family:Roboto%3A100%2C100italic%2C300%2C300italic%2Cregular%2Citalic%2C500%2C500italic%2C700%2C700italic%2C900%2C900italic|font_style:400%20regular%3A400%3Anormal&#8221; css=&#8221;.vc_custom_1627934408592{padding-top: 50px !important;}&#8221;][vc_custom_heading text=&#8221;Adem\u00e1s de contar con las certificaciones de EFQM, Colegio de Calidad Glasser, LEED Oro y Great Place To Study, el Rochester es miembro del Council of International Schools (CIS).&#8221; font_container=&#8221;tag:p|font_size:18px|text_align:center|color:%23212c5d|line_height:20px&#8221; google_fonts=&#8221;font_family:Roboto%3A100%2C100italic%2C300%2C300italic%2Cregular%2Citalic%2C500%2C500italic%2C700%2C700italic%2C900%2C900italic|font_style:400%20regular%3A400%3Anormal&#8221; css=&#8221;.vc_custom_1587760651940{padding-top: 50px !important;}&#8221;][\/vc_column_inner][\/vc_row_inner][\/vc_column][\/vc_row][vc_row bg_type=&#8221;bg_color&#8221; bg_override=&#8221;ex-full&#8221; bg_color_value=&#8221;#212c5d&#8221;][vc_column][vc_row_inner css=&#8221;.vc_custom_1586914442615{padding-top: 40px !important;padding-bottom: 40px !important;}&#8221;][vc_column_inner width=&#8221;2\/3&#8243;][vc_custom_heading text=&#8221;El Consejo de Colegios Internacionales, es una comunidad comprometida con la educaci\u00f3n internacional de alta calidad. Esta comunidad internacional alberga a m\u00e1s de 1.300 instituciones educativas entre colegios y universidades de 122 pa\u00edses. La organizaci\u00f3n brinda servicios a escuelas primarias y secundarias, e instituciones de educaci\u00f3n superior, que comparten ciertos ideales.&#8221; font_container=&#8221;tag:p|font_size:16px|text_align:justify|color:%23ffffff|line_height:18px&#8221; google_fonts=&#8221;font_family:Roboto%3A100%2C100italic%2C300%2C300italic%2Cregular%2Citalic%2C500%2C500italic%2C700%2C700italic%2C900%2C900italic|font_style:400%20regular%3A400%3Anormal&#8221; css=&#8221;.vc_custom_1587760778011{padding-bottom: 20px !important;}&#8221;][vc_custom_heading text=&#8221;Existe en esta red un deseo com\u00fan de proporcionar a los estudiantes conocimiento, herramientas y habilidades para desarrollar sus vidas como ciudadanos globales, adem\u00e1s de estar comprometidos con la educaci\u00f3n internacional de alta calidad.&#8221; font_container=&#8221;tag:p|font_size:16px|text_align:justify|color:%23ffffff|line_height:18px&#8221; google_fonts=&#8221;font_family:Roboto%3A100%2C100italic%2C300%2C300italic%2Cregular%2Citalic%2C500%2C500italic%2C700%2C700italic%2C900%2C900italic|font_style:400%20regular%3A400%3Anormal&#8221; css=&#8221;.vc_custom_1587760795909{padding-bottom: 20px !important;}&#8221;][vc_separator color=&#8221;white&#8221;][vc_custom_heading text=&#8221;El Colegio Rochester, como miembro de CIS, difunde sus programas y ofertas con una perspectiva internacional e intercultural desde Prejard\u00edn hasta grado 11\u00ba. El objetivo principal de esta membres\u00eda es que los estudiantes puedan enfrentar el futuro con actitudes y conocimientos adecuados, los que permanecer\u00e1n como una base s\u00f3lida donde sea que sus estudios o trabajos los lleven.&#8221; font_container=&#8221;tag:p|font_size:16px|text_align:justify|color:%23ffffff|line_height:18px&#8221; google_fonts=&#8221;font_family:Roboto%3A100%2C100italic%2C300%2C300italic%2Cregular%2Citalic%2C500%2C500italic%2C700%2C700italic%2C900%2C900italic|font_style:400%20regular%3A400%3Anormal&#8221; css=&#8221;.vc_custom_1587760807689{padding-bottom: 20px !important;}&#8221;][vc_custom_heading text=&#8221;El compromiso asumido como miembro del Consejo de Colegios Internacionales, significa emprender un camino continuo de garant\u00eda de calidad para mejorar el aprendizaje de los estudiantes como ciudadanos globales.&#8221; font_container=&#8221;tag:p|font_size:16px|text_align:justify|color:%23ffffff|line_height:18px&#8221; google_fonts=&#8221;font_family:Roboto%3A100%2C100italic%2C300%2C300italic%2Cregular%2Citalic%2C500%2C500italic%2C700%2C700italic%2C900%2C900italic|font_style:400%20regular%3A400%3Anormal&#8221;][\/vc_column_inner][vc_column_inner el_align=&#8221;center&#8221; width=&#8221;1\/3&#8243;][vc_single_image image=&#8221;24045&#8243; img_size=&#8221;full&#8221; alignment=&#8221;center&#8221;][\/vc_column_inner][\/vc_row_inner][\/vc_column][\/vc_row][vc_row][vc_column][vc_row_inner css=&#8221;.vc_custom_1586915240929{padding-top: 40px !important;padding-bottom: 40px !important;}&#8221;][vc_column_inner width=&#8221;1\/3&#8243;][vc_single_image source=&#8221;external_link&#8221; alignment=&#8221;center&#8221; css_animation=&#8221;fadeInRightBig&#8221; custom_src=&#8221;https:\/\/ik.imagekit.io\/rochester59bucket\/Rochester_School\/Rochester_Web\/Colegio_Internacional\/logo_b_InI7MXUAoI.png?updatedAt=1627318944386&#8243;][\/vc_column_inner][vc_column_inner width=&#8221;2\/3&#8243;][vc_custom_heading text=&#8221;\u00a1CIS puede ayudarte a encontrar tu camino! M\u00e1s de 625 universidades miembros en 26 pa\u00edses de todo el mundo (Asia, Australia, EE. UU., Reino Unido y Europa) que representan instituciones educativas de primer nivel con una perspectiva internacional son parte de esta red. Probablemente has o\u00eddo hablar de algunas de ellas o puedes descubrir nuevas instituciones superiores que definir\u00e1n futuro. Encuentra aqu\u00ed la informaci\u00f3n que orientar\u00e1 esa b\u00fasqueda: https:\/\/www.cois.org\/for-students-and-parents\/students\/connect-to-universities&#8221; font_container=&#8221;tag:p|font_size:16px|text_align:justify|color:%23212c5d|line_height:19px&#8221; google_fonts=&#8221;font_family:Roboto%3A100%2C100italic%2C300%2C300italic%2Cregular%2Citalic%2C500%2C500italic%2C700%2C700italic%2C900%2C900italic|font_style:400%20regular%3A400%3Anormal&#8221;][\/vc_column_inner][\/vc_row_inner][\/vc_column][\/vc_row][vc_row bg_type=&#8221;bg_color&#8221; bg_override=&#8221;ex-full&#8221; bg_color_value=&#8221;#e6e7e8&#8243;][vc_column][vc_row_inner css=&#8221;.vc_custom_1587761569887{padding-top: 20px !important;}&#8221;][vc_column_inner width=&#8221;1\/4&#8243;][\/vc_column_inner][vc_column_inner width=&#8221;1\/2&#8243;][vc_single_image source=&#8221;external_link&#8221; external_img_size=&#8221;150&#215;102&#8243; alignment=&#8221;center&#8221; custom_src=&#8221;https:\/\/ik.imagekit.io\/rochester59bucket\/Rochester_School\/Rochester_Web\/Colegio_Internacional\/logo_small_b_whHiRyRt1.png?updatedAt=1627319049385&#8243;][vc_custom_heading text=&#8221;Reconocido por la Excelencia a nivel de 4 estrellas por European Foundation for Quality Management debido a su enfoque hacia la excelencia al agregar valor a los clientes, enfocarse hacia la sostenibilidad, gestionar con agilidad, aprovechar la creatividad y la innovaci\u00f3n, liderar con visi\u00f3n y \u00e9tica, y mantener resultados sobresalientes.&#8221; font_container=&#8221;tag:p|font_size:16px|text_align:center|color:%23212c5d|line_height:21px&#8221; google_fonts=&#8221;font_family:Roboto%3A100%2C100italic%2C300%2C300italic%2Cregular%2Citalic%2C500%2C500italic%2C700%2C700italic%2C900%2C900italic|font_style:400%20regular%3A400%3Anormal&#8221; css=&#8221;.vc_custom_1587761843143{padding-top: 10px !important;}&#8221;][\/vc_column_inner][vc_column_inner width=&#8221;1\/4&#8243;][\/vc_column_inner][\/vc_row_inner][vc_row_inner][vc_column_inner][vc_separator color=&#8221;custom&#8221; border_width=&#8221;2&#8243; el_width=&#8221;80&#8243; accent_color=&#8221;#212c5d&#8221; css=&#8221;.vc_custom_1587761811161{padding-top: 20px !important;}&#8221;][\/vc_column_inner][\/vc_row_inner][vc_row_inner css=&#8221;.vc_custom_1587761586922{padding-bottom: 30px !important;}&#8221;][vc_column_inner width=&#8221;1\/4&#8243;][\/vc_column_inner][vc_column_inner width=&#8221;1\/2&#8243;][vc_single_image source=&#8221;external_link&#8221; external_img_size=&#8221;150&#215;134&#8243; alignment=&#8221;center&#8221; custom_src=&#8221;https:\/\/ik.imagekit.io\/rochester59bucket\/Rochester_School\/Rochester_Web\/Colegio_Internacional\/logo_small_a_cY8JsV6x-t.png?updatedAt=1627319369962&#8243;][vc_custom_heading text=&#8221;Reconocido como un magn\u00edfico lugar para estudiar y trabajar por el nivel de satisfacci\u00f3n y felicidad de los estudiantes, los padres y el personal docente.&#8221; font_container=&#8221;tag:p|font_size:16px|text_align:center|color:%23212c5d|line_height:21px&#8221; google_fonts=&#8221;font_family:Roboto%3A100%2C100italic%2C300%2C300italic%2Cregular%2Citalic%2C500%2C500italic%2C700%2C700italic%2C900%2C900italic|font_style:400%20regular%3A400%3Anormal&#8221; css=&#8221;.vc_custom_1587761837837{padding-top: 10px !important;}&#8221;][\/vc_column_inner][vc_column_inner width=&#8221;1\/4&#8243;][\/vc_column_inner][\/vc_row_inner][\/vc_column][\/vc_row][vc_row bg_type=&#8221;image&#8221; parallax_style=&#8221;vcpb-default&#8221; bg_image_new=&#8221;id^21479|url^https:\/\/rochesterapps.com\/rochestereduco\/wp-content\/uploads\/2020\/04\/footer45.png|caption^null|alt^null|title^footer45|description^null&#8221; bg_override=&#8221;ex-full&#8221;][vc_column][vc_row_inner css=&#8221;.vc_custom_1587678670656{padding-top: 100px !important;padding-bottom: 180px !important;}&#8221;][vc_column_inner width=&#8221;1\/4&#8243;][vc_custom_heading text=&#8221;Ubicaci\u00f3n<br \/>\nA la altura Peaje Autonorte<br \/>\nVereda Fusca<br \/>\nCh\u00eda, Cundinamarca<br \/>\nColombia 250008&#8243; font_container=&#8221;tag:p|font_size:16px|text_align:left|color:%23000000|line_height:1.2&#8243; google_fonts=&#8221;font_family:Roboto%3A100%2C100italic%2C300%2C300italic%2Cregular%2Citalic%2C500%2C500italic%2C700%2C700italic%2C900%2C900italic|font_style:500%20bold%20regular%3A500%3Anormal&#8221;][\/vc_column_inner][vc_column_inner width=&#8221;1\/4&#8243;][vc_custom_heading text=&#8221;Cont\u00e1ctanos<br \/>\nadmisiones@rochesterapps.com\/rochestereduco<br \/>\nPBX: 749-6000 Ext. 2222 \u00f3 2200<br \/>\nCel: +57 (321)3714394&#8243; font_container=&#8221;tag:p|font_size:16px|text_align:left|color:%23000000|line_height:1.2&#8243; google_fonts=&#8221;font_family:Roboto%3A100%2C100italic%2C300%2C300italic%2Cregular%2Citalic%2C500%2C500italic%2C700%2C700italic%2C900%2C900italic|font_style:500%20bold%20regular%3A500%3Anormal&#8221;][\/vc_column_inner][vc_column_inner width=&#8221;1\/4&#8243;][\/vc_column_inner][vc_column_inner width=&#8221;1\/4&#8243;][vc_custom_heading text=&#8221;POL\u00cdTICAS ROCHESTER&#8221; font_container=&#8221;tag:p|font_size:15px|text_align:center|color:%23000000|line_height:20px&#8221; google_fonts=&#8221;font_family:Roboto%3A100%2C100italic%2C300%2C300italic%2Cregular%2Citalic%2C500%2C500italic%2C700%2C700italic%2C900%2C900italic|font_style:500%20bold%20regular%3A500%3Anormal&#8221; link=&#8221;url:https%3A%2F%2Frochesterapps.com\/rochestereduco%2Fpoliticas%2F|title:Pol%C3%ADticas%20Rochester|target:%20_blank|&#8221;]<div id=\"1590172847119-49ea5e5a-e9c2\" class=\"dt-sc-empty-space\"><\/div>[\/vc_column_inner][\/vc_row_inner][\/vc_column][\/vc_row]<\/p>\n","protected":false},"excerpt":{"rendered":"<p>[vc_row][vc_column][vc_row_inner css=&#8221;.vc_custom_1586914000783{padding-top: 40px !important;}&#8221;][vc_column_inner width=&#8221;1\/3&#8243;][vc_single_image source=&#8221;external_link&#8221; alignment=&#8221;center&#8221; css_animation=&#8221;fadeInDown&#8221; custom_src=&#8221;https:\/\/ik.imagekit.io\/rochester59bucket\/Rochester_School\/Rochester_Web\/Campus_LEED_Oro\/a-10_vxfSZeLWhi.png?updatedAt=1627318409554&#8243;][\/vc_column_inner][vc_column_inner width=&#8221;2\/3&#8243;][vc_custom_heading text=&#8221;Mejores colegios de bogot\u00e1 &#8221; font_container=&#8221;tag:h1|font_size:15px|text_align:center|color:%23212c5d|line_height:15px&#8221; google_fonts=&#8221;font_family:Roboto%3A100%2C100italic%2C300%2C300italic%2Cregular%2Citalic%2C500%2C500italic%2C700%2C700italic%2C900%2C900italic|font_style:400%20regular%3A400%3Anormal&#8221; css=&#8221;.vc_custom_1627934408592{padding-top: 50px !important;}&#8221;][vc_custom_heading text=&#8221;Adem\u00e1s de contar con las certificaciones de EFQM, Colegio de Calidad Glasser, LEED Oro y Great Place To Study, el Rochester es miembro del Council of International Schools (CIS).&#8221; font_container=&#8221;tag:p|font_size:18px|text_align:center|color:%23212c5d|line_height:20px&#8221; google_fonts=&#8221;font_family:Roboto%3A100%2C100italic%2C300%2C300italic%2Cregular%2Citalic%2C500%2C500italic%2C700%2C700italic%2C900%2C900italic|font_style:400%20regular%3A400%3Anormal&#8221; css=&#8221;.vc_custom_1587760651940{padding-top: 50px !important;}&#8221;][\/vc_column_inner][\/vc_row_inner][\/vc_column][\/vc_row][vc_row bg_type=&#8221;bg_color&#8221; [&hellip;]<\/p>\n","protected":false},"author":1,"featured_media":0,"parent":19916,"menu_order":0,"comment_status":"closed","ping_status":"closed","template":"","meta":[],"yoast_head":"<!-- This site is optimized with the Yoast SEO plugin v14.9 - https:\/\/yoast.com\/wordpress\/plugins\/seo\/ -->\n<title>Mejores colegios de bogot\u00e1 | Colegio Rochester<\/title>\n<meta name=\"description\" content=\"Mejores colegios de bogot\u00e1. Excelencia acad\u00e9mica presente a diario a trav\u00e9s de proyectos integrados aplicados en situaciones de la vida real. Colegio Rochester.\" \/>\n<meta name=\"robots\" content=\"noindex, follow, max-snippet:-1, max-image-preview:large, max-video-preview:-1\" \/>\n<meta property=\"og:locale\" content=\"es_ES\" \/>\n<meta property=\"og:type\" content=\"article\" \/>\n<meta property=\"og:title\" content=\"Mejores colegios de bogot\u00e1 | Colegio Rochester\" \/>\n<meta property=\"og:description\" content=\"Mejores colegios de bogot\u00e1. Excelencia acad\u00e9mica presente a diario a trav\u00e9s de proyectos integrados aplicados en situaciones de la vida real. Colegio Rochester.\" \/>\n<meta property=\"og:url\" content=\"https:\/\/rochesterapps.com\/rochestereduco\/diferenciador-rochester\/colegio-internacional\/\" \/>\n<meta property=\"og:site_name\" content=\"Colegio Biling\u00fce Rochester | Calendario B Bogot\u00e1 - Ch\u00eda mixto\" \/>\n<meta property=\"article:modified_time\" content=\"2021-08-02T20:00:18+00:00\" \/>\n<meta name=\"twitter:card\" content=\"summary_large_image\" \/>\n<script type=\"application\/ld+json\" class=\"yoast-schema-graph\">{\"@context\":\"https:\/\/schema.org\",\"@graph\":[{\"@type\":\"Organization\",\"@id\":\"https:\/\/rochesterapps.com\/rochestereduco\/#organization\",\"name\":\"Colegio Rochester\",\"url\":\"https:\/\/rochesterapps.com\/rochestereduco\/\",\"sameAs\":[],\"logo\":{\"@type\":\"ImageObject\",\"@id\":\"https:\/\/rochesterapps.com\/rochestereduco\/#logo\",\"inLanguage\":\"es-CO\",\"url\":\"https:\/\/rochesterapps.com\/rochestereduco\/wp-content\/uploads\/2020\/04\/Logos-Rochester_espan\\u0303ol-02-2.png\",\"width\":331,\"height\":512,\"caption\":\"Colegio Rochester\"},\"image\":{\"@id\":\"https:\/\/rochesterapps.com\/rochestereduco\/#logo\"}},{\"@type\":\"WebSite\",\"@id\":\"https:\/\/rochesterapps.com\/rochestereduco\/#website\",\"url\":\"https:\/\/rochesterapps.com\/rochestereduco\/\",\"name\":\"Colegio Biling\\u00fce Rochester | Calendario B Bogot\\u00e1 - Ch\\u00eda mixto\",\"description\":\"Colegio biling\\u00fce en Bogot\\u00e1 y Ch\\u00eda calendario B, multiling\\u00fce, mixto con bases cat\\u00f3licas donde los estudiantes se desarrollan exitosamente en un ambiente escolar saludable, cort\\u00e9s y feliz. Nuestro prop\\u00f3sito es inspirar y educar estudiantes para que tomen control de sus vidas con el mundo en mente\",\"publisher\":{\"@id\":\"https:\/\/rochesterapps.com\/rochestereduco\/#organization\"},\"potentialAction\":[{\"@type\":\"SearchAction\",\"target\":\"https:\/\/rochesterapps.com\/rochestereduco\/?s={search_term_string}\",\"query-input\":\"required name=search_term_string\"}],\"inLanguage\":\"es-CO\"},{\"@type\":\"WebPage\",\"@id\":\"https:\/\/rochesterapps.com\/rochestereduco\/diferenciador-rochester\/colegio-internacional\/#webpage\",\"url\":\"https:\/\/rochesterapps.com\/rochestereduco\/diferenciador-rochester\/colegio-internacional\/\",\"name\":\"Mejores colegios de bogot\\u00e1 | Colegio Rochester\",\"isPartOf\":{\"@id\":\"https:\/\/rochesterapps.com\/rochestereduco\/#website\"},\"datePublished\":\"2020-04-08T15:21:34+00:00\",\"dateModified\":\"2021-08-02T20:00:18+00:00\",\"description\":\"Mejores colegios de bogot\\u00e1. Excelencia acad\\u00e9mica presente a diario a trav\\u00e9s de proyectos integrados aplicados en situaciones de la vida real. Colegio Rochester.\",\"inLanguage\":\"es-CO\",\"potentialAction\":[{\"@type\":\"ReadAction\",\"target\":[\"https:\/\/rochesterapps.com\/rochestereduco\/diferenciador-rochester\/colegio-internacional\/\"]}]}]}<\/script>\n<!-- \/ Yoast SEO plugin. -->","_links":{"self":[{"href":"https:\/\/rochesterapps.com\/rochestereduco\/wp-json\/wp\/v2\/pages\/19956"}],"collection":[{"href":"https:\/\/rochesterapps.com\/rochestereduco\/wp-json\/wp\/v2\/pages"}],"about":[{"href":"https:\/\/rochesterapps.com\/rochestereduco\/wp-json\/wp\/v2\/types\/page"}],"author":[{"embeddable":true,"href":"https:\/\/rochesterapps.com\/rochestereduco\/wp-json\/wp\/v2\/users\/1"}],"replies":[{"embeddable":true,"href":"https:\/\/rochesterapps.com\/rochestereduco\/wp-json\/wp\/v2\/comments?post=19956"}],"version-history":[{"count":45,"href":"https:\/\/rochesterapps.com\/rochestereduco\/wp-json\/wp\/v2\/pages\/19956\/revisions"}],"predecessor-version":[{"id":26945,"href":"https:\/\/rochesterapps.com\/rochestereduco\/wp-json\/wp\/v2\/pages\/19956\/revisions\/26945"}],"up":[{"embeddable":true,"href":"https:\/\/rochesterapps.com\/rochestereduco\/wp-json\/wp\/v2\/pages\/19916"}],"wp:attachment":[{"href":"https:\/\/rochesterapps.com\/rochestereduco\/wp-json\/wp\/v2\/media?parent=19956"}],"curies":[{"name":"wp","href":"https:\/\/api.w.org\/{rel}","templated":true}]}}