{"id":19950,"date":"2020-04-08T10:19:12","date_gmt":"2020-04-08T15:19:12","guid":{"rendered":"https:\/\/rochesterapps.com\/rochestereduco?page_id=19950"},"modified":"2022-04-27T08:07:14","modified_gmt":"2022-04-27T13:07:14","slug":"colegio-de-calidad-glasser","status":"publish","type":"page","link":"https:\/\/rochesterapps.com\/rochestereduco\/diferenciador-rochester\/colegio-de-calidad-glasser\/","title":{"rendered":"Colegio de Calidad Glasser"},"content":{"rendered":"<p>[vc_row full_width=&#8221;stretch_row_content_no_spaces&#8221;][vc_column]<div class='dt-sc-image-caption type3  space-top-image-caption' data-delay='0'><div class='dt-sc-image-wrapper'><\/div><div class='dt-sc-image-content'><div class='dt-sc-image-title'><h3><\/h3><\/div><p><img loading=\"lazy\" src=\"https:\/\/ik.imagekit.io\/rochester59bucket\/Rochester_School\/Rochester_Web\/Colegio_de_Calidad_Glasser\/banner_header_glasser3-1024x329_BzarMz4hQ.jpeg?updatedAt=1627307730225\" alt=\"colegio de calidad glasser\" width=\"1920\" height=\"700\" \/><\/p><\/div><\/div>[\/vc_column][\/vc_row][vc_row css=&#8221;.vc_custom_1586828478701{padding-top: 50px !important;}&#8221;][vc_column][vc_row_inner][vc_column_inner width=&#8221;1\/3&#8243;]<div class='dt-sc-image-caption type3  space-top-image-caption' data-delay='0'><div class='dt-sc-image-wrapper'><\/div><div class='dt-sc-image-content'><div class='dt-sc-image-title'><h3><\/h3><\/div><p><img src=\"https:\/\/ik.imagekit.io\/rochester59bucket\/Rochester_School\/Rochester_Web\/Colegio_de_Calidad_Glasser\/a-8_QRf85TfT-.png?updatedAt=1627307921712\" alt=\"Colegios bilingues Bogot\u00e1 norte\" \/><\/p><\/div><\/div>[\/vc_column_inner][vc_column_inner width=&#8221;2\/3&#8243;][vc_custom_heading text=&#8221;Colegios bilingues Bogot\u00e1 norte&#8221; font_container=&#8221;tag:h1|font_size:15px|text_align:center|color:%23212c5d|line_height:20px&#8221; google_fonts=&#8221;font_family:Roboto%3A100%2C100italic%2C300%2C300italic%2Cregular%2Citalic%2C500%2C500italic%2C700%2C700italic%2C900%2C900italic|font_style:400%20regular%3A400%3Anormal&#8221; css=&#8221;.vc_custom_1627931665464{padding-top: 40px !important;}&#8221;][vc_custom_heading text=&#8221;Certificado por el instituto William Glasser International como un colegio basado en Teor\u00eda de la Elecci\u00f3n con relaciones c\u00e1lidas, confiables, cari\u00f1osas y colaborativas, enfocado en el desarrollo de habilidades totalmente competentes que los estudiantes perciben y vuelven \u00fatiles para su vida y el mundo.&#8221; font_container=&#8221;tag:p|font_size:18px|text_align:center|color:%23212c5d|line_height:20px&#8221; google_fonts=&#8221;font_family:Roboto%3A100%2C100italic%2C300%2C300italic%2Cregular%2Citalic%2C500%2C500italic%2C700%2C700italic%2C900%2C900italic|font_style:400%20regular%3A400%3Anormal&#8221; css=&#8221;.vc_custom_1590372191552{padding-top: 40px !important;}&#8221;][\/vc_column_inner][\/vc_row_inner][\/vc_column][\/vc_row][vc_row bg_type=&#8221;bg_color&#8221; bg_override=&#8221;ex-full&#8221; bg_color_value=&#8221;#212c5d&#8221;][vc_column][vc_row_inner][vc_column_inner][vc_custom_heading text=&#8221;Somos uno de los mejores colegios del norte de Bogot\u00e1&#8221; font_container=&#8221;tag:p|font_size:45px|text_align:center|color:%23ffffff|line_height:50px&#8221; google_fonts=&#8221;font_family:Roboto%3A100%2C100italic%2C300%2C300italic%2Cregular%2Citalic%2C500%2C500italic%2C700%2C700italic%2C900%2C900italic|font_style:700%20bold%20regular%3A700%3Anormal&#8221; css=&#8221;.vc_custom_1651064831938{padding-top: 50px !important;padding-bottom: 40px !important;}&#8221;][vc_custom_heading text=&#8221;Como \u00fanico Colegio de Calidad Glasser de Colombia, educamos seg\u00fan seis condiciones b\u00e1sicas y transversales a lo largo de toda la vida acad\u00e9mica:&#8221; font_container=&#8221;tag:p|font_size:20px|text_align:center|color:%23ffffff|line_height:22px&#8221; google_fonts=&#8221;font_family:Roboto%3A100%2C100italic%2C300%2C300italic%2Cregular%2Citalic%2C500%2C500italic%2C700%2C700italic%2C900%2C900italic|font_style:400%20regular%3A400%3Anormal&#8221;][\/vc_column_inner][\/vc_row_inner][vc_row_inner][vc_column_inner width=&#8221;2\/3&#8243;]<div class=\"uavc-list-icon uavc-list-icon-wrapper ult-adjust-bottom-margin   vc_custom_1586832863296  vc_custom_1586832863296\"><ul class=\"uavc-list\"><li><div class=\"uavc-list-content\" id=\"list-icon-wrap-8660\">\n<div class=\"uavc-list-icon  \" data-animation=\"\" data-animation-delay=\"03\" style=\"margin-right:5px;\"><div class=\"ult-just-icon-wrapper  \"><div class=\"align-icon\" style=\"text-align:center;\">\n<div class=\"aio-icon-img \" style=\"font-size:65px;display:inline-block;\" >\n\t<img class=\"img-icon\" alt=\"null\" src=\"https:\/\/rochesterapps.com\/rochestereduco\/wp-content\/uploads\/2020\/04\/uno-glasser.png\"\/>\n<\/div><\/div><\/div>\n<\/div><span  data-ultimate-target='#list-icon-wrap-8660 .uavc-list-desc'  data-responsive-json-new='{\"font-size\":\"\",\"line-height\":\"\"}'  class=\"uavc-list-desc ult-responsive\" style=\"color:#ffffff;\"><span style=\"font-weight: 400;\">Apoyo constante en un ambiente c\u00e1lido dentro del sal\u00f3n de clases y en todo el entorno escolar.<\/span><\/span><\/div><\/li><li><div class=\"uavc-list-content\" id=\"list-icon-wrap-4517\">\n<div class=\"uavc-list-icon  \" data-animation=\"\" data-animation-delay=\"03\" style=\"margin-right:5px;\"><div class=\"ult-just-icon-wrapper  \"><div class=\"align-icon\" style=\"text-align:center;\">\n<div class=\"aio-icon-img \" style=\"font-size:65px;display:inline-block;\" >\n\t<img class=\"img-icon\" alt=\"null\" src=\"https:\/\/rochesterapps.com\/rochestereduco\/wp-content\/uploads\/2020\/04\/dos-glasser.png\"\/>\n<\/div><\/div><\/div>\n<\/div><span  data-ultimate-target='#list-icon-wrap-4517 .uavc-list-desc'  data-responsive-json-new='{\"font-size\":\"\",\"line-height\":\"\"}'  class=\"uavc-list-desc ult-responsive\" style=\"color:#ffffff;\"><span style=\"font-weight: 400;\">Nuestros docentes proveen estrategias educativas para que los estudiantes den lo mejor de s\u00ed, logrando alcanzar el m\u00e1ximo esperado y niveles m\u00e1s all\u00e1.<\/span><\/span><\/div><\/li><li><div class=\"uavc-list-content\" id=\"list-icon-wrap-1999\">\n<div class=\"uavc-list-icon  \" data-animation=\"\" data-animation-delay=\"03\" style=\"margin-right:5px;\"><div class=\"ult-just-icon-wrapper  \"><div class=\"align-icon\" style=\"text-align:center;\">\n<div class=\"aio-icon-img \" style=\"font-size:65px;display:inline-block;\" >\n\t<img class=\"img-icon\" alt=\"null\" src=\"https:\/\/rochesterapps.com\/rochestereduco\/wp-content\/uploads\/2020\/04\/tres-glasser.png\"\/>\n<\/div><\/div><\/div>\n<\/div><span  data-ultimate-target='#list-icon-wrap-1999 .uavc-list-desc'  data-responsive-json-new='{\"font-size\":\"\",\"line-height\":\"\"}'  class=\"uavc-list-desc ult-responsive\" style=\"color:#ffffff;\"><span style=\"font-weight: 400;\">Los estudiantes aprenden a realizar trabajo escolar \u00fatil y significativo aplicado a la vida real.<\/span><\/span><\/div><\/li><li><div class=\"uavc-list-content\" id=\"list-icon-wrap-1542\">\n<div class=\"uavc-list-icon  \" data-animation=\"\" data-animation-delay=\"03\" style=\"margin-right:5px;\"><div class=\"ult-just-icon-wrapper  \"><div class=\"align-icon\" style=\"text-align:center;\">\n<div class=\"aio-icon-img \" style=\"font-size:65px;display:inline-block;\" >\n\t<img class=\"img-icon\" alt=\"null\" src=\"https:\/\/rochesterapps.com\/rochestereduco\/wp-content\/uploads\/2020\/04\/cuatro-glasser.png\"\/>\n<\/div><\/div><\/div>\n<\/div><span  data-ultimate-target='#list-icon-wrap-1542 .uavc-list-desc'  data-responsive-json-new='{\"font-size\":\"\",\"line-height\":\"\"}'  class=\"uavc-list-desc ult-responsive\" style=\"color:#ffffff;\"><span style=\"font-weight: 400;\">Promovemos y facilitamos la autoevaluaci\u00f3n y el mejoramiento continuo.<\/span><\/span><\/div><\/li><li><div class=\"uavc-list-content\" id=\"list-icon-wrap-8728\">\n<div class=\"uavc-list-icon  \" data-animation=\"\" data-animation-delay=\"03\" style=\"margin-right:5px;\"><div class=\"ult-just-icon-wrapper  \"><div class=\"align-icon\" style=\"text-align:center;\">\n<div class=\"aio-icon-img \" style=\"font-size:65px;display:inline-block;\" >\n\t<img class=\"img-icon\" alt=\"null\" src=\"https:\/\/rochesterapps.com\/rochestereduco\/wp-content\/uploads\/2020\/04\/cinco-glasser.png\"\/>\n<\/div><\/div><\/div>\n<\/div><span  data-ultimate-target='#list-icon-wrap-8728 .uavc-list-desc'  data-responsive-json-new='{\"font-size\":\"\",\"line-height\":\"\"}'  class=\"uavc-list-desc ult-responsive\" style=\"color:#ffffff;\"><span style=\"font-weight: 400;\">\u00a1El trabajo de calidad siempre es satisfactorio! Esa sensaci\u00f3n es el incentivo para que la calidad sea una meta permanente en todo lo que hacemos.<\/span><\/span><\/div><\/li><li><div class=\"uavc-list-content\" id=\"list-icon-wrap-5968\">\n<div class=\"uavc-list-icon  \" data-animation=\"\" data-animation-delay=\"03\" style=\"margin-right:5px;\"><div class=\"ult-just-icon-wrapper  \"><div class=\"align-icon\" style=\"text-align:center;\">\n<div class=\"aio-icon-img \" style=\"font-size:65px;display:inline-block;\" >\n\t<img class=\"img-icon\" alt=\"null\" src=\"https:\/\/rochesterapps.com\/rochestereduco\/wp-content\/uploads\/2020\/04\/seis-glasser.png\"\/>\n<\/div><\/div><\/div>\n<\/div><span  data-ultimate-target='#list-icon-wrap-5968 .uavc-list-desc'  data-responsive-json-new='{\"font-size\":\"\",\"line-height\":\"\"}'  class=\"uavc-list-desc ult-responsive\" style=\"color:#ffffff;\"><span style=\"font-weight: 400;\">Educamos ciudadanos conscientes de su entorno y de los dem\u00e1s.<\/span><\/span><\/div><\/li><\/ul><\/div>[\/vc_column_inner][vc_column_inner width=&#8221;1\/3&#8243;]<div class='dt-sc-image-caption type3  space-top-image-caption' data-delay='0'><div class='dt-sc-image-wrapper'><\/div><div class='dt-sc-image-content'><div class='dt-sc-image-title'><h3><\/h3><\/div><p><img src=\"https:\/\/ik.imagekit.io\/rochester59bucket\/Rochester_School\/Rochester_Web\/Colegio_de_Calidad_Glasser\/estudiante_png-615x1024_c6hsBg9Ir.png?updatedAt=1627308516383\" alt=\"los mejores colegios\" \/><\/p><\/div><\/div>[\/vc_column_inner][\/vc_row_inner][\/vc_column][\/vc_row][vc_row bg_type=&#8221;bg_color&#8221; bg_override=&#8221;ex-full&#8221; bg_color_value=&#8221;#f7f7f7&#8243;][vc_column][vc_row_inner css=&#8221;.vc_custom_1586831700653{padding-top: 50px !important;background-color: #f7f7f7 !important;}&#8221;][vc_column_inner width=&#8221;2\/3&#8243;][vc_custom_heading text=&#8221;\u201cLa felicidad o salud mental es disfrutar la vida que est\u00e1s eligiendo vivir, llev\u00e1rtela bien con las personas a tu alrededor y cercanos a ti, hacer algo con tu vida que consideras valioso y no hacer nada que prive a otras personas de las misma oportunidad que tienes para ser feliz.\u201d&#8221; font_container=&#8221;tag:p|font_size:18px|text_align:center|color:%23374e94|line_height:20px&#8221; google_fonts=&#8221;font_family:Roboto%3A100%2C100italic%2C300%2C300italic%2Cregular%2Citalic%2C500%2C500italic%2C700%2C700italic%2C900%2C900italic|font_style:400%20regular%3A400%3Anormal&#8221;]<div id=\"1590372603682-34a503fa-d44b\" class=\"dt-sc-empty-space\"><\/div>[vc_custom_heading text=&#8221;William Glasser&#8221; font_container=&#8221;tag:p|font_size:20px|text_align:center|color:%239b1b33|line_height:22px&#8221; google_fonts=&#8221;font_family:Roboto%3A100%2C100italic%2C300%2C300italic%2Cregular%2Citalic%2C500%2C500italic%2C700%2C700italic%2C900%2C900italic|font_style:400%20regular%3A400%3Anormal&#8221;][\/vc_column_inner][vc_column_inner width=&#8221;1\/3&#8243;]<div class='dt-sc-image-caption type3  space-top-image-caption' data-delay='0'><div class='dt-sc-image-wrapper'><\/div><div class='dt-sc-image-content'><div class='dt-sc-image-title'><h3><\/h3><\/div><p><img src=\"https:\/\/ik.imagekit.io\/rochester59bucket\/Rochester_School\/Rochester_Web\/Colegio_de_Calidad_Glasser\/williamglasser_7XgRYbz7vAN.png?updatedAt=1627308644345\" alt=\"William Glasser\" \/><\/p><\/div><\/div>[\/vc_column_inner][\/vc_row_inner][\/vc_column][\/vc_row][vc_row][vc_column][vc_row_inner css=&#8221;.vc_custom_1586832722850{padding-top: 40px !important;padding-bottom: 40px !important;}&#8221;][vc_column_inner][vc_custom_heading text=&#8221;Regla de Oro:&#8221; font_container=&#8221;tag:p|font_size:30px|text_align:center|color:%239b1b33&#8243; google_fonts=&#8221;font_family:Roboto%3A100%2C100italic%2C300%2C300italic%2Cregular%2Citalic%2C500%2C500italic%2C700%2C700italic%2C900%2C900italic|font_style:700%20bold%20regular%3A700%3Anormal&#8221;][vc_custom_heading text=&#8221;&#8220;Trata a los dem\u00e1s como quieres ser tratado&#8220;&#8221; font_container=&#8221;tag:p|font_size:25px|text_align:center|color:%23374e94&#8243; google_fonts=&#8221;font_family:Roboto%3A100%2C100italic%2C300%2C300italic%2Cregular%2Citalic%2C500%2C500italic%2C700%2C700italic%2C900%2C900italic|font_style:500%20bold%20regular%3A500%3Anormal&#8221; css=&#8221;.vc_custom_1586831830532{padding-top: 20px !important;}&#8221;][\/vc_column_inner][\/vc_row_inner][\/vc_column][\/vc_row][vc_row bg_type=&#8221;bg_color&#8221; bg_override=&#8221;ex-full&#8221; bg_color_value=&#8221;#d1d3d4&#8243;][vc_column][vc_row_inner css=&#8221;.vc_custom_1586832714785{padding-top: 40px !important;padding-bottom: 40px !important;}&#8221;][vc_column_inner width=&#8221;1\/4&#8243;]<div class='dt-sc-image-caption type3  space-top-image-caption' data-delay='0'><div class='dt-sc-image-wrapper'><\/div><div class='dt-sc-image-content'><div class='dt-sc-image-title'><h3><\/h3><\/div><p><img src=\"https:\/\/ik.imagekit.io\/rochester59bucket\/Rochester_School\/Rochester_Web\/Colegio_de_Calidad_Glasser\/tit_trespilares_nAZ-_AURL.png?updatedAt=1627308773596\" alt=\"Tres pilares educativos\" \/><\/p><\/div><\/div>[\/vc_column_inner][vc_column_inner width=&#8221;1\/4&#8243;]<div class='dt-sc-image-caption type3  ' data-delay='0'><div class='dt-sc-image-wrapper'><img width=\"520\" height=\"548\" src=\"https:\/\/rochesterapps.com\/rochestereduco\/wp-content\/uploads\/2020\/04\/rochester_pilar1.png\" class=\"attachment-full\" alt=\"Alumnos en gimnasio biosaludable\" loading=\"lazy\" title=\"Ambiente Saludable y Sostenible\" srcset=\"https:\/\/rochesterapps.com\/rochestereduco\/wp-content\/uploads\/2020\/04\/rochester_pilar1.png 520w, https:\/\/rochesterapps.com\/rochestereduco\/wp-content\/uploads\/2020\/04\/rochester_pilar1-285x300.png 285w\" sizes=\"(max-width: 520px) 100vw, 520px\" \/><div class='icon-wrapper'><span class='zmdi zmdi-account zmdi-hc-fw'> <\/span><\/div><\/div><div class='dt-sc-image-content'><div class='dt-sc-image-title'><h3>Ambiente Saludable y Sostenible<\/h3><\/div><p><span style=\"font-weight: 400;\">Las relaciones saludables con los dem\u00e1s y el entorno son el motor de la educaci\u00f3n integral que ofrecemos. Somos el primer colegio verde de Latinoam\u00e9rica LEED Oro y contamos con una asignatura \u00fanica en Colombia llamada \u201cDesarrollo de Virtudes\u201d. A trav\u00e9s de dicho espacio, entregamos diariamente herramientas \u00fatiles para una vida \u00e9tica, sana y feliz, desde Prejard\u00edn a Und\u00e9cimo grado.<\/span><b>\u00a0<\/b><\/p><\/div><\/div>[\/vc_column_inner][vc_column_inner width=&#8221;1\/4&#8243;]<div class='dt-sc-image-caption type3  ' data-delay='0'><div class='dt-sc-image-wrapper'><img width=\"537\" height=\"571\" src=\"https:\/\/rochesterapps.com\/rochestereduco\/wp-content\/uploads\/2020\/04\/3pilarees_roch_b.png\" class=\"attachment-full\" alt=\"alumnos sembrando\" loading=\"lazy\" title=\"Aprendizaje \u00datil y de Calidad para la Vida y el Mundo\" srcset=\"https:\/\/rochesterapps.com\/rochestereduco\/wp-content\/uploads\/2020\/04\/3pilarees_roch_b.png 537w, https:\/\/rochesterapps.com\/rochestereduco\/wp-content\/uploads\/2020\/04\/3pilarees_roch_b-282x300.png 282w\" sizes=\"(max-width: 537px) 100vw, 537px\" \/><div class='icon-wrapper'><span class='zmdi zmdi-account zmdi-hc-fw'> <\/span><\/div><\/div><div class='dt-sc-image-content'><div class='dt-sc-image-title'><h3>Aprendizaje \u00datil y de Calidad Para la Vida y el Mundo<\/h3><\/div><p><span style=\"font-weight: 400;\">Como \u00fanico Colegio de Calidad Glasser del pa\u00eds, la excelencia acad\u00e9mica aqu\u00ed se persigue todos los d\u00edas. Los conocimientos adquiridos a trav\u00e9s de materias y proyectos integrados son siempre aplicados en situaciones de la vida real. \u00a1No existe aprendizaje m\u00e1s duradero que aquel que se vive! <\/span><\/p><\/div><\/div>[\/vc_column_inner][vc_column_inner width=&#8221;1\/4&#8243;]<div class='dt-sc-image-caption type3  ' data-delay='0'><div class='dt-sc-image-wrapper'><img width=\"538\" height=\"571\" src=\"https:\/\/rochesterapps.com\/rochestereduco\/wp-content\/uploads\/2020\/05\/3pilarees_roch_a.png\" class=\"attachment-full\" alt=\"alumnos felices\" loading=\"lazy\" title=\"3pilarees_roch_a\" srcset=\"https:\/\/rochesterapps.com\/rochestereduco\/wp-content\/uploads\/2020\/05\/3pilarees_roch_a.png 538w, https:\/\/rochesterapps.com\/rochestereduco\/wp-content\/uploads\/2020\/05\/3pilarees_roch_a-283x300.png 283w\" sizes=\"(max-width: 538px) 100vw, 538px\" \/><div class='icon-wrapper'><span class='zmdi zmdi-account zmdi-hc-fw'> <\/span><\/div><\/div><div class='dt-sc-image-content'><div class='dt-sc-image-title'><h3>Responsabilidad Interior: Felicidad y \u00c9xito<\/h3><\/div><p><span style=\"font-weight: 400;\">\u00a1Los docentes en el Rochester son l\u00edderes inspiradores de peque\u00f1os l\u00edderes! Los alumnos aprenden a autoevaluarse con m\u00e9todos profesionales para desafiarse a s\u00ed mismos constantemente. Apoyo permanente, ambiente c\u00e1lido y motivaci\u00f3n es una ecuaci\u00f3n maravillosa que nos permite postular que todo estudiante puede ser exitoso y feliz. <\/span><span style=\"font-weight: 400;\">\n<\/span><\/p><\/div><\/div>[\/vc_column_inner][\/vc_row_inner][\/vc_column][\/vc_row][vc_row bg_type=&#8221;image&#8221; parallax_style=&#8221;vcpb-default&#8221; bg_image_new=&#8221;id^21479|url^https:\/\/rochesterapps.com\/rochestereduco\/wp-content\/uploads\/2020\/04\/footer45.png|caption^null|alt^null|title^footer45|description^null&#8221; bg_override=&#8221;ex-full&#8221;][vc_column][vc_row_inner css=&#8221;.vc_custom_1587678670656{padding-top: 100px !important;padding-bottom: 180px !important;}&#8221;][vc_column_inner width=&#8221;1\/4&#8243;][vc_custom_heading text=&#8221;Ubicaci\u00f3n<br \/>\nA la altura Peaje Autonorte<br \/>\nVereda Fusca<br \/>\nCh\u00eda, Cundinamarca<br \/>\nColombia 250008&#8243; font_container=&#8221;tag:p|font_size:16px|text_align:left|color:%23000000|line_height:1.2&#8243; google_fonts=&#8221;font_family:Roboto%3A100%2C100italic%2C300%2C300italic%2Cregular%2Citalic%2C500%2C500italic%2C700%2C700italic%2C900%2C900italic|font_style:500%20bold%20regular%3A500%3Anormal&#8221;][\/vc_column_inner][vc_column_inner width=&#8221;1\/4&#8243;][vc_custom_heading text=&#8221;Cont\u00e1ctanos<br \/>\nadmisiones@rochesterapps.com\/rochestereduco<br \/>\nPBX: 749-6000 Ext. 2222 \u00f3 2200<br \/>\nCel: +57 (321)3714394&#8243; font_container=&#8221;tag:p|font_size:16px|text_align:left|color:%23000000|line_height:1.2&#8243; google_fonts=&#8221;font_family:Roboto%3A100%2C100italic%2C300%2C300italic%2Cregular%2Citalic%2C500%2C500italic%2C700%2C700italic%2C900%2C900italic|font_style:500%20bold%20regular%3A500%3Anormal&#8221;][\/vc_column_inner][vc_column_inner width=&#8221;1\/4&#8243;][\/vc_column_inner][vc_column_inner width=&#8221;1\/4&#8243;][vc_custom_heading text=&#8221;POL\u00cdTICAS ROCHESTER&#8221; font_container=&#8221;tag:p|font_size:15px|text_align:center|color:%23000000|line_height:20px&#8221; google_fonts=&#8221;font_family:Roboto%3A100%2C100italic%2C300%2C300italic%2Cregular%2Citalic%2C500%2C500italic%2C700%2C700italic%2C900%2C900italic|font_style:500%20bold%20regular%3A500%3Anormal&#8221; link=&#8221;url:https%3A%2F%2Frochesterapps.com\/rochestereduco%2Fpoliticas%2F|title:Pol%C3%ADticas%20Rochester|target:%20_blank|&#8221;]<div id=\"1590172847119-49ea5e5a-e9c2\" class=\"dt-sc-empty-space\"><\/div>[\/vc_column_inner][\/vc_row_inner][\/vc_column][\/vc_row]<\/p>\n","protected":false},"excerpt":{"rendered":"<p>[vc_row full_width=&#8221;stretch_row_content_no_spaces&#8221;][vc_column][\/vc_column][\/vc_row][vc_row css=&#8221;.vc_custom_1586828478701{padding-top: 50px !important;}&#8221;][vc_column][vc_row_inner][vc_column_inner width=&#8221;1\/3&#8243;][\/vc_column_inner][vc_column_inner width=&#8221;2\/3&#8243;][vc_custom_heading text=&#8221;Colegios bilingues Bogot\u00e1 norte&#8221; font_container=&#8221;tag:h1|font_size:15px|text_align:center|color:%23212c5d|line_height:20px&#8221; google_fonts=&#8221;font_family:Roboto%3A100%2C100italic%2C300%2C300italic%2Cregular%2Citalic%2C500%2C500italic%2C700%2C700italic%2C900%2C900italic|font_style:400%20regular%3A400%3Anormal&#8221; css=&#8221;.vc_custom_1627931665464{padding-top: 40px !important;}&#8221;][vc_custom_heading text=&#8221;Certificado por el instituto William Glasser International como un colegio basado en Teor\u00eda de la Elecci\u00f3n con relaciones c\u00e1lidas, confiables, cari\u00f1osas y colaborativas, enfocado en el desarrollo de habilidades totalmente competentes que los estudiantes perciben y vuelven \u00fatiles para [&hellip;]<\/p>\n","protected":false},"author":1,"featured_media":0,"parent":19916,"menu_order":0,"comment_status":"closed","ping_status":"closed","template":"","meta":[],"yoast_head":"<!-- This site is optimized with the Yoast SEO plugin v14.9 - https:\/\/yoast.com\/wordpress\/plugins\/seo\/ -->\n<title>Colegios bilingues bogot\u00e1 norte | Colegio privado en Ch\u00eda<\/title>\n<meta name=\"description\" content=\"Colegios bilingues bogot\u00e1 norte. Colegio mixto con mas de 60 a\u00f1os de trayectoria. 5 certificaciones y desarrollo integral.\" \/>\n<meta name=\"robots\" content=\"noindex, follow, max-snippet:-1, max-image-preview:large, max-video-preview:-1\" \/>\n<meta property=\"og:locale\" content=\"es_ES\" \/>\n<meta property=\"og:type\" content=\"article\" \/>\n<meta property=\"og:title\" content=\"Colegios bilingues bogot\u00e1 norte | Colegio privado en Ch\u00eda\" \/>\n<meta property=\"og:description\" content=\"Colegios bilingues bogot\u00e1 norte. Colegio mixto con mas de 60 a\u00f1os de trayectoria. 5 certificaciones y desarrollo integral.\" \/>\n<meta property=\"og:url\" content=\"https:\/\/rochesterapps.com\/rochestereduco\/diferenciador-rochester\/colegio-de-calidad-glasser\/\" \/>\n<meta property=\"og:site_name\" content=\"Colegio Biling\u00fce Rochester | Calendario B Bogot\u00e1 - Ch\u00eda mixto\" \/>\n<meta property=\"article:modified_time\" content=\"2022-04-27T13:07:14+00:00\" \/>\n<meta property=\"og:image\" content=\"https:\/\/ik.imagekit.io\/rochester59bucket\/Rochester_School\/Rochester_Web\/Colegio_de_Calidad_Glasser\/banner_header_glasser3-1024x329_BzarMz4hQ.jpeg?updatedAt=1627307730225\" \/>\n<meta name=\"twitter:card\" content=\"summary_large_image\" \/>\n<script type=\"application\/ld+json\" class=\"yoast-schema-graph\">{\"@context\":\"https:\/\/schema.org\",\"@graph\":[{\"@type\":\"Organization\",\"@id\":\"https:\/\/rochesterapps.com\/rochestereduco\/#organization\",\"name\":\"Colegio Rochester\",\"url\":\"https:\/\/rochesterapps.com\/rochestereduco\/\",\"sameAs\":[],\"logo\":{\"@type\":\"ImageObject\",\"@id\":\"https:\/\/rochesterapps.com\/rochestereduco\/#logo\",\"inLanguage\":\"es-CO\",\"url\":\"https:\/\/rochesterapps.com\/rochestereduco\/wp-content\/uploads\/2020\/04\/Logos-Rochester_espan\\u0303ol-02-2.png\",\"width\":331,\"height\":512,\"caption\":\"Colegio Rochester\"},\"image\":{\"@id\":\"https:\/\/rochesterapps.com\/rochestereduco\/#logo\"}},{\"@type\":\"WebSite\",\"@id\":\"https:\/\/rochesterapps.com\/rochestereduco\/#website\",\"url\":\"https:\/\/rochesterapps.com\/rochestereduco\/\",\"name\":\"Colegio Biling\\u00fce Rochester | Calendario B Bogot\\u00e1 - Ch\\u00eda mixto\",\"description\":\"Colegio biling\\u00fce en Bogot\\u00e1 y Ch\\u00eda calendario B, multiling\\u00fce, mixto con bases cat\\u00f3licas donde los estudiantes se desarrollan exitosamente en un ambiente escolar saludable, cort\\u00e9s y feliz. Nuestro prop\\u00f3sito es inspirar y educar estudiantes para que tomen control de sus vidas con el mundo en mente\",\"publisher\":{\"@id\":\"https:\/\/rochesterapps.com\/rochestereduco\/#organization\"},\"potentialAction\":[{\"@type\":\"SearchAction\",\"target\":\"https:\/\/rochesterapps.com\/rochestereduco\/?s={search_term_string}\",\"query-input\":\"required name=search_term_string\"}],\"inLanguage\":\"es-CO\"},{\"@type\":\"ImageObject\",\"@id\":\"https:\/\/rochesterapps.com\/rochestereduco\/diferenciador-rochester\/colegio-de-calidad-glasser\/#primaryimage\",\"inLanguage\":\"es-CO\",\"url\":\"https:\/\/ik.imagekit.io\/rochester59bucket\/Rochester_School\/Rochester_Web\/Colegio_de_Calidad_Glasser\/banner_header_glasser3-1024x329_BzarMz4hQ.jpeg?updatedAt=1627307730225\"},{\"@type\":\"WebPage\",\"@id\":\"https:\/\/rochesterapps.com\/rochestereduco\/diferenciador-rochester\/colegio-de-calidad-glasser\/#webpage\",\"url\":\"https:\/\/rochesterapps.com\/rochestereduco\/diferenciador-rochester\/colegio-de-calidad-glasser\/\",\"name\":\"Colegios bilingues bogot\\u00e1 norte | Colegio privado en Ch\\u00eda\",\"isPartOf\":{\"@id\":\"https:\/\/rochesterapps.com\/rochestereduco\/#website\"},\"primaryImageOfPage\":{\"@id\":\"https:\/\/rochesterapps.com\/rochestereduco\/diferenciador-rochester\/colegio-de-calidad-glasser\/#primaryimage\"},\"datePublished\":\"2020-04-08T15:19:12+00:00\",\"dateModified\":\"2022-04-27T13:07:14+00:00\",\"description\":\"Colegios bilingues bogot\\u00e1 norte. Colegio mixto con mas de 60 a\\u00f1os de trayectoria. 5 certificaciones y desarrollo integral.\",\"inLanguage\":\"es-CO\",\"potentialAction\":[{\"@type\":\"ReadAction\",\"target\":[\"https:\/\/rochesterapps.com\/rochestereduco\/diferenciador-rochester\/colegio-de-calidad-glasser\/\"]}]}]}<\/script>\n<!-- \/ Yoast SEO plugin. -->","_links":{"self":[{"href":"https:\/\/rochesterapps.com\/rochestereduco\/wp-json\/wp\/v2\/pages\/19950"}],"collection":[{"href":"https:\/\/rochesterapps.com\/rochestereduco\/wp-json\/wp\/v2\/pages"}],"about":[{"href":"https:\/\/rochesterapps.com\/rochestereduco\/wp-json\/wp\/v2\/types\/page"}],"author":[{"embeddable":true,"href":"https:\/\/rochesterapps.com\/rochestereduco\/wp-json\/wp\/v2\/users\/1"}],"replies":[{"embeddable":true,"href":"https:\/\/rochesterapps.com\/rochestereduco\/wp-json\/wp\/v2\/comments?post=19950"}],"version-history":[{"count":47,"href":"https:\/\/rochesterapps.com\/rochestereduco\/wp-json\/wp\/v2\/pages\/19950\/revisions"}],"predecessor-version":[{"id":26942,"href":"https:\/\/rochesterapps.com\/rochestereduco\/wp-json\/wp\/v2\/pages\/19950\/revisions\/26942"}],"up":[{"embeddable":true,"href":"https:\/\/rochesterapps.com\/rochestereduco\/wp-json\/wp\/v2\/pages\/19916"}],"wp:attachment":[{"href":"https:\/\/rochesterapps.com\/rochestereduco\/wp-json\/wp\/v2\/media?parent=19950"}],"curies":[{"name":"wp","href":"https:\/\/api.w.org\/{rel}","templated":true}]}}