{"id":19936,"date":"2020-04-08T10:14:56","date_gmt":"2020-04-08T15:14:56","guid":{"rendered":"https:\/\/rochesterapps.com\/rochestereduco?page_id=19936"},"modified":"2022-04-06T07:36:57","modified_gmt":"2022-04-06T12:36:57","slug":"desarrollo-de-virtudes","status":"publish","type":"page","link":"https:\/\/rochesterapps.com\/rochestereduco\/desarrollo-de-virtudes\/","title":{"rendered":"Desarrollo de Virtudes"},"content":{"rendered":"<p>[vc_row bg_type=&#8221;bg_color&#8221; bg_override=&#8221;ex-full&#8221; bg_color_value=&#8221;#e6e7e8&#8243; css=&#8221;.vc_custom_1587261247769{padding-top: 40px !important;}&#8221;][vc_column width=&#8221;2\/3&#8243;][vc_custom_heading text=&#8221;Colegios biling\u00fces en bogot\u00e1&#8221; font_container=&#8221;tag:h1|font_size:30px|text_align:justify|color:%23212c5d|line_height:30px&#8221; google_fonts=&#8221;font_family:Roboto%3A100%2C100italic%2C300%2C300italic%2Cregular%2Citalic%2C500%2C500italic%2C700%2C700italic%2C900%2C900italic|font_style:500%20bold%20regular%3A500%3Anormal&#8221; css=&#8221;.vc_custom_1645653785596{padding-top: 70px !important;}&#8221;][vc_custom_heading text=&#8221;La asignatura de Desarrollo de Virtudes se despliega a trav\u00e9s de siete ejes tem\u00e1ticos que contienen aprendizajes cognitivos, emocionales, sociales, corporales, est\u00e9ticos y espirituales. El objetivo es desarrollar car\u00e1cter y \u00e9tica en cada estudiante hacia los principios fundamentales del progreso humano.&#8221; font_container=&#8221;tag:p|font_size:22px|text_align:justify|color:%23212c5d|line_height:30px&#8221; google_fonts=&#8221;font_family:Roboto%3A100%2C100italic%2C300%2C300italic%2Cregular%2Citalic%2C500%2C500italic%2C700%2C700italic%2C900%2C900italic|font_style:500%20bold%20regular%3A500%3Anormal&#8221; css=&#8221;.vc_custom_1587261314900{padding-top: 70px !important;}&#8221;][\/vc_column][vc_column width=&#8221;1\/3&#8243;]<div class='dt-sc-image-caption type3  space-top-image-caption' data-delay='0'><div class='dt-sc-image-wrapper'><\/div><div class='dt-sc-image-content'><div class='dt-sc-image-title'><h3><\/h3><\/div><p><img src=\"https:\/\/ik.imagekit.io\/rochester59bucket\/Rochester_School\/Rochester_Web\/Sostenibilidad_Ambiental\/Virtudes_english_a_NNAn6WuL1.png?updatedAt=1626988522548\" alt=\"Colegios biling\u00fces en bogot\u00e1\" \/><\/p><\/div><\/div>[\/vc_column][\/vc_row][vc_row][vc_column css=&#8221;.vc_custom_1586786279079{padding-top: 30px !important;}&#8221;][vc_column_text]<\/p>\n<h2 style=\"color: #212c5d; text-align: center;\">Somos un colegio sostenible<\/h2>\n<div id=\"gtx-trans\" style=\"position: absolute; left: -6px; top: 42px;\">\n<div class=\"gtx-trans-icon\"><\/div>\n<\/div>\n<p>[\/vc_column_text]<div class='dt-sc-image-caption type7  ' data-delay='0'><div class='dt-sc-image-wrapper'><img width=\"750\" height=\"510\" src=\"https:\/\/rochesterapps.com\/rochestereduco\/wp-content\/uploads\/2020\/04\/Virtudes_b.jpg\" class=\"attachment-full\" alt=\"Salud Integral\" loading=\"lazy\" title=\"Salud Integral\" srcset=\"https:\/\/rochesterapps.com\/rochestereduco\/wp-content\/uploads\/2020\/04\/Virtudes_b.jpg 750w, https:\/\/rochesterapps.com\/rochestereduco\/wp-content\/uploads\/2020\/04\/Virtudes_b-300x204.jpg 300w, https:\/\/rochesterapps.com\/rochestereduco\/wp-content\/uploads\/2020\/04\/Virtudes_b-540x367.jpg 540w\" sizes=\"(max-width: 750px) 100vw, 750px\" \/><\/div><div class='dt-sc-image-content'><div class='dt-sc-image-title'><h3>SALUD INTEGRAL<\/h3><\/div><p><b>\u00a0<\/b><span style=\"font-weight: 400;\">Es la habilidad de mantener mi salud f\u00edsica, mental y espiritual (integral) sin privar de la misma oportunidad a las dem\u00e1s personas de mantener su propia salud integral.<\/span><\/p><\/div><\/div><div class='dt-sc-image-caption type7  left-content' data-delay='0'><div class='dt-sc-image-wrapper'><img width=\"750\" height=\"510\" src=\"https:\/\/rochesterapps.com\/rochestereduco\/wp-content\/uploads\/2020\/04\/Virtudes_a.jpg\" class=\"attachment-full\" alt=\"Ciudadano sistem\u00e1tico\" loading=\"lazy\" title=\"Ciudadano sistem\u00e1tico\" srcset=\"https:\/\/rochesterapps.com\/rochestereduco\/wp-content\/uploads\/2020\/04\/Virtudes_a.jpg 750w, https:\/\/rochesterapps.com\/rochestereduco\/wp-content\/uploads\/2020\/04\/Virtudes_a-300x204.jpg 300w, https:\/\/rochesterapps.com\/rochestereduco\/wp-content\/uploads\/2020\/04\/Virtudes_a-540x367.jpg 540w\" sizes=\"(max-width: 750px) 100vw, 750px\" \/><\/div><div class='dt-sc-image-content'><div class='dt-sc-image-title'><h3>CIUDADANO SIST\u00c9MICO<\/h3><\/div><p><span style=\"font-weight: 400;\">Significa ser los cambios que desea crear en el mundo a trav\u00e9s de la habilidad de comprender las complejidades de sistemas naturales y creadas por el hombre buscando el beneficio de una comunidad global. El ciudadano sist\u00e9mico es un ciudadano que conserva la biodiversidad y promueve el progreso humano sostenible.<\/span><\/p><\/div><\/div><div class='dt-sc-image-caption type7  ' data-delay='0'><div class='dt-sc-image-wrapper'><img width=\"750\" height=\"510\" src=\"https:\/\/rochesterapps.com\/rochestereduco\/wp-content\/uploads\/2020\/04\/Virtudes_g.jpg\" class=\"attachment-full\" alt=\"Amabilidad y servicio\" loading=\"lazy\" title=\"Amabilidad y servicio\" srcset=\"https:\/\/rochesterapps.com\/rochestereduco\/wp-content\/uploads\/2020\/04\/Virtudes_g.jpg 750w, https:\/\/rochesterapps.com\/rochestereduco\/wp-content\/uploads\/2020\/04\/Virtudes_g-300x204.jpg 300w, https:\/\/rochesterapps.com\/rochestereduco\/wp-content\/uploads\/2020\/04\/Virtudes_g-540x367.jpg 540w\" sizes=\"(max-width: 750px) 100vw, 750px\" \/><\/div><div class='dt-sc-image-content'><div class='dt-sc-image-title'><h3>AMABILIDAD Y SERVICIO<\/h3><\/div><p><span style=\"font-weight: 400;\">Es la habilidad de ayudar y cuidar a los dem\u00e1s sin esperar nada a cambio.<\/span><\/p><\/div><\/div><div class='dt-sc-image-caption type7  left-content' data-delay='0'><div class='dt-sc-image-wrapper'><img width=\"750\" height=\"510\" src=\"https:\/\/rochesterapps.com\/rochestereduco\/wp-content\/uploads\/2020\/04\/Virtudes_f.jpg\" class=\"attachment-full\" alt=\"Cooperaci\u00f3n y Colaboraci\u00f3n\" loading=\"lazy\" title=\"Cooperaci\u00f3n y Colaboraci\u00f3n\" srcset=\"https:\/\/rochesterapps.com\/rochestereduco\/wp-content\/uploads\/2020\/04\/Virtudes_f.jpg 750w, https:\/\/rochesterapps.com\/rochestereduco\/wp-content\/uploads\/2020\/04\/Virtudes_f-300x204.jpg 300w, https:\/\/rochesterapps.com\/rochestereduco\/wp-content\/uploads\/2020\/04\/Virtudes_f-540x367.jpg 540w\" sizes=\"(max-width: 750px) 100vw, 750px\" \/><\/div><div class='dt-sc-image-content'><div class='dt-sc-image-title'><h3>COOPERACI\u00d3N Y COLABORACI\u00d3N<\/h3><\/div><p><span style=\"font-weight: 400;\">Es la habilidad de co-crear e interactuar para que un grupo de personas logre metas comunes teniendo en cuenta la interdependencia positiva de los integrantes del grupo, la responsabilidad individual sobre lo estudiado, la interacci\u00f3n cara a cara entre los miembros, las habilidades para mantener la uni\u00f3n del equipo y el procedimiento grupal e individual peri\u00f3dico.<\/span><\/p><\/div><\/div><div class='dt-sc-image-caption type7  ' data-delay='0'><div class='dt-sc-image-wrapper'><img width=\"750\" height=\"510\" src=\"https:\/\/rochesterapps.com\/rochestereduco\/wp-content\/uploads\/2020\/04\/Virtudes_e.jpg\" class=\"attachment-full\" alt=\"Integridad\" loading=\"lazy\" title=\"Integridad\" srcset=\"https:\/\/rochesterapps.com\/rochestereduco\/wp-content\/uploads\/2020\/04\/Virtudes_e.jpg 750w, https:\/\/rochesterapps.com\/rochestereduco\/wp-content\/uploads\/2020\/04\/Virtudes_e-300x204.jpg 300w, https:\/\/rochesterapps.com\/rochestereduco\/wp-content\/uploads\/2020\/04\/Virtudes_e-540x367.jpg 540w\" sizes=\"(max-width: 750px) 100vw, 750px\" \/><\/div><div class='dt-sc-image-content'><div class='dt-sc-image-title'><h3>INTEGRIDAD<\/h3><\/div><p><span style=\"font-weight: 400;\">Es la habilidad de trabajar y comportarse de manera honesta y \u00e9tica dentro de los acuerdos y las normas sociales esperadas, con sentimientos de orgullo por el trabajo realizado.<\/span><\/p><\/div><\/div><div class='dt-sc-image-caption type7  left-content' data-delay='0'><div class='dt-sc-image-wrapper'><img width=\"750\" height=\"510\" src=\"https:\/\/rochesterapps.com\/rochestereduco\/wp-content\/uploads\/2020\/04\/Virtudes_c.jpg\" class=\"attachment-full\" alt=\"Autoevaluaci\u00f3n\" loading=\"lazy\" title=\"Autoevaluaci\u00f3n\" srcset=\"https:\/\/rochesterapps.com\/rochestereduco\/wp-content\/uploads\/2020\/04\/Virtudes_c.jpg 750w, https:\/\/rochesterapps.com\/rochestereduco\/wp-content\/uploads\/2020\/04\/Virtudes_c-300x204.jpg 300w, https:\/\/rochesterapps.com\/rochestereduco\/wp-content\/uploads\/2020\/04\/Virtudes_c-540x367.jpg 540w\" sizes=\"(max-width: 750px) 100vw, 750px\" \/><\/div><div class='dt-sc-image-content'><div class='dt-sc-image-title'><h3>AUTOEVALUACI\u00d3N PROFESIONAL<\/h3><\/div><p><span style=\"font-weight: 400;\">Es la habilidad de pensar reflexivamente sobre su proceso de pensamiento, expresi\u00f3n y acci\u00f3n con relaci\u00f3n a lo que la persona desea lograr, lo que otras personas desean que se logre y lo que el contexto espera, de acuerdo a las normas, acuerdos y la sostenibilidad ambiental y social.<\/span><\/p><\/div><\/div><div class='dt-sc-image-caption type7  ' data-delay='0'><div class='dt-sc-image-wrapper'><img width=\"750\" height=\"510\" src=\"https:\/\/rochesterapps.com\/rochestereduco\/wp-content\/uploads\/2020\/04\/Virtudes_d.jpg\" class=\"attachment-full\" alt=\"Liderazgo\" loading=\"lazy\" title=\"Liderazgo\" srcset=\"https:\/\/rochesterapps.com\/rochestereduco\/wp-content\/uploads\/2020\/04\/Virtudes_d.jpg 750w, https:\/\/rochesterapps.com\/rochestereduco\/wp-content\/uploads\/2020\/04\/Virtudes_d-300x204.jpg 300w, https:\/\/rochesterapps.com\/rochestereduco\/wp-content\/uploads\/2020\/04\/Virtudes_d-540x367.jpg 540w\" sizes=\"(max-width: 750px) 100vw, 750px\" \/><\/div><div class='dt-sc-image-content'><div class='dt-sc-image-title'><h3>LIDERAZGO<\/h3><\/div><p><span style=\"font-weight: 400;\">Es la habilidad de crear futuros deseados propios o de un grupo de personas sin ser ni permisivo ni autoritario.<\/span><\/p><\/div><\/div>[\/vc_column][\/vc_row][vc_row bg_type=&#8221;image&#8221; parallax_style=&#8221;vcpb-default&#8221; bg_image_new=&#8221;id^21479|url^https:\/\/rochesterapps.com\/rochestereduco\/wp-content\/uploads\/2020\/04\/footer45.png|caption^null|alt^null|title^footer45|description^null&#8221; bg_override=&#8221;ex-full&#8221;][vc_column][vc_row_inner css=&#8221;.vc_custom_1587678670656{padding-top: 100px !important;padding-bottom: 180px !important;}&#8221;][vc_column_inner width=&#8221;1\/4&#8243;][vc_custom_heading text=&#8221;Ubicaci\u00f3n<br \/>\nA la altura Peaje Autonorte<br \/>\nVereda Fusca<br \/>\nCh\u00eda, Cundinamarca<br \/>\nColombia 250008&#8243; font_container=&#8221;tag:p|font_size:16px|text_align:left|color:%23000000|line_height:1.2&#8243; google_fonts=&#8221;font_family:Roboto%3A100%2C100italic%2C300%2C300italic%2Cregular%2Citalic%2C500%2C500italic%2C700%2C700italic%2C900%2C900italic|font_style:500%20bold%20regular%3A500%3Anormal&#8221;][\/vc_column_inner][vc_column_inner width=&#8221;1\/4&#8243;][vc_custom_heading text=&#8221;Cont\u00e1ctanos<br \/>\nadmisiones@rochesterapps.com\/rochestereduco<br \/>\nPBX: 749-6000 Ext. 2222 \u00f3 2200<br \/>\nCel: +57 (321)3714394&#8243; font_container=&#8221;tag:p|font_size:16px|text_align:left|color:%23000000|line_height:1.2&#8243; google_fonts=&#8221;font_family:Roboto%3A100%2C100italic%2C300%2C300italic%2Cregular%2Citalic%2C500%2C500italic%2C700%2C700italic%2C900%2C900italic|font_style:500%20bold%20regular%3A500%3Anormal&#8221;][\/vc_column_inner][vc_column_inner width=&#8221;1\/4&#8243;][\/vc_column_inner][vc_column_inner width=&#8221;1\/4&#8243;][vc_custom_heading text=&#8221;POL\u00cdTICAS ROCHESTER&#8221; font_container=&#8221;tag:p|font_size:15px|text_align:center|color:%23000000|line_height:20px&#8221; google_fonts=&#8221;font_family:Roboto%3A100%2C100italic%2C300%2C300italic%2Cregular%2Citalic%2C500%2C500italic%2C700%2C700italic%2C900%2C900italic|font_style:500%20bold%20regular%3A500%3Anormal&#8221; link=&#8221;url:https%3A%2F%2Frochesterapps.com\/rochestereduco%2Fpoliticas%2F|title:Pol%C3%ADticas%20Rochester|target:%20_blank|&#8221;]<div id=\"1590172847119-49ea5e5a-e9c2\" class=\"dt-sc-empty-space\"><\/div>[\/vc_column_inner][\/vc_row_inner][\/vc_column][\/vc_row]<\/p>\n","protected":false},"excerpt":{"rendered":"<p>[vc_row bg_type=&#8221;bg_color&#8221; bg_override=&#8221;ex-full&#8221; bg_color_value=&#8221;#e6e7e8&#8243; css=&#8221;.vc_custom_1587261247769{padding-top: 40px !important;}&#8221;][vc_column width=&#8221;2\/3&#8243;][vc_custom_heading text=&#8221;Colegios biling\u00fces en bogot\u00e1&#8221; font_container=&#8221;tag:h1|font_size:30px|text_align:justify|color:%23212c5d|line_height:30px&#8221; google_fonts=&#8221;font_family:Roboto%3A100%2C100italic%2C300%2C300italic%2Cregular%2Citalic%2C500%2C500italic%2C700%2C700italic%2C900%2C900italic|font_style:500%20bold%20regular%3A500%3Anormal&#8221; css=&#8221;.vc_custom_1645653785596{padding-top: 70px !important;}&#8221;][vc_custom_heading text=&#8221;La asignatura de Desarrollo de Virtudes se despliega a trav\u00e9s de siete ejes tem\u00e1ticos que contienen aprendizajes cognitivos, emocionales, sociales, corporales, est\u00e9ticos y espirituales. El objetivo es desarrollar car\u00e1cter y \u00e9tica en cada estudiante hacia los principios fundamentales [&hellip;]<\/p>\n","protected":false},"author":1,"featured_media":0,"parent":0,"menu_order":0,"comment_status":"closed","ping_status":"closed","template":"","meta":[],"yoast_head":"<!-- This site is optimized with the Yoast SEO plugin v14.9 - https:\/\/yoast.com\/wordpress\/plugins\/seo\/ -->\n<title>Colegios biling\u00fces en bogot\u00e1 | Colegio Rochester 4 certificaciones<\/title>\n<meta name=\"description\" content=\"Colegios biling\u00fces en bogot\u00e1. Contamos con 60 a\u00f1os de trayectoria, los estudiantes aprender\u00e1n 4 idiomas, cuenta con sostenibilidad ambiental.\" \/>\n<meta name=\"robots\" content=\"noindex, follow, max-snippet:-1, max-image-preview:large, max-video-preview:-1\" \/>\n<meta property=\"og:locale\" content=\"es_ES\" \/>\n<meta property=\"og:type\" content=\"article\" \/>\n<meta property=\"og:title\" content=\"Colegios biling\u00fces en bogot\u00e1 | Colegio Rochester 4 certificaciones\" \/>\n<meta property=\"og:description\" content=\"Colegios biling\u00fces en bogot\u00e1. Contamos con 60 a\u00f1os de trayectoria, los estudiantes aprender\u00e1n 4 idiomas, cuenta con sostenibilidad ambiental.\" \/>\n<meta property=\"og:url\" content=\"https:\/\/rochesterapps.com\/rochestereduco\/desarrollo-de-virtudes\/\" \/>\n<meta property=\"og:site_name\" content=\"Colegio Biling\u00fce Rochester | Calendario B Bogot\u00e1 - Ch\u00eda mixto\" \/>\n<meta property=\"article:modified_time\" content=\"2022-04-06T12:36:57+00:00\" \/>\n<meta property=\"og:image\" content=\"https:\/\/ik.imagekit.io\/rochester59bucket\/Rochester_School\/Rochester_Web\/Sostenibilidad_Ambiental\/Virtudes_english_a_NNAn6WuL1.png?updatedAt=1626988522548\" \/>\n<meta name=\"twitter:card\" content=\"summary_large_image\" \/>\n<script type=\"application\/ld+json\" class=\"yoast-schema-graph\">{\"@context\":\"https:\/\/schema.org\",\"@graph\":[{\"@type\":\"Organization\",\"@id\":\"https:\/\/rochesterapps.com\/rochestereduco\/#organization\",\"name\":\"Colegio Rochester\",\"url\":\"https:\/\/rochesterapps.com\/rochestereduco\/\",\"sameAs\":[],\"logo\":{\"@type\":\"ImageObject\",\"@id\":\"https:\/\/rochesterapps.com\/rochestereduco\/#logo\",\"inLanguage\":\"es-CO\",\"url\":\"https:\/\/rochesterapps.com\/rochestereduco\/wp-content\/uploads\/2020\/04\/Logos-Rochester_espan\\u0303ol-02-2.png\",\"width\":331,\"height\":512,\"caption\":\"Colegio Rochester\"},\"image\":{\"@id\":\"https:\/\/rochesterapps.com\/rochestereduco\/#logo\"}},{\"@type\":\"WebSite\",\"@id\":\"https:\/\/rochesterapps.com\/rochestereduco\/#website\",\"url\":\"https:\/\/rochesterapps.com\/rochestereduco\/\",\"name\":\"Colegio Biling\\u00fce Rochester | Calendario B Bogot\\u00e1 - Ch\\u00eda mixto\",\"description\":\"Colegio biling\\u00fce en Bogot\\u00e1 y Ch\\u00eda calendario B, multiling\\u00fce, mixto con bases cat\\u00f3licas donde los estudiantes se desarrollan exitosamente en un ambiente escolar saludable, cort\\u00e9s y feliz. Nuestro prop\\u00f3sito es inspirar y educar estudiantes para que tomen control de sus vidas con el mundo en mente\",\"publisher\":{\"@id\":\"https:\/\/rochesterapps.com\/rochestereduco\/#organization\"},\"potentialAction\":[{\"@type\":\"SearchAction\",\"target\":\"https:\/\/rochesterapps.com\/rochestereduco\/?s={search_term_string}\",\"query-input\":\"required name=search_term_string\"}],\"inLanguage\":\"es-CO\"},{\"@type\":\"ImageObject\",\"@id\":\"https:\/\/rochesterapps.com\/rochestereduco\/desarrollo-de-virtudes\/#primaryimage\",\"inLanguage\":\"es-CO\",\"url\":\"https:\/\/ik.imagekit.io\/rochester59bucket\/Rochester_School\/Rochester_Web\/Sostenibilidad_Ambiental\/Virtudes_english_a_NNAn6WuL1.png?updatedAt=1626988522548\"},{\"@type\":\"WebPage\",\"@id\":\"https:\/\/rochesterapps.com\/rochestereduco\/desarrollo-de-virtudes\/#webpage\",\"url\":\"https:\/\/rochesterapps.com\/rochestereduco\/desarrollo-de-virtudes\/\",\"name\":\"Colegios biling\\u00fces en bogot\\u00e1 | Colegio Rochester 4 certificaciones\",\"isPartOf\":{\"@id\":\"https:\/\/rochesterapps.com\/rochestereduco\/#website\"},\"primaryImageOfPage\":{\"@id\":\"https:\/\/rochesterapps.com\/rochestereduco\/desarrollo-de-virtudes\/#primaryimage\"},\"datePublished\":\"2020-04-08T15:14:56+00:00\",\"dateModified\":\"2022-04-06T12:36:57+00:00\",\"description\":\"Colegios biling\\u00fces en bogot\\u00e1. Contamos con 60 a\\u00f1os de trayectoria, los estudiantes aprender\\u00e1n 4 idiomas, cuenta con sostenibilidad ambiental.\",\"inLanguage\":\"es-CO\",\"potentialAction\":[{\"@type\":\"ReadAction\",\"target\":[\"https:\/\/rochesterapps.com\/rochestereduco\/desarrollo-de-virtudes\/\"]}]}]}<\/script>\n<!-- \/ Yoast SEO plugin. -->","_links":{"self":[{"href":"https:\/\/rochesterapps.com\/rochestereduco\/wp-json\/wp\/v2\/pages\/19936"}],"collection":[{"href":"https:\/\/rochesterapps.com\/rochestereduco\/wp-json\/wp\/v2\/pages"}],"about":[{"href":"https:\/\/rochesterapps.com\/rochestereduco\/wp-json\/wp\/v2\/types\/page"}],"author":[{"embeddable":true,"href":"https:\/\/rochesterapps.com\/rochestereduco\/wp-json\/wp\/v2\/users\/1"}],"replies":[{"embeddable":true,"href":"https:\/\/rochesterapps.com\/rochestereduco\/wp-json\/wp\/v2\/comments?post=19936"}],"version-history":[{"count":26,"href":"https:\/\/rochesterapps.com\/rochestereduco\/wp-json\/wp\/v2\/pages\/19936\/revisions"}],"predecessor-version":[{"id":23857,"href":"https:\/\/rochesterapps.com\/rochestereduco\/wp-json\/wp\/v2\/pages\/19936\/revisions\/23857"}],"wp:attachment":[{"href":"https:\/\/rochesterapps.com\/rochestereduco\/wp-json\/wp\/v2\/media?parent=19936"}],"curies":[{"name":"wp","href":"https:\/\/api.w.org\/{rel}","templated":true}]}}